{"id":100005787,"date":"2025-12-11T15:39:11","date_gmt":"2025-12-11T12:39:11","guid":{"rendered":"https:\/\/gembapartner.com\/?page_id=100005787"},"modified":"2025-12-11T15:41:41","modified_gmt":"2025-12-11T12:41:41","slug":"kullanim-sozlesmesi","status":"publish","type":"page","link":"https:\/\/gembapartner.com\/de\/kullanim-sozlesmesi\/","title":{"rendered":"Nutzungsvereinbarung"},"content":{"rendered":"<div data-elementor-type=\"wp-page\" data-elementor-id=\"100005787\" class=\"elementor elementor-100005787\" data-elementor-post-type=\"page\">\n\t\t\t\t<div class=\"elementor-element elementor-element-8ed3339 e-con-full e-flex rael-particle-no e-con e-parent\" data-id=\"8ed3339\" data-element_type=\"container\" data-settings=\"{&quot;background_background&quot;:&quot;classic&quot;}\">\n\t\t\t\t<div class=\"elementor-element elementor-element-655b298 elementor-widget elementor-widget-heading\" data-id=\"655b298\" data-element_type=\"widget\" data-widget_type=\"heading.default\">\n\t\t\t\t<div class=\"elementor-widget-container\">\n\t\t\t\t\t<h2 class=\"elementor-heading-title elementor-size-default\">Nutzungsvereinbarung<\/h2>\t\t\t\t<\/div>\n\t\t\t\t<\/div>\n\t\t\t\t<div class=\"elementor-element elementor-element-0e27b1c elementor-widget elementor-widget-hfe-breadcrumbs-widget\" data-id=\"0e27b1c\" data-element_type=\"widget\" data-widget_type=\"hfe-breadcrumbs-widget.default\">\n\t\t\t\t<div class=\"elementor-widget-container\">\n\t\t\t\t\t<nav aria-label=\"Breadcrumb\"><ul class=\"hfe-breadcrumbs hfe-breadcrumbs-show-home\"><li class=\"hfe-breadcrumbs-item hfe-breadcrumbs-first\"><span class=\"hfe-breadcrumbs-home-icon\"><svg aria-hidden=\"true\" class=\"e-font-icon-svg e-fas-home\" viewbox=\"0 0 576 512\" xmlns=\"http:\/\/www.w3.org\/2000\/svg\"><path d=\"M280.37 148.26L96 300.11V464a16 16 0 0 0 16 16l112.06-.29a16 16 0 0 0 15.92-16V368a16 16 0 0 1 16-16h64a16 16 0 0 1 16 16v95.64a16 16 0 0 0 16 16.05L464 480a16 16 0 0 0 16-16V300L295.67 148.26a12.19 12.19 0 0 0-15.3 0zM571.6 251.47L488 182.56V44.05a12 12 0 0 0-12-12h-56a12 12 0 0 0-12 12v72.61L318.47 43a48 48 0 0 0-61 0L4.34 251.47a12 12 0 0 0-1.6 16.9l25.5 31A12 12 0 0 0 45.15 301l235.22-193.74a12.19 12.19 0 0 1 15.3 0L530.9 301a12 12 0 0 0 16.9-1.6l25.5-31a12 12 0 0 0-1.7-16.93z\"><\/path><\/svg><\/span><a href=\"https:\/\/gembapartner.com\/de\"><span class=\"hfe-breadcrumbs-text\">Anasayfa<\/span><\/a><\/li><\/ul><\/nav>\t\t\t\t<\/div>\n\t\t\t\t<\/div>\n\t\t\t\t<\/div>\n\t\t<div class=\"elementor-element elementor-element-9ce15b2 e-flex e-con-boxed rael-particle-no e-con e-parent\" data-id=\"9ce15b2\" data-element_type=\"container\">\n\t\t\t\t\t<div class=\"e-con-inner\">\n\t\t\t\t<div class=\"elementor-element elementor-element-b822844 elementor-widget elementor-widget-text-editor\" data-id=\"b822844\" data-element_type=\"widget\" data-widget_type=\"text-editor.default\">\n\t\t\t\t<div class=\"elementor-widget-container\">\n\t\t\t\t\t\t\t\t\t<h1 data-start=\"284\" data-end=\"325\"><strong data-start=\"286\" data-end=\"325\">Kullan\u0131m S\u00f6zle\u015fmesi \u2013 Gemba Partner<\/strong><\/h1><p data-start=\"327\" data-end=\"522\">gembapartner.com adresini ziyaret eden ve kullanan t\u00fcm kullan\u0131c\u0131lar, a\u015fa\u011f\u0131daki kullan\u0131m \u015fartlar\u0131n\u0131 kabul etmi\u015f say\u0131lmaktad\u0131r. L\u00fctfen web sitemizi kullanmadan \u00f6nce bu s\u00f6zle\u015fmeyi dikkatle okuyunuz.<\/p><hr data-start=\"524\" data-end=\"527\" \/><h2 data-start=\"529\" data-end=\"547\"><strong data-start=\"532\" data-end=\"547\">1. Taraflar<\/strong><\/h2><p data-start=\"548\" data-end=\"560\">Bu s\u00f6zle\u015fme;<\/p><p data-start=\"562\" data-end=\"726\"><strong data-start=\"562\" data-end=\"579\">Gemba-Partner<\/strong> (bundan sonra \u201c\u015eirket\u201d olarak an\u0131lacakt\u0131r) ile<br data-start=\"626\" data-end=\"629\" \/><strong data-start=\"629\" data-end=\"649\">gembapartner.com<\/strong> ziyaret\u00e7ileri ve kullan\u0131c\u0131lar\u0131 (bundan sonra \u201cKullan\u0131c\u0131\u201d olarak an\u0131lacakt\u0131r)<\/p><p data-start=\"728\" data-end=\"749\">aras\u0131nda kurulmu\u015ftur.<\/p><hr data-start=\"751\" data-end=\"754\" \/><h2 data-start=\"756\" data-end=\"784\"><strong data-start=\"759\" data-end=\"784\">2. S\u00f6zle\u015fmenin Konusu<\/strong><\/h2><p data-start=\"785\" data-end=\"945\">Bu s\u00f6zle\u015fme, Kullan\u0131c\u0131\u2019n\u0131n gembapartner.com \u00fczerinde yer alan t\u00fcm i\u00e7erikleri, hizmetleri, formlar\u0131 ve dijital kaynaklar\u0131 kullan\u0131m\u0131na ili\u015fkin ko\u015fullar\u0131 d\u00fczenler.<\/p><hr data-start=\"947\" data-end=\"950\" \/><h2 data-start=\"952\" data-end=\"984\"><strong data-start=\"955\" data-end=\"984\">3. Site Kullan\u0131m \u015eartlar\u0131<\/strong><\/h2><p data-start=\"985\" data-end=\"995\">Kullan\u0131c\u0131;<\/p><ul data-start=\"997\" data-end=\"1244\"><li data-start=\"997\" data-end=\"1056\"><p data-start=\"999\" data-end=\"1056\">Siteyi yaln\u0131zca <strong data-start=\"1015\" data-end=\"1031\">hukuka uygun<\/strong> \u015fekilde kullanaca\u011f\u0131n\u0131,<\/p><\/li><li data-start=\"1057\" data-end=\"1106\"><p data-start=\"1059\" data-end=\"1106\">Ba\u015fkalar\u0131n\u0131n haklar\u0131na m\u00fcdahale etmeyece\u011fini,<\/p><\/li><li data-start=\"1107\" data-end=\"1163\"><p data-start=\"1109\" data-end=\"1163\">Yanl\u0131\u015f, yan\u0131lt\u0131c\u0131 veya sahte bilgi payla\u015fmayaca\u011f\u0131n\u0131,<\/p><\/li><li data-start=\"1164\" data-end=\"1244\"><p data-start=\"1166\" data-end=\"1244\">Zararl\u0131 yaz\u0131l\u0131m, bot, spam veya benzeri teknik m\u00fcdahalelerde bulunmayaca\u011f\u0131n\u0131<\/p><\/li><\/ul><p data-start=\"1246\" data-end=\"1268\">kabul ve taahh\u00fct eder.<\/p><p data-start=\"1270\" data-end=\"1422\">Gemba Partner, bu kurallara ayk\u0131r\u0131 kullan\u0131m tespit edildi\u011finde eri\u015fimi engelleme veya gerekli g\u00f6rd\u00fc\u011f\u00fc durumda hukuki s\u00fcre\u00e7 ba\u015flatma hakk\u0131n\u0131 sakl\u0131 tutar.<\/p><hr data-start=\"1424\" data-end=\"1427\" \/><h2 data-start=\"1429\" data-end=\"1467\"><strong data-start=\"1432\" data-end=\"1467\">4. Sunulan Bilgilerin Do\u011frulu\u011fu<\/strong><\/h2><p data-start=\"1468\" data-end=\"1737\">Gemba Partner, sitede yer alan hizmet a\u00e7\u0131klamalar\u0131n\u0131 ve i\u00e7erikleri g\u00fcncel tutmak i\u00e7in \u00e7aba g\u00f6sterse de <strong data-start=\"1571\" data-end=\"1621\">bilgilerin do\u011frulu\u011funu her zaman garanti etmez<\/strong>.<br data-start=\"1622\" data-end=\"1625\" \/>Kullan\u0131c\u0131, sitede bulunan i\u00e7eriklere dayanarak ald\u0131\u011f\u0131 kararlar\u0131n sorumlulu\u011funu kendisinin ta\u015f\u0131d\u0131\u011f\u0131n\u0131 kabul eder.<\/p><hr data-start=\"1739\" data-end=\"1742\" \/><h2 data-start=\"1744\" data-end=\"1776\"><strong data-start=\"1747\" data-end=\"1776\">5. Fikri M\u00fclkiyet Haklar\u0131<\/strong><\/h2><p data-start=\"1777\" data-end=\"1811\">gembapartner.com \u00fczerinde bulunan:<\/p><ul data-start=\"1813\" data-end=\"1954\"><li data-start=\"1813\" data-end=\"1825\"><p data-start=\"1815\" data-end=\"1825\">Metinler<\/p><\/li><li data-start=\"1826\" data-end=\"1839\"><p data-start=\"1828\" data-end=\"1839\">Grafikler<\/p><\/li><li data-start=\"1840\" data-end=\"1851\"><p data-start=\"1842\" data-end=\"1851\">Logolar<\/p><\/li><li data-start=\"1852\" data-end=\"1866\"><p data-start=\"1854\" data-end=\"1866\">Tasar\u0131mlar<\/p><\/li><li data-start=\"1867\" data-end=\"1883\"><p data-start=\"1869\" data-end=\"1883\">Sayfa d\u00fczeni<\/p><\/li><li data-start=\"1884\" data-end=\"1907\"><p data-start=\"1886\" data-end=\"1907\">\u0130\u00e7erik ve g\u00f6rseller<\/p><\/li><li data-start=\"1908\" data-end=\"1954\"><p data-start=\"1910\" data-end=\"1954\">Marka ve hizmet sunumuna dair t\u00fcm unsurlar<\/p><\/li><\/ul><p data-start=\"1956\" data-end=\"2078\"><strong data-start=\"1956\" data-end=\"1982\">Gemba Partner\u2019e aittir<\/strong> und <strong data-start=\"1986\" data-end=\"2078\">izinsiz \u015fekilde kopyalanamaz, \u00e7o\u011falt\u0131lamaz, da\u011f\u0131t\u0131lamaz veya ticari ama\u00e7la kullan\u0131lamaz.<\/strong><\/p><p data-start=\"2080\" data-end=\"2120\">Bu haklar\u0131n ihlali hukuki sonu\u00e7 do\u011furur.<\/p><hr data-start=\"2122\" data-end=\"2125\" \/><h2 data-start=\"2127\" data-end=\"2162\"><strong data-start=\"2130\" data-end=\"2162\">6. \u00dc\u00e7\u00fcnc\u00fc Taraf Ba\u011flant\u0131lar\u0131<\/strong><\/h2><p data-start=\"2163\" data-end=\"2325\">Sitemizde \u00fc\u00e7\u00fcnc\u00fc taraf web sitelerine y\u00f6nlendiren ba\u011flant\u0131lar bulunabilir.<br data-start=\"2237\" data-end=\"2240\" \/>Bu sitelerin i\u00e7eriklerinden veya politikalar\u0131ndan <strong data-start=\"2290\" data-end=\"2324\">Gemba Partner sorumlu de\u011fildir<\/strong>.<\/p><p data-start=\"2327\" data-end=\"2394\">Kullan\u0131c\u0131, \u00fc\u00e7\u00fcnc\u00fc taraf siteleri kendi sorumlulu\u011funda ziyaret eder.<\/p><hr data-start=\"2396\" data-end=\"2399\" \/><h2 data-start=\"2401\" data-end=\"2441\"><strong data-start=\"2404\" data-end=\"2441\">7. Sorumlulu\u011fun S\u0131n\u0131rland\u0131r\u0131lmas\u0131<\/strong><\/h2><p data-start=\"2442\" data-end=\"2456\">Gemba Partner;<\/p><ul data-start=\"2458\" data-end=\"2634\"><li data-start=\"2458\" data-end=\"2531\"><p data-start=\"2460\" data-end=\"2531\">Site kullan\u0131m\u0131ndan do\u011fabilecek <strong data-start=\"2491\" data-end=\"2528\">do\u011frudan veya dolayl\u0131 zararlardan<\/strong>,<\/p><\/li><li data-start=\"2532\" data-end=\"2558\"><p data-start=\"2534\" data-end=\"2558\">Teknik aksakl\u0131klardan,<\/p><\/li><li data-start=\"2559\" data-end=\"2586\"><p data-start=\"2561\" data-end=\"2586\">Sunucu kesintilerinden,<\/p><\/li><li data-start=\"2587\" data-end=\"2610\"><p data-start=\"2589\" data-end=\"2610\">Veri kay\u0131plar\u0131ndan,<\/p><\/li><li data-start=\"2611\" data-end=\"2634\"><p data-start=\"2613\" data-end=\"2634\">Sistem hatalar\u0131ndan<\/p><\/li><\/ul><p data-start=\"2636\" data-end=\"2654\">sorumlu tutulamaz.<\/p><p data-start=\"2656\" data-end=\"2711\">Kullan\u0131c\u0131 siteyi <em data-start=\"2673\" data-end=\"2688\">\u201coldu\u011fu gibi\u201d<\/em> kullanmay\u0131 kabul eder.<\/p><hr data-start=\"2713\" data-end=\"2716\" \/><h2 data-start=\"2718\" data-end=\"2751\"><strong data-start=\"2721\" data-end=\"2751\">8. Kay\u0131t ve Form Kullan\u0131m\u0131<\/strong><\/h2><p data-start=\"2752\" data-end=\"2825\">Kullan\u0131c\u0131, sitedeki ileti\u015fim ve teklif formlar\u0131nda payla\u015ft\u0131\u011f\u0131 bilgilerin:<\/p><ul data-start=\"2827\" data-end=\"2865\"><li data-start=\"2827\" data-end=\"2836\"><p data-start=\"2829\" data-end=\"2836\">Do\u011fru<\/p><\/li><li data-start=\"2837\" data-end=\"2847\"><p data-start=\"2839\" data-end=\"2847\">G\u00fcncel<\/p><\/li><li data-start=\"2848\" data-end=\"2865\"><p data-start=\"2850\" data-end=\"2865\">Kendisine ait<\/p><\/li><\/ul><p data-start=\"2867\" data-end=\"2972\">oldu\u011funu taahh\u00fct eder. Yanl\u0131\u015f bilgi payla\u015f\u0131lmas\u0131 durumunda do\u011fabilecek t\u00fcm sorumluluk kullan\u0131c\u0131ya aittir.<\/p><hr data-start=\"2974\" data-end=\"2977\" \/><h2 data-start=\"2979\" data-end=\"3012\"><strong data-start=\"2982\" data-end=\"3012\">9. Gizlilik ve Veri Koruma<\/strong><\/h2><p data-start=\"3013\" data-end=\"3229\">Kullan\u0131c\u0131 taraf\u0131ndan sa\u011flanan ki\u015fisel veriler, <strong data-start=\"3060\" data-end=\"3083\">Gizlilik Politikas\u0131<\/strong> und <strong data-start=\"3087\" data-end=\"3112\">KVKK Ayd\u0131nlatma Metni<\/strong> \u00e7er\u00e7evesinde i\u015flenir.<br data-start=\"3134\" data-end=\"3137\" \/>Siteyi kullanan her kullan\u0131c\u0131, bu metinleri okudu\u011funu ve kabul etti\u011fini beyan etmi\u015f say\u0131l\u0131r.<\/p><hr data-start=\"3231\" data-end=\"3234\" \/><h2 data-start=\"3236\" data-end=\"3273\"><strong data-start=\"3239\" data-end=\"3273\">10. S\u00f6zle\u015fmenin De\u011fi\u015ftirilmesi<\/strong><\/h2><p data-start=\"3274\" data-end=\"3439\">Gemba Partner, kullan\u0131m s\u00f6zle\u015fmesini <strong data-start=\"3311\" data-end=\"3372\">her zaman tek tarafl\u0131 olarak g\u00fcncelleme hakk\u0131na sahiptir.<\/strong><br data-start=\"3372\" data-end=\"3375\" \/>G\u00fcncellenen metin, yay\u0131na al\u0131nd\u0131\u011f\u0131 tarihten itibaren ge\u00e7erlidir.<\/p><hr data-start=\"3441\" data-end=\"3444\" \/><h2 data-start=\"3446\" data-end=\"3474\"><strong data-start=\"3449\" data-end=\"3474\">11. Uyu\u015fmazl\u0131k \u00c7\u00f6z\u00fcm\u00fc<\/strong><\/h2><p data-start=\"3475\" data-end=\"3532\">\u0130\u015fbu kullan\u0131m s\u00f6zle\u015fmesinden do\u011fabilecek uyu\u015fmazl\u0131klarda:<\/p><ul data-start=\"3534\" data-end=\"3625\"><li data-start=\"3534\" data-end=\"3564\"><p data-start=\"3536\" data-end=\"3564\"><strong data-start=\"3536\" data-end=\"3551\">T\u00fcrk Hukuku<\/strong> uygulan\u0131r.<\/p><\/li><li data-start=\"3565\" data-end=\"3625\"><p data-start=\"3567\" data-end=\"3625\">\u0130stanbul Anadolu Mahkemeleri ve \u0130cra Daireleri yetkilidir.<\/p><\/li><\/ul><hr data-start=\"3627\" data-end=\"3630\" \/><h2 data-start=\"3632\" data-end=\"3651\"><strong data-start=\"3635\" data-end=\"3651\">12. \u0130leti\u015fim<\/strong><\/h2><p data-start=\"3652\" data-end=\"3703\">Bu s\u00f6zle\u015fmeyle ilgili t\u00fcm talepler ve sorular i\u00e7in:<\/p><p data-start=\"3705\" data-end=\"3773\"><strong data-start=\"3705\" data-end=\"3722\">Gemba-Partner<\/strong><br data-start=\"3722\" data-end=\"3725\" \/>\ud83c\udf10 gembapartner.com<br data-start=\"3744\" data-end=\"3747\" \/>\ud83d\udce9 <a class=\"decorated-link cursor-pointer\" rel=\"noopener\" data-start=\"3750\" data-end=\"3771\">info@gembapartner.com<\/a><\/p>\t\t\t\t\t\t\t\t<\/div>\n\t\t\t\t<\/div>\n\t\t\t\t\t<\/div>\n\t\t\t\t<\/div>\n\t\t\t\t<\/div>","protected":false},"excerpt":{"rendered":"<p>Kullan\u0131m S\u00f6zle\u015fmesi Anasayfa Kullan\u0131m S\u00f6zle\u015fmesi \u2013 Gemba Partner gembapartner.com adresini ziyaret eden ve kullanan t\u00fcm kullan\u0131c\u0131lar, a\u015fa\u011f\u0131daki kullan\u0131m \u015fartlar\u0131n\u0131 kabul etmi\u015f say\u0131lmaktad\u0131r. L\u00fctfen web sitemizi kullanmadan \u00f6nce bu s\u00f6zle\u015fmeyi dikkatle okuyunuz. 1. Taraflar Bu s\u00f6zle\u015fme; Gemba Partner (bundan sonra \u201c\u015eirket\u201d olarak an\u0131lacakt\u0131r) ilegembapartner.com ziyaret\u00e7ileri ve kullan\u0131c\u0131lar\u0131 (bundan sonra \u201cKullan\u0131c\u0131\u201d olarak an\u0131lacakt\u0131r) aras\u0131nda kurulmu\u015ftur. 2. S\u00f6zle\u015fmenin&#8230;<\/p>","protected":false},"author":2,"featured_media":0,"parent":0,"menu_order":0,"comment_status":"closed","ping_status":"closed","template":"elementor_header_footer","meta":{"_seopress_robots_primary_cat":"","_seopress_titles_title":"","_seopress_titles_desc":"","_seopress_robots_index":"","footnotes":""},"class_list":["post-100005787","page","type-page","status-publish"],"_links":{"self":[{"href":"https:\/\/gembapartner.com\/de\/wp-json\/wp\/v2\/pages\/100005787","targetHints":{"allow":["GET"]}}],"collection":[{"href":"https:\/\/gembapartner.com\/de\/wp-json\/wp\/v2\/pages"}],"about":[{"href":"https:\/\/gembapartner.com\/de\/wp-json\/wp\/v2\/types\/page"}],"author":[{"embeddable":true,"href":"https:\/\/gembapartner.com\/de\/wp-json\/wp\/v2\/users\/2"}],"replies":[{"embeddable":true,"href":"https:\/\/gembapartner.com\/de\/wp-json\/wp\/v2\/comments?post=100005787"}],"version-history":[{"count":0,"href":"https:\/\/gembapartner.com\/de\/wp-json\/wp\/v2\/pages\/100005787\/revisions"}],"wp:attachment":[{"href":"https:\/\/gembapartner.com\/de\/wp-json\/wp\/v2\/media?parent=100005787"}],"curies":[{"name":"wp","href":"https:\/\/api.w.org\/{rel}","templated":true}]}}