{"id":100005794,"date":"2025-12-11T15:41:10","date_gmt":"2025-12-11T12:41:10","guid":{"rendered":"https:\/\/gembapartner.com\/?page_id=100005794"},"modified":"2025-12-11T15:41:43","modified_gmt":"2025-12-11T12:41:43","slug":"cerez-politikasi","status":"publish","type":"page","link":"https:\/\/gembapartner.com\/de\/cerez-politikasi\/","title":{"rendered":"Cookie-Richtlinie"},"content":{"rendered":"<div data-elementor-type=\"wp-page\" data-elementor-id=\"100005794\" class=\"elementor elementor-100005794\" data-elementor-post-type=\"page\">\n\t\t\t\t<div class=\"elementor-element elementor-element-0cf5556 e-con-full e-flex rael-particle-no e-con e-parent\" data-id=\"0cf5556\" data-element_type=\"container\" data-settings=\"{&quot;background_background&quot;:&quot;classic&quot;,&quot;rae_animations_entrance&quot;:&quot;none&quot;}\">\n\t\t\t\t<div class=\"elementor-element elementor-element-a51c6ac elementor-widget elementor-widget-heading\" data-id=\"a51c6ac\" data-element_type=\"widget\" data-widget_type=\"heading.default\">\n\t\t\t\t<div class=\"elementor-widget-container\">\n\t\t\t\t\t<h2 class=\"elementor-heading-title elementor-size-default\">Cookie-Richtlinie<\/h2>\t\t\t\t<\/div>\n\t\t\t\t<\/div>\n\t\t\t\t<div class=\"elementor-element elementor-element-4d199bc elementor-widget elementor-widget-hfe-breadcrumbs-widget\" data-id=\"4d199bc\" data-element_type=\"widget\" data-widget_type=\"hfe-breadcrumbs-widget.default\">\n\t\t\t\t<div class=\"elementor-widget-container\">\n\t\t\t\t\t<nav aria-label=\"Breadcrumb\"><ul class=\"hfe-breadcrumbs hfe-breadcrumbs-show-home\"><li class=\"hfe-breadcrumbs-item hfe-breadcrumbs-first\"><span class=\"hfe-breadcrumbs-home-icon\"><svg aria-hidden=\"true\" class=\"e-font-icon-svg e-fas-home\" viewbox=\"0 0 576 512\" xmlns=\"http:\/\/www.w3.org\/2000\/svg\"><path d=\"M280.37 148.26L96 300.11V464a16 16 0 0 0 16 16l112.06-.29a16 16 0 0 0 15.92-16V368a16 16 0 0 1 16-16h64a16 16 0 0 1 16 16v95.64a16 16 0 0 0 16 16.05L464 480a16 16 0 0 0 16-16V300L295.67 148.26a12.19 12.19 0 0 0-15.3 0zM571.6 251.47L488 182.56V44.05a12 12 0 0 0-12-12h-56a12 12 0 0 0-12 12v72.61L318.47 43a48 48 0 0 0-61 0L4.34 251.47a12 12 0 0 0-1.6 16.9l25.5 31A12 12 0 0 0 45.15 301l235.22-193.74a12.19 12.19 0 0 1 15.3 0L530.9 301a12 12 0 0 0 16.9-1.6l25.5-31a12 12 0 0 0-1.7-16.93z\"><\/path><\/svg><\/span><a href=\"https:\/\/gembapartner.com\/de\"><span class=\"hfe-breadcrumbs-text\">Anasayfa<\/span><\/a><\/li><\/ul><\/nav>\t\t\t\t<\/div>\n\t\t\t\t<\/div>\n\t\t\t\t<\/div>\n\t\t<div class=\"elementor-element elementor-element-d922ddd e-flex e-con-boxed rael-particle-no e-con e-parent\" data-id=\"d922ddd\" data-element_type=\"container\" data-settings=\"{&quot;rae_animations_entrance&quot;:&quot;none&quot;}\">\n\t\t\t\t\t<div class=\"e-con-inner\">\n\t\t\t\t<div class=\"elementor-element elementor-element-c5df64c elementor-widget elementor-widget-text-editor\" data-id=\"c5df64c\" data-element_type=\"widget\" data-widget_type=\"text-editor.default\">\n\t\t\t\t<div class=\"elementor-widget-container\">\n\t\t\t\t\t\t\t\t\t<h1 data-start=\"175\" data-end=\"213\"><strong data-start=\"177\" data-end=\"213\">\u00c7erez Politikas\u0131 \u2013 Gemba Partner<\/strong><\/h1><p data-start=\"215\" data-end=\"458\">Bu \u00c7erez Politikas\u0131; gembapartner.com adresini ziyaret eden kullan\u0131c\u0131lar\u0131n \u00e7erez (cookie) kullan\u0131m\u0131na ili\u015fkin bilgilendirilmesi amac\u0131yla haz\u0131rlanm\u0131\u015ft\u0131r.<br data-start=\"367\" data-end=\"370\" \/>Web sitemizi kullanmaya devam ederek bu politikan\u0131n \u015fartlar\u0131n\u0131 kabul etmi\u015f say\u0131l\u0131rs\u0131n\u0131z.<\/p><hr data-start=\"460\" data-end=\"463\" \/><h2 data-start=\"465\" data-end=\"487\"><strong data-start=\"468\" data-end=\"487\">1. \u00c7erez Nedir?<\/strong><\/h2><p data-start=\"488\" data-end=\"605\">\u00c7erezler, ziyaret etti\u011finiz web sitelerinin taray\u0131c\u0131n\u0131za kaydetti\u011fi k\u00fc\u00e7\u00fck veri dosyalar\u0131d\u0131r.<br data-start=\"580\" data-end=\"583\" \/>Bu dosyalar sayesinde:<\/p><ul data-start=\"607\" data-end=\"774\"><li data-start=\"607\" data-end=\"644\"><p data-start=\"609\" data-end=\"644\">Site daha h\u0131zl\u0131 ve do\u011fru \u00e7al\u0131\u015f\u0131r,<\/p><\/li><li data-start=\"645\" data-end=\"674\"><p data-start=\"647\" data-end=\"674\">Tercihleriniz hat\u0131rlan\u0131r,<\/p><\/li><li data-start=\"675\" data-end=\"711\"><p data-start=\"677\" data-end=\"711\">Kullan\u0131c\u0131 deneyimi geli\u015ftirilir,<\/p><\/li><li data-start=\"712\" data-end=\"742\"><p data-start=\"714\" data-end=\"742\">Analitik veriler toplan\u0131r,<\/p><\/li><li data-start=\"743\" data-end=\"774\"><p data-start=\"745\" data-end=\"774\">Reklam hedefleme yap\u0131labilir.<\/p><\/li><\/ul><p data-start=\"776\" data-end=\"932\">\u00c7erezler <strong data-start=\"785\" data-end=\"812\">cihaz\u0131n\u0131za zarar vermez<\/strong> ve ki\u015fisel veri i\u00e7ermeyebilir; ancak baz\u0131 \u00e7erezler kullan\u0131c\u0131 davran\u0131\u015flar\u0131n\u0131 analiz etmek i\u00e7in ki\u015fisel veri i\u015fleyebilir.<\/p><hr data-start=\"934\" data-end=\"937\" \/><h2 data-start=\"939\" data-end=\"973\"><strong data-start=\"942\" data-end=\"973\">2. Kullan\u0131lan \u00c7erez T\u00fcrleri<\/strong><\/h2><p data-start=\"974\" data-end=\"1048\">Gemba Partner web sitesinde a\u015fa\u011f\u0131daki \u00e7erez kategorileri kullan\u0131lmaktad\u0131r:<\/p><h3 data-start=\"1050\" data-end=\"1079\"><strong data-start=\"1054\" data-end=\"1079\">2.1. Zorunlu \u00c7erezler<\/strong><\/h3><p data-start=\"1080\" data-end=\"1203\">Sitenin \u00e7al\u0131\u015fmas\u0131 i\u00e7in gereklidir.<br data-start=\"1114\" data-end=\"1117\" \/>Bu \u00e7erezler olmadan temel i\u015flevler (sayfa navigasyonu, g\u00fcvenli oturum vb.) sa\u011flanamaz.<\/p><h3 data-start=\"1205\" data-end=\"1249\"><strong data-start=\"1209\" data-end=\"1249\">2.2. Performans ve Analitik \u00c7erezler<\/strong><\/h3><p data-start=\"1250\" data-end=\"1328\">Kullan\u0131c\u0131lar\u0131n siteyi nas\u0131l kulland\u0131\u011f\u0131n\u0131 analiz eder.<br data-start=\"1303\" data-end=\"1306\" \/>Bu \u00e7erezler sayesinde:<\/p><ul data-start=\"1330\" data-end=\"1425\"><li data-start=\"1330\" data-end=\"1375\"><p data-start=\"1332\" data-end=\"1375\">Hangi sayfalar\u0131n daha \u00e7ok g\u00f6r\u00fcnt\u00fclendi\u011fi,<\/p><\/li><li data-start=\"1376\" data-end=\"1403\"><p data-start=\"1378\" data-end=\"1403\">Kullan\u0131c\u0131 davran\u0131\u015flar\u0131,<\/p><\/li><li data-start=\"1404\" data-end=\"1425\"><p data-start=\"1406\" data-end=\"1425\">Trafik kaynaklar\u0131<\/p><\/li><\/ul><p data-start=\"1427\" data-end=\"1525\">gibi veriler \u00f6l\u00e7\u00fcl\u00fcr.<br data-start=\"1448\" data-end=\"1451\" \/>(Kullan\u0131lan ara\u00e7lar: <strong data-start=\"1472\" data-end=\"1492\">Google Analytics<\/strong>, <strong data-start=\"1494\" data-end=\"1508\">Meta Pixel<\/strong>, <strong data-start=\"1510\" data-end=\"1520\">Hotjar<\/strong> vb.)<\/p><h3 data-start=\"1527\" data-end=\"1557\"><strong data-start=\"1531\" data-end=\"1557\">2.3. \u0130\u015flevsel \u00c7erezler<\/strong><\/h3><p data-start=\"1558\" data-end=\"1666\">Kullan\u0131c\u0131n\u0131n tercihlerinin hat\u0131rlanmas\u0131n\u0131 sa\u011flar.<br data-start=\"1607\" data-end=\"1610\" \/>\u00d6rnek: Dil tercihi, form otomatik doldurma bilgileri vb.<\/p><h3 data-start=\"1668\" data-end=\"1710\"><strong data-start=\"1672\" data-end=\"1710\">2.4. Reklam ve Pazarlama \u00c7erezleri<\/strong><\/h3><p data-start=\"1711\" data-end=\"1814\">Bu \u00e7erezler kullan\u0131c\u0131 davran\u0131\u015flar\u0131n\u0131 analiz ederek ki\u015fiye \u00f6zel reklam g\u00f6sterilmesini sa\u011flar.<br data-start=\"1803\" data-end=\"1806\" \/>\u00d6rne\u011fin:<\/p><ul data-start=\"1816\" data-end=\"1879\"><li data-start=\"1816\" data-end=\"1846\"><p data-start=\"1818\" data-end=\"1846\">Meta \/ Facebook reklamlar\u0131<\/p><\/li><li data-start=\"1847\" data-end=\"1879\"><p data-start=\"1849\" data-end=\"1879\">Google Ads d\u00f6n\u00fc\u015f\u00fcm \u00e7erezleri<\/p><\/li><\/ul><p data-start=\"1881\" data-end=\"1927\">gibi \u00fc\u00e7\u00fcnc\u00fc taraf yaz\u0131l\u0131mlar bu kategoridedir.<\/p><hr data-start=\"1929\" data-end=\"1932\" \/><h2 data-start=\"1934\" data-end=\"1973\"><strong data-start=\"1937\" data-end=\"1973\">3. \u00c7erezleri Nas\u0131l Kullan\u0131yoruz?<\/strong><\/h2><p data-start=\"1974\" data-end=\"2020\">\u00c7erezler a\u015fa\u011f\u0131daki ama\u00e7larla kullan\u0131lmaktad\u0131r:<\/p><ul data-start=\"2022\" data-end=\"2214\"><li data-start=\"2022\" data-end=\"2057\"><p data-start=\"2024\" data-end=\"2057\">Site performans\u0131n\u0131 iyile\u015ftirmek<\/p><\/li><li data-start=\"2058\" data-end=\"2094\"><p data-start=\"2060\" data-end=\"2094\">Kullan\u0131c\u0131 deneyimini geli\u015ftirmek<\/p><\/li><li data-start=\"2095\" data-end=\"2132\"><p data-start=\"2097\" data-end=\"2132\">Hedefli reklam \u00e7al\u0131\u015fmalar\u0131 yapmak<\/p><\/li><li data-start=\"2133\" data-end=\"2179\"><p data-start=\"2135\" data-end=\"2179\">Trafik ve demografik verileri analiz etmek<\/p><\/li><li data-start=\"2180\" data-end=\"2214\"><p data-start=\"2182\" data-end=\"2214\">G\u00fcvenlik \u00f6nlemlerini uygulamak<\/p><\/li><\/ul><p data-start=\"2216\" data-end=\"2332\">Gemba Partner, \u00e7erezler arac\u0131l\u0131\u011f\u0131yla elde edilen verileri <strong data-start=\"2274\" data-end=\"2332\">yasal s\u0131n\u0131rlar i\u00e7inde i\u015fler ve \u00fc\u00e7\u00fcnc\u00fc ki\u015filere satmaz.<\/strong><\/p><hr data-start=\"2334\" data-end=\"2337\" \/><h2 data-start=\"2339\" data-end=\"2388\"><strong data-start=\"2342\" data-end=\"2388\">4. \u00c7erezleri Y\u00f6netme ve Devre D\u0131\u015f\u0131 B\u0131rakma<\/strong><\/h2><p data-start=\"2389\" data-end=\"2410\">Dilerseniz \u00e7erezleri:<\/p><ul data-start=\"2412\" data-end=\"2556\"><li data-start=\"2412\" data-end=\"2455\"><p data-start=\"2414\" data-end=\"2455\">Taray\u0131c\u0131 ayarlar\u0131n\u0131zdan engelleyebilir,<\/p><\/li><li data-start=\"2456\" data-end=\"2505\"><p data-start=\"2458\" data-end=\"2505\">Daha \u00f6nce yerle\u015ftirilmi\u015f \u00e7erezleri silebilir,<\/p><\/li><li data-start=\"2506\" data-end=\"2556\"><p data-start=\"2508\" data-end=\"2556\">Sadece belirli kategorilere izin verebilirsiniz.<\/p><\/li><\/ul><p data-start=\"2558\" data-end=\"2652\">Ancak \u00e7erezleri devre d\u0131\u015f\u0131 b\u0131rakmak, sitenin baz\u0131 \u00f6zelliklerinin \u00e7al\u0131\u015fmamas\u0131na neden olabilir.<\/p><h3 data-start=\"2654\" data-end=\"2704\"><strong data-start=\"2658\" data-end=\"2704\">Taray\u0131c\u0131 bazl\u0131 \u00e7erez y\u00f6netim ba\u011flant\u0131lar\u0131:<\/strong><\/h3><ul data-start=\"2705\" data-end=\"2885\"><li data-start=\"2705\" data-end=\"2749\"><p data-start=\"2707\" data-end=\"2749\"><strong data-start=\"2707\" data-end=\"2718\">Chrome:<\/strong> Settings \u2192 Privacy \u2192 Cookies<\/p><\/li><li data-start=\"2750\" data-end=\"2795\"><p data-start=\"2752\" data-end=\"2795\"><strong data-start=\"2752\" data-end=\"2764\">Firefox:<\/strong> Options \u2192 Privacy &amp; Security<\/p><\/li><li data-start=\"2796\" data-end=\"2833\"><p data-start=\"2798\" data-end=\"2833\"><strong data-start=\"2798\" data-end=\"2809\">Safari:<\/strong> Preferences \u2192 Privacy<\/p><\/li><li data-start=\"2834\" data-end=\"2885\"><p data-start=\"2836\" data-end=\"2885\"><strong data-start=\"2836\" data-end=\"2845\">Edge:<\/strong> Settings \u2192 Site Permissions \u2192 Cookies<\/p><\/li><\/ul><hr data-start=\"2887\" data-end=\"2890\" \/><h2 data-start=\"2892\" data-end=\"2924\"><strong data-start=\"2895\" data-end=\"2924\">5. \u00dc\u00e7\u00fcnc\u00fc Taraf \u00c7erezleri<\/strong><\/h2><p data-start=\"2925\" data-end=\"3109\">Google, Meta (Facebook\/Instagram), Hotjar gibi \u00fc\u00e7\u00fcnc\u00fc taraf sa\u011flay\u0131c\u0131lar\u0131n \u00e7erezleri kullan\u0131labilir.<br data-start=\"3025\" data-end=\"3028\" \/>Bu \u00e7erezlerin y\u00f6netimi, ilgili \u015firketlerin kendi gizlilik politikalar\u0131na tabidir.<\/p><p data-start=\"3111\" data-end=\"3195\">Gemba Partner, \u00fc\u00e7\u00fcnc\u00fc taraf \u00e7erezleri \u00fczerinde do\u011frudan bir kontrol sahibi de\u011fildir.<\/p><hr data-start=\"3197\" data-end=\"3200\" \/><h2 data-start=\"3202\" data-end=\"3239\"><strong data-start=\"3205\" data-end=\"3239\">6. Ki\u015fisel Verilerin Korunmas\u0131<\/strong><\/h2><p data-start=\"3240\" data-end=\"3286\">\u00c7erezler arac\u0131l\u0131\u011f\u0131yla i\u015flenen ki\u015fisel veriler:<\/p><ul data-start=\"3288\" data-end=\"3353\"><li data-start=\"3288\" data-end=\"3301\"><p data-start=\"3290\" data-end=\"3301\"><strong data-start=\"3290\" data-end=\"3298\">KVKK<\/strong>,<\/p><\/li><li data-start=\"3302\" data-end=\"3330\"><p data-start=\"3304\" data-end=\"3330\"><strong data-start=\"3304\" data-end=\"3327\">Gizlilik Politikas\u0131<\/strong>,<\/p><\/li><li data-start=\"3331\" data-end=\"3353\"><p data-start=\"3333\" data-end=\"3353\"><strong data-start=\"3333\" data-end=\"3353\">Ayd\u0131nlatma Metni<\/strong><\/p><\/li><\/ul><p data-start=\"3355\" data-end=\"3453\">kapsam\u0131nda korunur.<br data-start=\"3374\" data-end=\"3377\" \/>Kullan\u0131c\u0131, bu siteyi kullanarak s\u00f6z konusu politikalar\u0131 kabul etmi\u015f say\u0131l\u0131r.<\/p><hr data-start=\"3455\" data-end=\"3458\" \/><h2 data-start=\"3460\" data-end=\"3500\"><strong data-start=\"3463\" data-end=\"3500\">7. \u00c7erez Politikas\u0131nda De\u011fi\u015fiklik<\/strong><\/h2><p data-start=\"3501\" data-end=\"3629\">Gemba Partner, \u00e7erez politikas\u0131n\u0131 diledi\u011fi zaman g\u00fcncelleme hakk\u0131na sahiptir.<br data-start=\"3578\" data-end=\"3581\" \/>Yeni politika yay\u0131na al\u0131nd\u0131\u011f\u0131 anda ge\u00e7erli olur.<\/p><hr data-start=\"3631\" data-end=\"3634\" \/><h2 data-start=\"3636\" data-end=\"3654\"><strong data-start=\"3639\" data-end=\"3654\">8. \u0130leti\u015fim<\/strong><\/h2><p data-start=\"3655\" data-end=\"3684\">Her t\u00fcrl\u00fc soru ve talep i\u00e7in:<\/p><p data-start=\"3686\" data-end=\"3754\"><strong data-start=\"3686\" data-end=\"3703\">Gemba-Partner<\/strong><br data-start=\"3703\" data-end=\"3706\" \/>\ud83c\udf10 gembapartner.com<br data-start=\"3725\" data-end=\"3728\" \/>\ud83d\udce9 <a class=\"decorated-link cursor-pointer\" rel=\"noopener\" data-start=\"3731\" data-end=\"3752\">info@gembapartner.com<\/a><\/p>\t\t\t\t\t\t\t\t<\/div>\n\t\t\t\t<\/div>\n\t\t\t\t\t<\/div>\n\t\t\t\t<\/div>\n\t\t\t\t<\/div>","protected":false},"excerpt":{"rendered":"<p>\u00c7erez Politikas\u0131 Anasayfa \u00c7erez Politikas\u0131 \u2013 Gemba Partner Bu \u00c7erez Politikas\u0131; gembapartner.com adresini ziyaret eden kullan\u0131c\u0131lar\u0131n \u00e7erez (cookie) kullan\u0131m\u0131na ili\u015fkin bilgilendirilmesi amac\u0131yla haz\u0131rlanm\u0131\u015ft\u0131r.Web sitemizi kullanmaya devam ederek bu politikan\u0131n \u015fartlar\u0131n\u0131 kabul etmi\u015f say\u0131l\u0131rs\u0131n\u0131z. 1. \u00c7erez Nedir? \u00c7erezler, ziyaret etti\u011finiz web sitelerinin taray\u0131c\u0131n\u0131za kaydetti\u011fi k\u00fc\u00e7\u00fck veri dosyalar\u0131d\u0131r.Bu dosyalar sayesinde: Site daha h\u0131zl\u0131 ve do\u011fru \u00e7al\u0131\u015f\u0131r, Tercihleriniz&#8230;<\/p>","protected":false},"author":2,"featured_media":0,"parent":0,"menu_order":0,"comment_status":"closed","ping_status":"closed","template":"elementor_header_footer","meta":{"_seopress_robots_primary_cat":"","_seopress_titles_title":"","_seopress_titles_desc":"","_seopress_robots_index":"","footnotes":""},"class_list":["post-100005794","page","type-page","status-publish"],"_links":{"self":[{"href":"https:\/\/gembapartner.com\/de\/wp-json\/wp\/v2\/pages\/100005794","targetHints":{"allow":["GET"]}}],"collection":[{"href":"https:\/\/gembapartner.com\/de\/wp-json\/wp\/v2\/pages"}],"about":[{"href":"https:\/\/gembapartner.com\/de\/wp-json\/wp\/v2\/types\/page"}],"author":[{"embeddable":true,"href":"https:\/\/gembapartner.com\/de\/wp-json\/wp\/v2\/users\/2"}],"replies":[{"embeddable":true,"href":"https:\/\/gembapartner.com\/de\/wp-json\/wp\/v2\/comments?post=100005794"}],"version-history":[{"count":0,"href":"https:\/\/gembapartner.com\/de\/wp-json\/wp\/v2\/pages\/100005794\/revisions"}],"wp:attachment":[{"href":"https:\/\/gembapartner.com\/de\/wp-json\/wp\/v2\/media?parent=100005794"}],"curies":[{"name":"wp","href":"https:\/\/api.w.org\/{rel}","templated":true}]}}