{"id":988197,"date":"2024-04-26T19:23:55","date_gmt":"2024-04-26T16:23:55","guid":{"rendered":"https:\/\/gembapartner.bktechin.com\/?page_id=988197"},"modified":"2025-12-11T15:15:22","modified_gmt":"2025-12-11T12:15:22","slug":"ofis-yalin-yonetim-proje-danismanligi","status":"publish","type":"page","link":"https:\/\/gembapartner.com\/de\/hizmetler\/ofis-yalin-yonetim-proje-danismanligi\/","title":{"rendered":"B\u00fcro Lean Management Projektberatung"},"content":{"rendered":"\t\t<div data-elementor-type=\"wp-page\" data-elementor-id=\"988197\" class=\"elementor elementor-988197\" data-elementor-post-type=\"page\">\n\t\t\t\t<div class=\"elementor-element elementor-element-c26c822 e-con-full e-flex rael-particle-no e-con e-parent\" data-id=\"c26c822\" data-element_type=\"container\" data-settings=\"{&quot;background_background&quot;:&quot;classic&quot;,&quot;rae_animations_entrance&quot;:&quot;none&quot;}\">\n\t\t\t\t<div class=\"elementor-element elementor-element-adb79d5 elementor-widget elementor-widget-heading\" data-id=\"adb79d5\" data-element_type=\"widget\" data-widget_type=\"heading.default\">\n\t\t\t\t<div class=\"elementor-widget-container\">\n\t\t\t\t\t<h2 class=\"elementor-heading-title elementor-size-default\">Y\u00d6NET\u0130MDE M\u00dcKEMMELL\u0130K <\/h2>\t\t\t\t<\/div>\n\t\t\t\t<\/div>\n\t\t\t\t<div class=\"elementor-element elementor-element-660399a elementor-widget elementor-widget-heading\" data-id=\"660399a\" data-element_type=\"widget\" data-widget_type=\"heading.default\">\n\t\t\t\t<div class=\"elementor-widget-container\">\n\t\t\t\t\t<h2 class=\"elementor-heading-title elementor-size-default\">\u0130dari y\u00f6netim s\u00fcre\u00e7lerinin iyile\u015ftirilmesi, \u00e7eviklik kazand\u0131r\u0131lmas\u0131 <\/h2>\t\t\t\t<\/div>\n\t\t\t\t<\/div>\n\t\t\t\t<div class=\"elementor-element elementor-element-775ad1e elementor-widget elementor-widget-hfe-breadcrumbs-widget\" data-id=\"775ad1e\" data-element_type=\"widget\" data-widget_type=\"hfe-breadcrumbs-widget.default\">\n\t\t\t\t<div class=\"elementor-widget-container\">\n\t\t\t\t\t<nav aria-label=\"Breadcrumb\"><ul class=\"hfe-breadcrumbs hfe-breadcrumbs-show-home\"><li class=\"hfe-breadcrumbs-item hfe-breadcrumbs-first\"><span class=\"hfe-breadcrumbs-home-icon\"><svg aria-hidden=\"true\" class=\"e-font-icon-svg e-fas-home\" viewBox=\"0 0 576 512\" xmlns=\"http:\/\/www.w3.org\/2000\/svg\"><path d=\"M280.37 148.26L96 300.11V464a16 16 0 0 0 16 16l112.06-.29a16 16 0 0 0 15.92-16V368a16 16 0 0 1 16-16h64a16 16 0 0 1 16 16v95.64a16 16 0 0 0 16 16.05L464 480a16 16 0 0 0 16-16V300L295.67 148.26a12.19 12.19 0 0 0-15.3 0zM571.6 251.47L488 182.56V44.05a12 12 0 0 0-12-12h-56a12 12 0 0 0-12 12v72.61L318.47 43a48 48 0 0 0-61 0L4.34 251.47a12 12 0 0 0-1.6 16.9l25.5 31A12 12 0 0 0 45.15 301l235.22-193.74a12.19 12.19 0 0 1 15.3 0L530.9 301a12 12 0 0 0 16.9-1.6l25.5-31a12 12 0 0 0-1.7-16.93z\"><\/path><\/svg><\/span><a href=\"https:\/\/gembapartner.com\/de\"><span class=\"hfe-breadcrumbs-text\">Anasayfa<\/span><\/a><\/li><\/ul><\/nav>\t\t\t\t<\/div>\n\t\t\t\t<\/div>\n\t\t\t\t<\/div>\n\t\t<div class=\"elementor-element elementor-element-4c3d612 e-flex e-con-boxed rael-particle-no e-con e-parent\" data-id=\"4c3d612\" data-element_type=\"container\" data-settings=\"{&quot;rae_animations_entrance&quot;:&quot;none&quot;}\">\n\t\t\t\t\t<div class=\"e-con-inner\">\n\t\t\t\t<div class=\"elementor-element elementor-element-ec53485 elementor-widget elementor-widget-spacer\" data-id=\"ec53485\" data-element_type=\"widget\" data-widget_type=\"spacer.default\">\n\t\t\t\t<div class=\"elementor-widget-container\">\n\t\t\t\t\t\t\t<div class=\"elementor-spacer\">\n\t\t\t<div class=\"elementor-spacer-inner\"><\/div>\n\t\t<\/div>\n\t\t\t\t\t\t<\/div>\n\t\t\t\t<\/div>\n\t\t\t\t<div class=\"elementor-element elementor-element-47fd60d elementor-widget elementor-widget-heading\" data-id=\"47fd60d\" data-element_type=\"widget\" data-widget_type=\"heading.default\">\n\t\t\t\t<div class=\"elementor-widget-container\">\n\t\t\t\t\t<h2 class=\"elementor-heading-title elementor-size-default\">Art\u0131k sadece \u00fcretim ve operasyon birimleri de\u011fil, ofis ile idari y\u00f6netim s\u00fcre\u00e7leri de yal\u0131nla\u015farak m\u00fckemmelle\u015fiyor<\/h2>\t\t\t\t<\/div>\n\t\t\t\t<\/div>\n\t\t\t\t\t<\/div>\n\t\t\t\t<\/div>\n\t\t\t\t<section class=\"elementor-section elementor-top-section elementor-element elementor-element-b2c7296 elementor-section-content-middle elementor-section-height-min-height elementor-section-items-stretch elementor-reverse-mobile elementor-section-boxed elementor-section-height-default rael-particle-no\" data-id=\"b2c7296\" data-element_type=\"section\" data-settings=\"{&quot;background_background&quot;:&quot;gradient&quot;,&quot;rae_animations_entrance&quot;:&quot;none&quot;}\">\n\t\t\t\t\t\t<div class=\"elementor-container elementor-column-gap-no\">\n\t\t\t\t\t<div class=\"elementor-column elementor-col-50 elementor-top-column elementor-element elementor-element-4957986 rael-particle-no\" data-id=\"4957986\" data-element_type=\"column\">\n\t\t\t<div class=\"elementor-widget-wrap elementor-element-populated\">\n\t\t\t\t\t\t<div class=\"elementor-element elementor-element-602b008 elementor-align-start elementor-icon-list--layout-traditional elementor-list-item-link-full_width elementor-widget elementor-widget-icon-list\" data-id=\"602b008\" data-element_type=\"widget\" data-widget_type=\"icon-list.default\">\n\t\t\t\t<div class=\"elementor-widget-container\">\n\t\t\t\t\t\t\t<ul class=\"elementor-icon-list-items\">\n\t\t\t\t\t\t\t<li class=\"elementor-icon-list-item\">\n\t\t\t\t\t\t\t\t\t\t\t<span class=\"elementor-icon-list-icon\">\n\t\t\t\t\t\t\t<i aria-hidden=\"true\" class=\"vamtamtheme- vamtam-theme-brand-symbol\"><\/i>\t\t\t\t\t\t<\/span>\n\t\t\t\t\t\t\t\t\t\t<span class=\"elementor-icon-list-text\">OF\u0130S S\u00dcRE\u00c7 YALINLA\u015eTIRMA PROJELER\u0130<\/span>\n\t\t\t\t\t\t\t\t\t<\/li>\n\t\t\t\t\t\t<\/ul>\n\t\t\t\t\t\t<\/div>\n\t\t\t\t<\/div>\n\t\t\t\t<div class=\"elementor-element elementor-element-45b8f0f elementor-widget__width-initial elementor-widget elementor-widget-text-editor\" data-id=\"45b8f0f\" data-element_type=\"widget\" data-widget_type=\"text-editor.default\">\n\t\t\t\t<div class=\"elementor-widget-container\">\n\t\t\t\t\t\t\t\t\tYal\u0131n sistem entegrasyon \u00e7al\u0131\u015fmalar\u0131 sadece \u00fcretim\ns\u00fcre\u00e7lerinde yap\u0131lan \u00e7al\u0131\u015fmalarla s\u0131n\u0131rl\u0131 kal\u0131rsa etkili\nsonu\u00e7lar elde edilecektir ama mutlak ba\u015far\u0131ya ula\u015fmada\nama yetersiz kalacakt\u0131r.<br><br>\n\u0130\u015fletmelerin ana amac\u0131 daha h\u0131zl\u0131, daha kaliteli ve\nrekabet\u00e7i hizmet \/ \u00fcr\u00fcn\u00fc tasarlay\u0131p devreye alarak\nm\u00fc\u015fterilere h\u0131zl\u0131 ula\u015fmas\u0131n\u0131 sa\u011flamakt\u0131r.<br><br>\nBu s\u00fcreci do\u011fru y\u00f6netebilen i\u015fletmeler di\u011fer rakiplerine\ng\u00f6re ciddi avantajlar kazanacakt\u0131r. Y\u00f6netimde\nm\u00fckemmellik modeli bu avantajlar\u0131 elde edebilmek i\u00e7in\n\u00e7e\u015fitli stratejiler sunmaktad\u0131r.<br><br>\nDe\u011fer ak\u0131\u015f\u0131 i\u00e7erisinde rol alan t\u00fcm fonksiyonlar\u0131n\nrollerinin tan\u0131mlanmas\u0131, bilgiyi y\u00f6netirken olu\u015fan katma\nde\u011fersiz i\u015flerin saptanmas\u0131 ve iyile\u015ftirme metotlar\u0131n\u0131\nbelirlenmesi rekabet\u00e7i bir strateji geli\u015ftirmenin ilk\nad\u0131m\u0131d\u0131r.<br><br>\nGemba Partner uzmanlar\u0131 y\u00f6netimde m\u00fckemmellik\nkapsam\u0131nda y\u00f6netim s\u00fcre\u00e7lerini tekrar tasarlayarak\nkatma de\u011ferli i\u015flerin artt\u0131r\u0131lmas\u0131 sa\u011flayacak projeleri\nhayata ge\u00e7irmektedir.\t\t\t\t\t\t\t\t<\/div>\n\t\t\t\t<\/div>\n\t\t\t\t\t<\/div>\n\t\t<\/div>\n\t\t\t\t<div class=\"elementor-column elementor-col-50 elementor-top-column elementor-element elementor-element-5b54e0d rael-particle-no\" data-id=\"5b54e0d\" data-element_type=\"column\" data-settings=\"{&quot;background_background&quot;:&quot;classic&quot;,&quot;motion_fx_motion_fx_scrolling&quot;:&quot;yes&quot;,&quot;motion_fx_translateY_effect&quot;:&quot;yes&quot;,&quot;motion_fx_translateY_speed&quot;:{&quot;unit&quot;:&quot;px&quot;,&quot;size&quot;:1,&quot;sizes&quot;:[]},&quot;motion_fx_translateY_affectedRange&quot;:{&quot;unit&quot;:&quot;%&quot;,&quot;size&quot;:&quot;&quot;,&quot;sizes&quot;:{&quot;start&quot;:0,&quot;end&quot;:51}},&quot;motion_fx_devices&quot;:[&quot;desktop&quot;],&quot;background_motion_fx_motion_fx_scrolling&quot;:&quot;yes&quot;,&quot;background_motion_fx_opacity_effect&quot;:&quot;yes&quot;,&quot;background_motion_fx_opacity_direction&quot;:&quot;out-in-out&quot;,&quot;background_motion_fx_opacity_level&quot;:{&quot;unit&quot;:&quot;px&quot;,&quot;size&quot;:8.800000000000000710542735760100185871124267578125,&quot;sizes&quot;:[]},&quot;background_motion_fx_scale_effect&quot;:&quot;yes&quot;,&quot;background_motion_fx_scale_direction&quot;:&quot;in-out&quot;,&quot;background_motion_fx_opacity_range&quot;:{&quot;unit&quot;:&quot;%&quot;,&quot;size&quot;:&quot;&quot;,&quot;sizes&quot;:{&quot;start&quot;:20,&quot;end&quot;:80}},&quot;background_motion_fx_scale_speed&quot;:{&quot;unit&quot;:&quot;px&quot;,&quot;size&quot;:4,&quot;sizes&quot;:[]},&quot;background_motion_fx_scale_range&quot;:{&quot;unit&quot;:&quot;%&quot;,&quot;size&quot;:&quot;&quot;,&quot;sizes&quot;:{&quot;start&quot;:20,&quot;end&quot;:80}},&quot;background_motion_fx_devices&quot;:[&quot;desktop&quot;,&quot;tablet&quot;,&quot;mobile&quot;]}\">\n\t\t\t<div class=\"elementor-widget-wrap elementor-element-populated\">\n\t\t\t\t\t\t<div class=\"elementor-element elementor-element-4a15eca elementor-widget elementor-widget-spacer\" data-id=\"4a15eca\" data-element_type=\"widget\" data-widget_type=\"spacer.default\">\n\t\t\t\t<div class=\"elementor-widget-container\">\n\t\t\t\t\t\t\t<div class=\"elementor-spacer\">\n\t\t\t<div class=\"elementor-spacer-inner\"><\/div>\n\t\t<\/div>\n\t\t\t\t\t\t<\/div>\n\t\t\t\t<\/div>\n\t\t\t\t\t<\/div>\n\t\t<\/div>\n\t\t\t\t\t<\/div>\n\t\t<\/section>\n\t\t<div class=\"elementor-element elementor-element-0ee436d e-flex e-con-boxed rael-particle-no e-con e-parent\" data-id=\"0ee436d\" data-element_type=\"container\" data-settings=\"{&quot;rae_animations_entrance&quot;:&quot;none&quot;}\">\n\t\t\t\t\t<div class=\"e-con-inner\">\n\t\t\t\t<div class=\"elementor-element elementor-element-a76bdcc elementor-widget elementor-widget-heading\" data-id=\"a76bdcc\" data-element_type=\"widget\" data-widget_type=\"heading.default\">\n\t\t\t\t<div class=\"elementor-widget-container\">\n\t\t\t\t\t<h2 class=\"elementor-heading-title elementor-size-default\">Detayl\u0131 Bilgi Almak i\u00e7in l\u00fctfen ileti\u015fime ge\u00e7in<\/h2>\t\t\t\t<\/div>\n\t\t\t\t<\/div>\n\t\t\t\t<div class=\"elementor-element elementor-element-c9ebeb1 elementor-widget elementor-widget-shortcode\" data-id=\"c9ebeb1\" data-element_type=\"widget\" data-widget_type=\"shortcode.default\">\n\t\t\t\t<div class=\"elementor-widget-container\">\n\t\t\t\t\t\t\t<div class=\"elementor-shortcode\">\n<div class=\"wpcf7 no-js\" id=\"wpcf7-f100005428-o1\" lang=\"tr-TR\" dir=\"ltr\" data-wpcf7-id=\"100005428\">\n<div class=\"screen-reader-response\"><p role=\"status\" aria-live=\"polite\" aria-atomic=\"true\"><\/p> <ul><\/ul><\/div>\n<form action=\"\/de\/wp-json\/wp\/v2\/pages\/988197#wpcf7-f100005428-o1\" method=\"post\" class=\"wpcf7-form init\" aria-label=\"\u0130leti\u015fim Formu\" novalidate=\"novalidate\" data-status=\"init\">\n<fieldset class=\"hidden-fields-container\"><input type=\"hidden\" name=\"_wpcf7\" value=\"100005428\" \/><input type=\"hidden\" name=\"_wpcf7_version\" value=\"6.1.5\" \/><input type=\"hidden\" name=\"_wpcf7_locale\" value=\"tr_TR\" \/><input type=\"hidden\" name=\"_wpcf7_unit_tag\" value=\"wpcf7-f100005428-o1\" \/><input type=\"hidden\" name=\"_wpcf7_container_post\" value=\"0\" \/><input type=\"hidden\" name=\"_wpcf7_posted_data_hash\" value=\"\" \/><input type=\"hidden\" name=\"_wpcf7_recaptcha_response\" value=\"\" \/>\n<\/fieldset>\n<p><label> Ad\u0131n\u0131z Soyad\u0131n\u0131z<br \/>\n<span class=\"wpcf7-form-control-wrap\" data-name=\"your-name\"><input size=\"40\" maxlength=\"400\" class=\"wpcf7-form-control wpcf7-text wpcf7-validates-as-required\" autocomplete=\"name\" aria-required=\"true\" aria-invalid=\"false\" value=\"\" type=\"text\" name=\"your-name\" \/><\/span> <\/label>\n<\/p>\n<p><label> E-posta adresiniz<br \/>\n<span class=\"wpcf7-form-control-wrap\" data-name=\"your-email\"><input size=\"40\" maxlength=\"400\" class=\"wpcf7-form-control wpcf7-email wpcf7-validates-as-required wpcf7-text wpcf7-validates-as-email\" autocomplete=\"email\" aria-required=\"true\" aria-invalid=\"false\" value=\"\" type=\"email\" name=\"your-email\" \/><\/span> <\/label>\n<\/p>\n<p><label> Konu<br \/>\n<span class=\"wpcf7-form-control-wrap\" data-name=\"your-subject\"><input size=\"40\" maxlength=\"400\" class=\"wpcf7-form-control wpcf7-text wpcf7-validates-as-required\" aria-required=\"true\" aria-invalid=\"false\" value=\"\" type=\"text\" name=\"your-subject\" \/><\/span> <\/label>\n<\/p>\n<p><label> A\u00e7\u0131klama<br \/>\n<span class=\"wpcf7-form-control-wrap\" data-name=\"your-message\"><textarea cols=\"40\" rows=\"10\" maxlength=\"2000\" class=\"wpcf7-form-control wpcf7-textarea\" aria-invalid=\"false\" name=\"your-message\"><\/textarea><\/span> <\/label>\n<\/p>\n<p><input class=\"wpcf7-form-control wpcf7-submit has-spinner\" type=\"submit\" value=\"G\u00f6nder\" \/>\n<\/p><div class=\"wpcf7-response-output\" aria-hidden=\"true\"><\/div>\n<\/form>\n<\/div>\n<\/div>\n\t\t\t\t\t\t<\/div>\n\t\t\t\t<\/div>\n\t\t\t\t\t<\/div>\n\t\t\t\t<\/div>\n\t\t\t\t<\/div>\n\t\t","protected":false},"excerpt":{"rendered":"<p>Y\u00d6NET\u0130MDE M\u00dcKEMMELL\u0130K \u0130dari y\u00f6netim s\u00fcre\u00e7lerinin iyile\u015ftirilmesi, \u00e7eviklik kazand\u0131r\u0131lmas\u0131 Anasayfa Art\u0131k sadece \u00fcretim ve operasyon birimleri de\u011fil, ofis ile idari y\u00f6netim s\u00fcre\u00e7leri de yal\u0131nla\u015farak m\u00fckemmelle\u015fiyor OF\u0130S S\u00dcRE\u00c7 YALINLA\u015eTIRMA PROJELER\u0130 Yal\u0131n sistem entegrasyon \u00e7al\u0131\u015fmalar\u0131 sadece \u00fcretim s\u00fcre\u00e7lerinde yap\u0131lan \u00e7al\u0131\u015fmalarla s\u0131n\u0131rl\u0131 kal\u0131rsa etkili sonu\u00e7lar elde edilecektir ama mutlak ba\u015far\u0131ya ula\u015fmada ama yetersiz kalacakt\u0131r. \u0130\u015fletmelerin ana amac\u0131 daha h\u0131zl\u0131,&#8230;<\/p>","protected":false},"author":1,"featured_media":987893,"parent":988362,"menu_order":0,"comment_status":"closed","ping_status":"closed","template":"elementor_header_footer","meta":{"_seopress_robots_primary_cat":"","_seopress_titles_title":"Ofis Yal\u0131n Y\u00f6netim Proje Dan\u0131\u015fmanl\u0131\u011f\u0131","_seopress_titles_desc":"Gemba Partner, Ofis Yal\u0131n Y\u00f6netim Proje Dan\u0131\u015fmanl\u0131\u011f\u0131 ile ofis s\u00fcre\u00e7lerinizi optimize eder, verimlili\u011fi art\u0131r\u0131r ve israf\u0131 azaltarak etkin bir \u00e7al\u0131\u015fma ortam\u0131 yarat\u0131r.","_seopress_robots_index":"","footnotes":""},"class_list":["post-988197","page","type-page","status-publish","has-post-thumbnail"],"_links":{"self":[{"href":"https:\/\/gembapartner.com\/de\/wp-json\/wp\/v2\/pages\/988197","targetHints":{"allow":["GET"]}}],"collection":[{"href":"https:\/\/gembapartner.com\/de\/wp-json\/wp\/v2\/pages"}],"about":[{"href":"https:\/\/gembapartner.com\/de\/wp-json\/wp\/v2\/types\/page"}],"author":[{"embeddable":true,"href":"https:\/\/gembapartner.com\/de\/wp-json\/wp\/v2\/users\/1"}],"replies":[{"embeddable":true,"href":"https:\/\/gembapartner.com\/de\/wp-json\/wp\/v2\/comments?post=988197"}],"version-history":[{"count":0,"href":"https:\/\/gembapartner.com\/de\/wp-json\/wp\/v2\/pages\/988197\/revisions"}],"up":[{"embeddable":true,"href":"https:\/\/gembapartner.com\/de\/wp-json\/wp\/v2\/pages\/988362"}],"wp:featuredmedia":[{"embeddable":true,"href":"https:\/\/gembapartner.com\/de\/wp-json\/wp\/v2\/media\/987893"}],"wp:attachment":[{"href":"https:\/\/gembapartner.com\/de\/wp-json\/wp\/v2\/media?parent=988197"}],"curies":[{"name":"wp","href":"https:\/\/api.w.org\/{rel}","templated":true}]}}