{"id":988288,"date":"2024-04-27T23:02:45","date_gmt":"2024-04-27T20:02:45","guid":{"rendered":"https:\/\/gembapartner.bktechin.com\/?page_id=988288"},"modified":"2025-12-11T15:15:47","modified_gmt":"2025-12-11T12:15:47","slug":"problem-cozme-kocluklari","status":"publish","type":"page","link":"https:\/\/gembapartner.com\/de\/hizmetler\/problem-cozme-kocluklari\/","title":{"rendered":"Probleml\u00f6sungs-Coaching"},"content":{"rendered":"<div data-elementor-type=\"wp-page\" data-elementor-id=\"988288\" class=\"elementor elementor-988288\" data-elementor-post-type=\"page\">\n\t\t\t\t<div class=\"elementor-element elementor-element-7a95551 e-con-full e-flex rael-particle-no e-con e-parent\" data-id=\"7a95551\" data-element_type=\"container\" data-settings=\"{&quot;background_background&quot;:&quot;classic&quot;}\">\n\t\t\t\t<div class=\"elementor-element elementor-element-e7fb9ca elementor-widget elementor-widget-heading\" data-id=\"e7fb9ca\" data-element_type=\"widget\" data-widget_type=\"heading.default\">\n\t\t\t\t<div class=\"elementor-widget-container\">\n\t\t\t\t\t<h2 class=\"elementor-heading-title elementor-size-default\">VON PROBLEMEN ZU GEWONNENEN ERFAHRUNGEN<\/h2>\t\t\t\t<\/div>\n\t\t\t\t<\/div>\n\t\t\t\t<div class=\"elementor-element elementor-element-d8682ff elementor-widget elementor-widget-hfe-breadcrumbs-widget\" data-id=\"d8682ff\" data-element_type=\"widget\" data-widget_type=\"hfe-breadcrumbs-widget.default\">\n\t\t\t\t<div class=\"elementor-widget-container\">\n\t\t\t\t\t<nav aria-label=\"Breadcrumb\"><ul class=\"hfe-breadcrumbs hfe-breadcrumbs-show-home\"><li class=\"hfe-breadcrumbs-item hfe-breadcrumbs-first\"><span class=\"hfe-breadcrumbs-home-icon\"><svg aria-hidden=\"true\" class=\"e-font-icon-svg e-fas-home\" viewbox=\"0 0 576 512\" xmlns=\"http:\/\/www.w3.org\/2000\/svg\"><path d=\"M280.37 148.26L96 300.11V464a16 16 0 0 0 16 16l112.06-.29a16 16 0 0 0 15.92-16V368a16 16 0 0 1 16-16h64a16 16 0 0 1 16 16v95.64a16 16 0 0 0 16 16.05L464 480a16 16 0 0 0 16-16V300L295.67 148.26a12.19 12.19 0 0 0-15.3 0zM571.6 251.47L488 182.56V44.05a12 12 0 0 0-12-12h-56a12 12 0 0 0-12 12v72.61L318.47 43a48 48 0 0 0-61 0L4.34 251.47a12 12 0 0 0-1.6 16.9l25.5 31A12 12 0 0 0 45.15 301l235.22-193.74a12.19 12.19 0 0 1 15.3 0L530.9 301a12 12 0 0 0 16.9-1.6l25.5-31a12 12 0 0 0-1.7-16.93z\"><\/path><\/svg><\/span><a href=\"https:\/\/gembapartner.com\/de\"><span class=\"hfe-breadcrumbs-text\">Anasayfa<\/span><\/a><\/li><\/ul><\/nav>\t\t\t\t<\/div>\n\t\t\t\t<\/div>\n\t\t\t\t<\/div>\n\t\t<div class=\"elementor-element elementor-element-9f69a85 e-flex e-con-boxed rael-particle-no e-con e-parent\" data-id=\"9f69a85\" data-element_type=\"container\">\n\t\t\t\t\t<div class=\"e-con-inner\">\n\t\t\t\t<div class=\"elementor-element elementor-element-641ed6e elementor-widget__width-initial elementor-widget elementor-widget-heading\" data-id=\"641ed6e\" data-element_type=\"widget\" data-widget_type=\"heading.default\">\n\t\t\t\t<div class=\"elementor-widget-container\">\n\t\t\t\t\t<h2 class=\"elementor-heading-title elementor-size-default\">Probleme auf dem Weg zu Spitzenleistungen sind entweder ein Hindernis oder ein ernst zu nehmender \"Wert\" f\u00fcr Unternehmen, die Probleme in Chancen verwandeln k\u00f6nnen.<\/h2>\t\t\t\t<\/div>\n\t\t\t\t<\/div>\n\t\t\t\t\t<\/div>\n\t\t\t\t<\/div>\n\t\t<div class=\"elementor-element elementor-element-71dce7e e-flex e-con-boxed rael-particle-no e-con e-parent\" data-id=\"71dce7e\" data-element_type=\"container\">\n\t\t\t\t\t<div class=\"e-con-inner\">\n\t\t<div class=\"elementor-element elementor-element-14dde2e e-con-full e-flex rael-particle-no e-con e-child\" data-id=\"14dde2e\" data-element_type=\"container\">\n\t\t\t\t<div class=\"elementor-element elementor-element-baa3765 elementor-align-start elementor-icon-list--layout-traditional elementor-list-item-link-full_width elementor-widget elementor-widget-icon-list\" data-id=\"baa3765\" data-element_type=\"widget\" data-widget_type=\"icon-list.default\">\n\t\t\t\t<div class=\"elementor-widget-container\">\n\t\t\t\t\t\t\t<ul class=\"elementor-icon-list-items\">\n\t\t\t\t\t\t\t<li class=\"elementor-icon-list-item\">\n\t\t\t\t\t\t\t\t\t\t\t<span class=\"elementor-icon-list-icon\">\n\t\t\t\t\t\t\t<i aria-hidden=\"true\" class=\"vamtamtheme- vamtam-theme-brand-symbol\"><\/i>\t\t\t\t\t\t<\/span>\n\t\t\t\t\t\t\t\t\t\t<span class=\"elementor-icon-list-text\">A3 PROBLEML\u00d6SUNGS-COACHING-AKTIVIT\u00c4TEN  <\/span>\n\t\t\t\t\t\t\t\t\t<\/li>\n\t\t\t\t\t\t<\/ul>\n\t\t\t\t\t\t<\/div>\n\t\t\t\t<\/div>\n\t\t\t\t<div class=\"elementor-element elementor-element-c0766c2 elementor-widget__width-initial elementor-widget elementor-widget-text-editor\" data-id=\"c0766c2\" data-element_type=\"widget\" data-widget_type=\"text-editor.default\">\n\t\t\t\t<div class=\"elementor-widget-container\">\n\t\t\t\t\t\t\t\t\t<p>In jedem Unternehmen k\u00f6nnen verschiedene Probleme auftreten, die sich aus den dort ausge\u00fcbten T\u00e4tigkeiten ergeben. Selbst wenn sich die F\u00fchrungskr\u00e4fte dieser Probleme teilweise bewusst sind, gew\u00f6hnen sie sich mit der Zeit daran, mit chronischen Problemen zu leben oder L\u00f6sungen zu entwickeln, um den Tag mit einem Feuerl\u00f6schkonzept zu retten. Der t\u00e4gliche Umgang mit \u00e4hnlichen Problemen f\u00fchrt zu unn\u00f6tiger Arbeitsbelastung und \u00fcberm\u00e4\u00dfigen Kosten.<\/p><p><span style=\"font-family: 'Open Sans', sans-serif; font-size: 16px; font-style: normal; font-variant-ligatures: normal; font-variant-caps: normal; font-weight: 400;\">Um die chronischen Probleme der Unternehmen zu beseitigen, ist es notwendig, die richtigen Probleml\u00f6sungsmethoden anzuwenden, und die Teams sollten in der Lage sein, mit den richtigen Probleml\u00f6sungsmethoden zu arbeiten.<\/span><span style=\"font-family: 'Open Sans', sans-serif; font-size: 16px; font-style: normal; font-variant-ligatures: normal; font-variant-caps: normal; font-weight: 400;\">wird zusammen mit der Ausbildung zu diesem Thema durchgef\u00fchrt. Um chronische Probleme systematisch zu beseitigen, \"<\/span><b><span style=\"font-family: 'Open Sans', sans-serif; font-size: 16px; font-style: normal; font-variant-ligatures: normal; font-variant-caps: normal;\">A3 Problem\u00a0<\/span><span style=\"font-family: 'Open Sans', sans-serif; font-size: 16px; font-style: normal; font-variant-ligatures: normal; font-variant-caps: normal;\">Methode zur L\u00f6sung<\/span><\/b><span style=\"font-family: 'Open Sans', sans-serif; font-size: 16px; font-style: normal; font-variant-ligatures: normal; font-variant-caps: normal; font-weight: 400;\">\" ist eine der wirksamsten Methoden. Zugleich ist sie nicht nur eine Probleml\u00f6sungsmethode, sondern auch eine\u00a0<\/span><span style=\"font-family: 'Open Sans', sans-serif; font-size: 16px; font-style: normal; font-variant-ligatures: normal; font-variant-caps: normal; font-weight: 400;\">ist eine Denkweise, die zeigt, wie man jedes Problem als Chance nutzen kann.\u00a0<\/span><\/p>\t\t\t\t\t\t\t\t<\/div>\n\t\t\t\t<\/div>\n\t\t\t\t<\/div>\n\t\t<div class=\"elementor-element elementor-element-b6b759a e-con-full e-flex rael-particle-no e-con e-child\" data-id=\"b6b759a\" data-element_type=\"container\">\n\t\t\t\t<div class=\"elementor-element elementor-element-474c7dc elementor-widget elementor-widget-image\" data-id=\"474c7dc\" data-element_type=\"widget\" data-widget_type=\"image.default\">\n\t\t\t\t<div class=\"elementor-widget-container\">\n\t\t\t\t\t\t\t\t\t\t\t\t\t\t\t<img fetchpriority=\"high\" decoding=\"async\" width=\"1000\" height=\"620\" src=\"https:\/\/gembapartner.com\/wp-content\/uploads\/2024\/05\/BIMBO-IT2.jpg\" class=\"attachment-full size-full wp-image-989122\" alt=\"problem \u00e7\u00f6zme ko\u00e7lu\u011fu,gemba partner\" srcset=\"https:\/\/gembapartner.com\/wp-content\/uploads\/2024\/05\/BIMBO-IT2.jpg 1000w, https:\/\/gembapartner.com\/wp-content\/uploads\/2024\/05\/BIMBO-IT2-300x186.jpg 300w, https:\/\/gembapartner.com\/wp-content\/uploads\/2024\/05\/BIMBO-IT2-768x476.jpg 768w\" sizes=\"(max-width: 1000px) 100vw, 1000px\" \/>\t\t\t\t\t\t\t\t\t\t\t\t\t\t\t<\/div>\n\t\t\t\t<\/div>\n\t\t\t\t<\/div>\n\t\t\t\t\t<\/div>\n\t\t\t\t<\/div>\n\t\t<div class=\"elementor-element elementor-element-3fcc52a e-flex e-con-boxed rael-particle-no e-con e-parent\" data-id=\"3fcc52a\" data-element_type=\"container\" data-settings=\"{&quot;background_background&quot;:&quot;gradient&quot;}\">\n\t\t\t\t\t<div class=\"e-con-inner\">\n\t\t<div class=\"elementor-element elementor-element-827860b e-con-full e-flex rael-particle-no e-con e-child\" data-id=\"827860b\" data-element_type=\"container\">\n\t\t\t\t<div class=\"elementor-element elementor-element-533a212 elementor-align-start elementor-icon-list--layout-traditional elementor-list-item-link-full_width elementor-widget elementor-widget-icon-list\" data-id=\"533a212\" data-element_type=\"widget\" data-widget_type=\"icon-list.default\">\n\t\t\t\t<div class=\"elementor-widget-container\">\n\t\t\t\t\t\t\t<ul class=\"elementor-icon-list-items\">\n\t\t\t\t\t\t\t<li class=\"elementor-icon-list-item\">\n\t\t\t\t\t\t\t\t\t\t\t<span class=\"elementor-icon-list-icon\">\n\t\t\t\t\t\t\t<i aria-hidden=\"true\" class=\"vamtamtheme- vamtam-theme-brand-symbol\"><\/i>\t\t\t\t\t\t<\/span>\n\t\t\t\t\t\t\t\t\t\t<span class=\"elementor-icon-list-text\">A3 PPS - PRAKTISCHE PROBLEML\u00d6SUNG<\/span>\n\t\t\t\t\t\t\t\t\t<\/li>\n\t\t\t\t\t\t<\/ul>\n\t\t\t\t\t\t<\/div>\n\t\t\t\t<\/div>\n\t\t\t\t<div class=\"elementor-element elementor-element-fb715b1 elementor-widget__width-initial elementor-widget elementor-widget-text-editor\" data-id=\"fb715b1\" data-element_type=\"widget\" data-widget_type=\"text-editor.default\">\n\t\t\t\t<div class=\"elementor-widget-container\">\n\t\t\t\t\t\t\t\t\tProbleme, die im t\u00e4glichen Feldmanagement auftreten und diese\ndie Perspektive der Feldleiter f\u00fcr die schnelle L\u00f6sung von Problemen\npraktische Probleml\u00f6sungstechniken f\u00fcr den Alltag zu entwickeln und zu kennen\nwird den Betrieb einen Schritt weiter bringen sowie Standards\nwerden Sie sch\u00fctzen.<br><br>\nInsbesondere ist es f\u00fcr F\u00fchrungskr\u00e4fte wichtig, bei Problemen schnell einzugreifen\ndie am besten geeignete Methode, um die Auswirkungen des Problems zu verringern A3 Praktisch\nEs handelt sich um eine Probleml\u00f6sungsmethode. Um schnell zur Ursache zu gelangen\ntheoretisch und praktisch organisiert, was eine\ndie wissen, wie man Lean-Tools einsetzt, theoretische Kenntnisse haben\nManager und F\u00fchrungskr\u00e4fte vor Ort sollten teilnehmen.\t\t\t\t\t\t\t\t<\/div>\n\t\t\t\t<\/div>\n\t\t\t\t<\/div>\n\t\t<div class=\"elementor-element elementor-element-03cd041 e-con-full e-flex rael-particle-no e-con e-child\" data-id=\"03cd041\" data-element_type=\"container\" data-settings=\"{&quot;background_background&quot;:&quot;classic&quot;}\">\n\t\t\t\t<\/div>\n\t\t\t\t\t<\/div>\n\t\t\t\t<\/div>\n\t\t<div class=\"elementor-element elementor-element-0b9addd e-flex e-con-boxed rael-particle-no e-con e-parent\" data-id=\"0b9addd\" data-element_type=\"container\">\n\t\t\t\t\t<div class=\"e-con-inner\">\n\t\t<div class=\"elementor-element elementor-element-88c2675 e-con-full e-flex rael-particle-no e-con e-child\" data-id=\"88c2675\" data-element_type=\"container\">\n\t\t\t\t<div class=\"elementor-element elementor-element-434f4d2 elementor-align-start elementor-icon-list--layout-traditional elementor-list-item-link-full_width elementor-widget elementor-widget-icon-list\" data-id=\"434f4d2\" data-element_type=\"widget\" data-widget_type=\"icon-list.default\">\n\t\t\t\t<div class=\"elementor-widget-container\">\n\t\t\t\t\t\t\t<ul class=\"elementor-icon-list-items\">\n\t\t\t\t\t\t\t<li class=\"elementor-icon-list-item\">\n\t\t\t\t\t\t\t\t\t\t\t<span class=\"elementor-icon-list-icon\">\n\t\t\t\t\t\t\t<i aria-hidden=\"true\" class=\"vamtamtheme- vamtam-theme-brand-symbol\"><\/i>\t\t\t\t\t\t<\/span>\n\t\t\t\t\t\t\t\t\t\t<span class=\"elementor-icon-list-text\">A3 TBP - STATISTISCHES PROBLEML\u00d6SEN<\/span>\n\t\t\t\t\t\t\t\t\t<\/li>\n\t\t\t\t\t\t<\/ul>\n\t\t\t\t\t\t<\/div>\n\t\t\t\t<\/div>\n\t\t\t\t<div class=\"elementor-element elementor-element-9b3dc8e elementor-widget elementor-widget-text-editor\" data-id=\"9b3dc8e\" data-element_type=\"widget\" data-widget_type=\"text-editor.default\">\n\t\t\t\t<div class=\"elementor-widget-container\">\n\t\t\t\t\t\t\t\t\t<p>Es ist wichtig, dass sowohl Manager als auch F\u00fchrungskr\u00e4fte vor Ort \u00fcber Probleml\u00f6sungskompetenz verf\u00fcgen und in der Lage sind, bestehende Standards durch die Schaffung neuer M\u00f6glichkeiten zu verbessern.<\/p>\n<p>A3 Arbeiten <strong>TBP = Toyota Gesch\u00e4ftspraxis<\/strong> (Toyota Style Business Method) zielt darauf ab, die Ursachen Schritt f\u00fcr Schritt zu beseitigen und L\u00f6sungen auf der Grundlage statistischer Daten zu finden, indem die Probleme in allen Einzelheiten behandelt werden.<\/p>\n<p>A3 Da TBP auch eines der Entwicklungsinstrumente f\u00fcr F\u00fchrungskr\u00e4fte ist, wird diese Methode das Denkverm\u00f6gen verbessern und F\u00fchrungskr\u00e4ften auf allen Ebenen eine andere Perspektive bieten.<\/p>\t\t\t\t\t\t\t\t<\/div>\n\t\t\t\t<\/div>\n\t\t\t\t<\/div>\n\t\t<div class=\"elementor-element elementor-element-dc459e4 e-con-full e-flex rael-particle-no e-con e-child\" data-id=\"dc459e4\" data-element_type=\"container\">\n\t\t\t\t<div class=\"elementor-element elementor-element-1fa0beb elementor-widget elementor-widget-image\" data-id=\"1fa0beb\" data-element_type=\"widget\" data-widget_type=\"image.default\">\n\t\t\t\t<div class=\"elementor-widget-container\">\n\t\t\t\t\t\t\t\t\t\t\t\t\t\t\t<img decoding=\"async\" width=\"1024\" height=\"497\" src=\"https:\/\/gembapartner.com\/wp-content\/uploads\/2024\/04\/problem-1024x497.jpg\" class=\"attachment-large size-large wp-image-988297\" alt=\"problem \u00e7\u00f6zme ko\u00e7lu\u011fu,gemba partner\" srcset=\"https:\/\/gembapartner.com\/wp-content\/uploads\/2024\/04\/problem-1024x497.jpg 1024w, https:\/\/gembapartner.com\/wp-content\/uploads\/2024\/04\/problem-300x146.jpg 300w, https:\/\/gembapartner.com\/wp-content\/uploads\/2024\/04\/problem-768x373.jpg 768w, https:\/\/gembapartner.com\/wp-content\/uploads\/2024\/04\/problem-1536x746.jpg 1536w, https:\/\/gembapartner.com\/wp-content\/uploads\/2024\/04\/problem.jpg 1600w\" sizes=\"(max-width: 1024px) 100vw, 1024px\" \/>\t\t\t\t\t\t\t\t\t\t\t\t\t\t\t<\/div>\n\t\t\t\t<\/div>\n\t\t\t\t<\/div>\n\t\t\t\t\t<\/div>\n\t\t\t\t<\/div>\n\t\t<div class=\"elementor-element elementor-element-530ec1b e-flex e-con-boxed rael-particle-no e-con e-parent\" data-id=\"530ec1b\" data-element_type=\"container\">\n\t\t\t\t\t<div class=\"e-con-inner\">\n\t\t\t\t<div class=\"elementor-element elementor-element-8536dd9 elementor-widget elementor-widget-heading\" data-id=\"8536dd9\" data-element_type=\"widget\" data-widget_type=\"heading.default\">\n\t\t\t\t<div class=\"elementor-widget-container\">\n\t\t\t\t\t<h2 class=\"elementor-heading-title elementor-size-default\">Bitte kontaktieren Sie uns f\u00fcr weitere Informationen<\/h2>\t\t\t\t<\/div>\n\t\t\t\t<\/div>\n\t\t\t\t<div class=\"elementor-element elementor-element-da0b12b elementor-widget elementor-widget-shortcode\" data-id=\"da0b12b\" data-element_type=\"widget\" data-widget_type=\"shortcode.default\">\n\t\t\t\t<div class=\"elementor-widget-container\">\n\t\t\t\t\t\t\t<div class=\"elementor-shortcode\">\n<div class=\"wpcf7 no-js\" id=\"wpcf7-f100005428-o1\" lang=\"tr-TR\" dir=\"ltr\" data-wpcf7-id=\"100005428\">\n<div class=\"screen-reader-response\"><p role=\"status\" aria-live=\"polite\" aria-atomic=\"true\"><\/p> <ul><\/ul><\/div>\n<form action=\"\/de\/wp-json\/wp\/v2\/pages\/988288#wpcf7-f100005428-o1\" method=\"post\" class=\"wpcf7-form init\" aria-label=\"Kontakt-Formular\" novalidate=\"novalidate\" data-status=\"init\" data-trp-original-action=\"\/de\/wp-json\/wp\/v2\/pages\/988288#wpcf7-f100005428-o1\">\n<fieldset class=\"hidden-fields-container\"><input type=\"hidden\" name=\"_wpcf7\" value=\"100005428\" \/><input type=\"hidden\" name=\"_wpcf7_version\" value=\"6.1.4\" \/><input type=\"hidden\" name=\"_wpcf7_locale\" value=\"tr_TR\" \/><input type=\"hidden\" name=\"_wpcf7_unit_tag\" value=\"wpcf7-f100005428-o1\" \/><input type=\"hidden\" name=\"_wpcf7_container_post\" value=\"0\" \/><input type=\"hidden\" name=\"_wpcf7_posted_data_hash\" value=\"\" \/><input type=\"hidden\" name=\"_wpcf7_recaptcha_response\" value=\"\" \/>\n<\/fieldset>\n<p><label> Ihr Name und Nachname<br \/>\n<span class=\"wpcf7-form-control-wrap\" data-name=\"your-name\"><input size=\"40\" maxlength=\"400\" class=\"wpcf7-form-control wpcf7-text wpcf7-validates-as-required\" autocomplete=\"name\" aria-required=\"true\" aria-invalid=\"false\" value=\"\" type=\"text\" name=\"your-name\" \/><\/span> <\/label>\n<\/p>\n<p><label> Ihre E-Mail Adresse<br \/>\n<span class=\"wpcf7-form-control-wrap\" data-name=\"your-email\"><input size=\"40\" maxlength=\"400\" class=\"wpcf7-form-control wpcf7-email wpcf7-validates-as-required wpcf7-text wpcf7-validates-as-email\" autocomplete=\"email\" aria-required=\"true\" aria-invalid=\"false\" value=\"\" type=\"email\" name=\"your-email\" \/><\/span> <\/label>\n<\/p>\n<p><label> Thema<br \/>\n<span class=\"wpcf7-form-control-wrap\" data-name=\"your-subject\"><input size=\"40\" maxlength=\"400\" class=\"wpcf7-form-control wpcf7-text wpcf7-validates-as-required\" aria-required=\"true\" aria-invalid=\"false\" value=\"\" type=\"text\" name=\"your-subject\" \/><\/span> <\/label>\n<\/p>\n<p><label> Beschreibung<br \/>\n<span class=\"wpcf7-form-control-wrap\" data-name=\"your-message\"><textarea cols=\"40\" rows=\"10\" maxlength=\"2000\" class=\"wpcf7-form-control wpcf7-textarea\" aria-invalid=\"false\" name=\"your-message\"><\/textarea><\/span> <\/label>\n<\/p>\n<p><input class=\"wpcf7-form-control wpcf7-submit has-spinner\" type=\"submit\" value=\"Senden Sie\" \/>\n<\/p><p style=\"display: none !important;\" class=\"akismet-fields-container\" data-prefix=\"_wpcf7_ak_\"><label>&#916;<textarea name=\"_wpcf7_ak_hp_textarea\" cols=\"45\" rows=\"8\" maxlength=\"100\"><\/textarea><\/label><input type=\"hidden\" id=\"ak_js_1\" name=\"_wpcf7_ak_js\" value=\"113\"\/><script>document.getElementById( \"ak_js_1\" ).setAttribute( \"value\", ( new Date() ).getTime() );<\/script><\/p><div class=\"wpcf7-response-output\" aria-hidden=\"true\"><\/div>\n<input type=\"hidden\" name=\"trp-form-language\" value=\"de\"\/><\/form>\n<\/div>\n<\/div>\n\t\t\t\t\t\t<\/div>\n\t\t\t\t<\/div>\n\t\t\t\t\t<\/div>\n\t\t\t\t<\/div>\n\t\t\t\t<\/div>","protected":false},"excerpt":{"rendered":"<p>PROBLEMLERDEN KAZANILMI\u015e TECR\u00dcBELERE Anasayfa M\u00fckemmelle giden yolda problemler ya bir engeldir ya da problemleri f\u0131rsata d\u00f6n\u00fc\u015ft\u00fcrebilen i\u015fletmeler i\u00e7in ciddi bir \u00bbDe\u011ferdir \u00bb. A3 PROBLEM \u00c7\u00d6ZME KO\u00c7LUK \u00c7ALI\u015eMALARI Her i\u015fletmede y\u00fcr\u00fct\u00fclen faaliyetler sonucu \u00e7e\u015fitli problemler meydana gelebilir. Y\u00f6neticiler bu problemlerin k\u0131smen fark\u0131nda olsalar bile zaman i\u00e7erisinde kronik problemlerle ya\u015famaya al\u0131\u015f\u0131rlar veya yang\u0131n s\u00f6nd\u00fcrme yakla\u015f\u0131m\u0131 ile g\u00fcn\u00fc&#8230;<\/p>","protected":false},"author":1,"featured_media":988296,"parent":988362,"menu_order":0,"comment_status":"closed","ping_status":"closed","template":"elementor_header_footer","meta":{"_seopress_robots_primary_cat":"","_seopress_titles_title":"Problem \u00c7\u00f6zme Ko\u00e7luklar\u0131","_seopress_titles_desc":"Gemba Partner\u2019in Problem \u00c7\u00f6zme Ko\u00e7luklar\u0131, ekiplerinizi etkili sorun \u00e7\u00f6zme teknikleriyle donat\u0131r, yenilik\u00e7i \u00e7\u00f6z\u00fcmler geli\u015ftirir ve s\u00fcrekli iyile\u015ftirmeyi destekler.","_seopress_robots_index":"","footnotes":""},"class_list":["post-988288","page","type-page","status-publish","has-post-thumbnail"],"_links":{"self":[{"href":"https:\/\/gembapartner.com\/de\/wp-json\/wp\/v2\/pages\/988288","targetHints":{"allow":["GET"]}}],"collection":[{"href":"https:\/\/gembapartner.com\/de\/wp-json\/wp\/v2\/pages"}],"about":[{"href":"https:\/\/gembapartner.com\/de\/wp-json\/wp\/v2\/types\/page"}],"author":[{"embeddable":true,"href":"https:\/\/gembapartner.com\/de\/wp-json\/wp\/v2\/users\/1"}],"replies":[{"embeddable":true,"href":"https:\/\/gembapartner.com\/de\/wp-json\/wp\/v2\/comments?post=988288"}],"version-history":[{"count":0,"href":"https:\/\/gembapartner.com\/de\/wp-json\/wp\/v2\/pages\/988288\/revisions"}],"up":[{"embeddable":true,"href":"https:\/\/gembapartner.com\/de\/wp-json\/wp\/v2\/pages\/988362"}],"wp:featuredmedia":[{"embeddable":true,"href":"https:\/\/gembapartner.com\/de\/wp-json\/wp\/v2\/media\/988296"}],"wp:attachment":[{"href":"https:\/\/gembapartner.com\/de\/wp-json\/wp\/v2\/media?parent=988288"}],"curies":[{"name":"wp","href":"https:\/\/api.w.org\/{rel}","templated":true}]}}