{"id":988109,"date":"2024-04-25T17:40:34","date_gmt":"2024-04-25T14:40:34","guid":{"rendered":"https:\/\/gembapartner.bktechin.com\/?page_id=988109"},"modified":"2025-12-11T15:10:24","modified_gmt":"2025-12-11T12:10:24","slug":"katma-degerlerimiz","status":"publish","type":"page","link":"https:\/\/gembapartner.com\/en\/gembapartner\/katma-degerlerimiz\/","title":{"rendered":"Our Added Value"},"content":{"rendered":"\t\t<div data-elementor-type=\"wp-page\" data-elementor-id=\"988109\" class=\"elementor elementor-988109\" data-elementor-post-type=\"page\">\n\t\t\t\t<div class=\"elementor-element elementor-element-f219eb4 e-con-full e-flex rael-particle-no e-con e-parent\" data-id=\"f219eb4\" data-element_type=\"container\" data-settings=\"{&quot;background_background&quot;:&quot;classic&quot;,&quot;rae_animations_entrance&quot;:&quot;none&quot;}\">\n\t\t\t\t<div class=\"elementor-element elementor-element-ca3a720 elementor-widget elementor-widget-heading\" data-id=\"ca3a720\" data-element_type=\"widget\" data-widget_type=\"heading.default\">\n\t\t\t\t<div class=\"elementor-widget-container\">\n\t\t\t\t\t<h2 class=\"elementor-heading-title elementor-size-default\">S\u00dcRD\u00dcR\u00dcLEB\u0130L\u0130R YARIN \u0130\u00c7\u0130N BUG\u00dcNE\n\n<br>MEYDAN OKU<\/h2>\t\t\t\t<\/div>\n\t\t\t\t<\/div>\n\t\t\t\t<div class=\"elementor-element elementor-element-92e81c2 elementor-widget elementor-widget-hfe-breadcrumbs-widget\" data-id=\"92e81c2\" data-element_type=\"widget\" data-widget_type=\"hfe-breadcrumbs-widget.default\">\n\t\t\t\t<div class=\"elementor-widget-container\">\n\t\t\t\t\t<nav aria-label=\"Breadcrumb\"><ul class=\"hfe-breadcrumbs hfe-breadcrumbs-show-home\"><li class=\"hfe-breadcrumbs-item hfe-breadcrumbs-first\"><span class=\"hfe-breadcrumbs-home-icon\"><svg aria-hidden=\"true\" class=\"e-font-icon-svg e-fas-home\" viewBox=\"0 0 576 512\" xmlns=\"http:\/\/www.w3.org\/2000\/svg\"><path d=\"M280.37 148.26L96 300.11V464a16 16 0 0 0 16 16l112.06-.29a16 16 0 0 0 15.92-16V368a16 16 0 0 1 16-16h64a16 16 0 0 1 16 16v95.64a16 16 0 0 0 16 16.05L464 480a16 16 0 0 0 16-16V300L295.67 148.26a12.19 12.19 0 0 0-15.3 0zM571.6 251.47L488 182.56V44.05a12 12 0 0 0-12-12h-56a12 12 0 0 0-12 12v72.61L318.47 43a48 48 0 0 0-61 0L4.34 251.47a12 12 0 0 0-1.6 16.9l25.5 31A12 12 0 0 0 45.15 301l235.22-193.74a12.19 12.19 0 0 1 15.3 0L530.9 301a12 12 0 0 0 16.9-1.6l25.5-31a12 12 0 0 0-1.7-16.93z\"><\/path><\/svg><\/span><a href=\"https:\/\/gembapartner.com\/en\"><span class=\"hfe-breadcrumbs-text\">Anasayfa<\/span><\/a><\/li><\/ul><\/nav>\t\t\t\t<\/div>\n\t\t\t\t<\/div>\n\t\t\t\t<\/div>\n\t\t<div class=\"elementor-element elementor-element-c6b61b6 e-flex e-con-boxed rael-particle-no e-con e-parent\" data-id=\"c6b61b6\" data-element_type=\"container\" data-settings=\"{&quot;rae_animations_entrance&quot;:&quot;none&quot;}\">\n\t\t\t\t\t<div class=\"e-con-inner\">\n\t\t\t\t<div class=\"elementor-element elementor-element-cb9f9fe elementor-widget elementor-widget-spacer\" data-id=\"cb9f9fe\" data-element_type=\"widget\" data-widget_type=\"spacer.default\">\n\t\t\t\t<div class=\"elementor-widget-container\">\n\t\t\t\t\t\t\t<div class=\"elementor-spacer\">\n\t\t\t<div class=\"elementor-spacer-inner\"><\/div>\n\t\t<\/div>\n\t\t\t\t\t\t<\/div>\n\t\t\t\t<\/div>\n\t\t\t\t<div class=\"elementor-element elementor-element-6811f0e elementor-widget elementor-widget-heading\" data-id=\"6811f0e\" data-element_type=\"widget\" data-widget_type=\"heading.default\">\n\t\t\t\t<div class=\"elementor-widget-container\">\n\t\t\t\t\t<h2 class=\"elementor-heading-title elementor-size-default\">S\u00fcrd\u00fcr\u00fclebilir bir gelecek i\u00e7in \u00f6nce bug\u00fcn\u00fcn sonu\u00e7lar\u0131n\u0131 iyile\u015ftirmek gerekir. <\/h2>\t\t\t\t<\/div>\n\t\t\t\t<\/div>\n\t\t\t\t\t<\/div>\n\t\t\t\t<\/div>\n\t\t\t\t<section class=\"elementor-section elementor-top-section elementor-element elementor-element-021e4a4 elementor-section-content-middle elementor-section-height-min-height elementor-section-items-stretch elementor-reverse-mobile elementor-section-boxed elementor-section-height-default rael-particle-no\" data-id=\"021e4a4\" data-element_type=\"section\" data-settings=\"{&quot;rae_animations_entrance&quot;:&quot;none&quot;}\">\n\t\t\t\t\t\t<div class=\"elementor-container elementor-column-gap-no\">\n\t\t\t\t\t<div class=\"elementor-column elementor-col-50 elementor-top-column elementor-element elementor-element-88b4e01 rael-particle-no\" data-id=\"88b4e01\" data-element_type=\"column\">\n\t\t\t<div class=\"elementor-widget-wrap elementor-element-populated\">\n\t\t\t\t\t\t<div class=\"elementor-element elementor-element-963c1e3 elementor-align-start elementor-icon-list--layout-traditional elementor-list-item-link-full_width elementor-widget elementor-widget-icon-list\" data-id=\"963c1e3\" data-element_type=\"widget\" data-widget_type=\"icon-list.default\">\n\t\t\t\t<div class=\"elementor-widget-container\">\n\t\t\t\t\t\t\t<ul class=\"elementor-icon-list-items\">\n\t\t\t\t\t\t\t<li class=\"elementor-icon-list-item\">\n\t\t\t\t\t\t\t\t\t\t\t<span class=\"elementor-icon-list-icon\">\n\t\t\t\t\t\t\t<i aria-hidden=\"true\" class=\"vamtamtheme- vamtam-theme-brand-symbol\"><\/i>\t\t\t\t\t\t<\/span>\n\t\t\t\t\t\t\t\t\t\t<span class=\"elementor-icon-list-text\">Sundu\u011fumuz De\u011ferler<\/span>\n\t\t\t\t\t\t\t\t\t<\/li>\n\t\t\t\t\t\t<\/ul>\n\t\t\t\t\t\t<\/div>\n\t\t\t\t<\/div>\n\t\t\t\t<div class=\"elementor-element elementor-element-81500a6 elementor-widget__width-initial elementor-widget elementor-widget-text-editor\" data-id=\"81500a6\" data-element_type=\"widget\" data-widget_type=\"text-editor.default\">\n\t\t\t\t<div class=\"elementor-widget-container\">\n\t\t\t\t\t\t\t\t\t<p>Proje y\u00f6netiminde \u00abSaha odakl\u0131l\u0131k\u00bb prensibi ile hareket ederek dan\u0131\u015fmanl\u0131k \u00e7al\u0131\u015fmalar\u0131nda farkl\u0131 bir yakla\u015f\u0131m sunan Gemba Partner de\u011fi\u015fimi bir sonu\u00e7 de\u011fil k\u00fclt\u00fcr haline getir. B\u00f6ylece sekt\u00f6r fark etmeksizin de\u011fi\u015fimi ve geli\u015fimi kabul eden, s\u00fcrd\u00fcr\u00fclebilir \u00e7evik bir organizasyon kurar.<\/p>\n<p>K\u00fclt\u00fcrel De\u011fi\u015fim bir ki\u015fi i\u00e7in de\u011fil y\u00f6netimden operasyona kadar t\u00fcm organizasyon \u00fcyeleri i\u00e7in planlanmal\u0131d\u0131r. T\u00fcm organizasyondaki seviyeleri dahil ederek i\u015fletme i\u00e7in bir s\u00fcrekli geli\u015fen bir k\u00fclt\u00fcr kurmak d\u00f6n\u00fc\u015f\u00fcm projelerinin ana amac\u0131d\u0131r. Her alanda m\u00fckemmelle giden yolu tasarlamak ve m\u00fc\u015fterilerimize rehberlik edebilmek i\u00e7in De\u011fer<br>Yakla\u015f\u0131m\u0131m\u0131za inan\u0131yor ve uyguluyoruz.<\/p>\t\t\t\t\t\t\t\t<\/div>\n\t\t\t\t<\/div>\n\t\t\t\t\t<\/div>\n\t\t<\/div>\n\t\t\t\t<div class=\"elementor-column elementor-col-50 elementor-top-column elementor-element elementor-element-a971661 rael-particle-no\" data-id=\"a971661\" data-element_type=\"column\" data-settings=\"{&quot;background_background&quot;:&quot;classic&quot;,&quot;motion_fx_motion_fx_scrolling&quot;:&quot;yes&quot;,&quot;motion_fx_translateY_effect&quot;:&quot;yes&quot;,&quot;motion_fx_translateY_speed&quot;:{&quot;unit&quot;:&quot;px&quot;,&quot;size&quot;:1,&quot;sizes&quot;:[]},&quot;motion_fx_translateY_affectedRange&quot;:{&quot;unit&quot;:&quot;%&quot;,&quot;size&quot;:&quot;&quot;,&quot;sizes&quot;:{&quot;start&quot;:0,&quot;end&quot;:51}},&quot;motion_fx_devices&quot;:[&quot;desktop&quot;]}\">\n\t\t\t<div class=\"elementor-widget-wrap\">\n\t\t\t\t\t\t\t<\/div>\n\t\t<\/div>\n\t\t\t\t\t<\/div>\n\t\t<\/section>\n\t\t<div class=\"elementor-element elementor-element-f2c0f0b e-flex e-con-boxed rael-particle-no e-con e-parent\" data-id=\"f2c0f0b\" data-element_type=\"container\" data-settings=\"{&quot;rae_animations_entrance&quot;:&quot;none&quot;}\">\n\t\t\t\t\t<div class=\"e-con-inner\">\n\t\t<div class=\"elementor-element elementor-element-609ccb3 e-con-full e-flex rael-particle-no e-con e-child\" data-id=\"609ccb3\" data-element_type=\"container\" data-settings=\"{&quot;rae_animations_entrance&quot;:&quot;none&quot;}\">\n\t\t\t\t<div class=\"elementor-element elementor-element-69c887d elementor-widget elementor-widget-image\" data-id=\"69c887d\" data-element_type=\"widget\" data-widget_type=\"image.default\">\n\t\t\t\t<div class=\"elementor-widget-container\">\n\t\t\t\t\t\t\t\t\t\t\t\t\t\t\t<img fetchpriority=\"high\" decoding=\"async\" width=\"996\" height=\"954\" src=\"https:\/\/gembapartner.com\/wp-content\/uploads\/2024\/04\/yalin-uretim.jpg\" class=\"attachment-large size-large wp-image-988078\" alt=\"gemba partner,yal\u0131n \u00fcretim,kaizen y\u00f6netim\" srcset=\"https:\/\/gembapartner.com\/wp-content\/uploads\/2024\/04\/yalin-uretim.jpg 996w, https:\/\/gembapartner.com\/wp-content\/uploads\/2024\/04\/yalin-uretim-300x287.jpg 300w, https:\/\/gembapartner.com\/wp-content\/uploads\/2024\/04\/yalin-uretim-768x736.jpg 768w\" sizes=\"(max-width: 996px) 100vw, 996px\" \/>\t\t\t\t\t\t\t\t\t\t\t\t\t\t\t<\/div>\n\t\t\t\t<\/div>\n\t\t\t\t<div class=\"elementor-element elementor-element-a24b5e2 elementor-align-start elementor-icon-list--layout-traditional elementor-list-item-link-full_width elementor-widget elementor-widget-icon-list\" data-id=\"a24b5e2\" data-element_type=\"widget\" data-widget_type=\"icon-list.default\">\n\t\t\t\t<div class=\"elementor-widget-container\">\n\t\t\t\t\t\t\t<ul class=\"elementor-icon-list-items\">\n\t\t\t\t\t\t\t<li class=\"elementor-icon-list-item\">\n\t\t\t\t\t\t\t\t\t\t\t<span class=\"elementor-icon-list-icon\">\n\t\t\t\t\t\t\t<i aria-hidden=\"true\" class=\"vamtamtheme- vamtam-theme-brand-symbol\"><\/i>\t\t\t\t\t\t<\/span>\n\t\t\t\t\t\t\t\t\t\t<span class=\"elementor-icon-list-text\">SAHA ODAKLILIK<\/span>\n\t\t\t\t\t\t\t\t\t<\/li>\n\t\t\t\t\t\t<\/ul>\n\t\t\t\t\t\t<\/div>\n\t\t\t\t<\/div>\n\t\t\t\t<div class=\"elementor-element elementor-element-6956a3d elementor-widget elementor-widget-text-editor\" data-id=\"6956a3d\" data-element_type=\"widget\" data-widget_type=\"text-editor.default\">\n\t\t\t\t<div class=\"elementor-widget-container\">\n\t\t\t\t\t\t\t\t\tProblemi birinci derecede meydana geldi\u011fi yer\noperasyon sahas\u0131 ise <br>\u00e7\u00f6z\u00fcm ve aksiyonlar\nsahada <br>olmal\u0131d\u0131r.\t\t\t\t\t\t\t\t<\/div>\n\t\t\t\t<\/div>\n\t\t\t\t<\/div>\n\t\t<div class=\"elementor-element elementor-element-0b8100c e-con-full e-flex rael-particle-no e-con e-child\" data-id=\"0b8100c\" data-element_type=\"container\" data-settings=\"{&quot;rae_animations_entrance&quot;:&quot;none&quot;}\">\n\t\t\t\t<div class=\"elementor-element elementor-element-4968604 elementor-widget elementor-widget-image\" data-id=\"4968604\" data-element_type=\"widget\" data-widget_type=\"image.default\">\n\t\t\t\t<div class=\"elementor-widget-container\">\n\t\t\t\t\t\t\t\t\t\t\t\t\t\t\t<img decoding=\"async\" width=\"996\" height=\"954\" src=\"https:\/\/gembapartner.com\/wp-content\/uploads\/2024\/04\/katma-deger-liderlik1.jpg\" class=\"attachment-large size-large wp-image-988762\" alt=\"gemba partner,yal\u0131n \u00fcretim,kaizen y\u00f6netim\" srcset=\"https:\/\/gembapartner.com\/wp-content\/uploads\/2024\/04\/katma-deger-liderlik1.jpg 996w, https:\/\/gembapartner.com\/wp-content\/uploads\/2024\/04\/katma-deger-liderlik1-300x287.jpg 300w, https:\/\/gembapartner.com\/wp-content\/uploads\/2024\/04\/katma-deger-liderlik1-768x736.jpg 768w\" sizes=\"(max-width: 996px) 100vw, 996px\" \/>\t\t\t\t\t\t\t\t\t\t\t\t\t\t\t<\/div>\n\t\t\t\t<\/div>\n\t\t\t\t<div class=\"elementor-element elementor-element-d2da701 elementor-align-start elementor-icon-list--layout-traditional elementor-list-item-link-full_width elementor-widget elementor-widget-icon-list\" data-id=\"d2da701\" data-element_type=\"widget\" data-widget_type=\"icon-list.default\">\n\t\t\t\t<div class=\"elementor-widget-container\">\n\t\t\t\t\t\t\t<ul class=\"elementor-icon-list-items\">\n\t\t\t\t\t\t\t<li class=\"elementor-icon-list-item\">\n\t\t\t\t\t\t\t\t\t\t\t<span class=\"elementor-icon-list-icon\">\n\t\t\t\t\t\t\t<i aria-hidden=\"true\" class=\"vamtamtheme- vamtam-theme-brand-symbol\"><\/i>\t\t\t\t\t\t<\/span>\n\t\t\t\t\t\t\t\t\t\t<span class=\"elementor-icon-list-text\">L\u0130DERL\u0130K<\/span>\n\t\t\t\t\t\t\t\t\t<\/li>\n\t\t\t\t\t\t<\/ul>\n\t\t\t\t\t\t<\/div>\n\t\t\t\t<\/div>\n\t\t\t\t<div class=\"elementor-element elementor-element-bd1ba00 elementor-widget elementor-widget-text-editor\" data-id=\"bd1ba00\" data-element_type=\"widget\" data-widget_type=\"text-editor.default\">\n\t\t\t\t<div class=\"elementor-widget-container\">\n\t\t\t\t\t\t\t\t\tOrganizasyonel Liderlik ile at\u00f6lye\ny\u00f6netiminde rol model olu\u015fturarak\nproblemleri f\u0131rsata d\u00f6n\u00fc\u015ft\u00fcrmek liderin\nana misyonudur.\t\t\t\t\t\t\t\t<\/div>\n\t\t\t\t<\/div>\n\t\t\t\t<\/div>\n\t\t<div class=\"elementor-element elementor-element-fbea2a4 e-con-full e-flex rael-particle-no e-con e-child\" data-id=\"fbea2a4\" data-element_type=\"container\" data-settings=\"{&quot;rae_animations_entrance&quot;:&quot;none&quot;}\">\n\t\t\t\t<div class=\"elementor-element elementor-element-5692d23 elementor-widget elementor-widget-image\" data-id=\"5692d23\" data-element_type=\"widget\" data-widget_type=\"image.default\">\n\t\t\t\t<div class=\"elementor-widget-container\">\n\t\t\t\t\t\t\t\t\t\t\t\t\t\t\t<img decoding=\"async\" width=\"996\" height=\"954\" src=\"https:\/\/gembapartner.com\/wp-content\/uploads\/2024\/04\/katma-degerlerimiz-3.jpg\" class=\"attachment-large size-large wp-image-988114\" alt=\"gemba partner,yal\u0131n \u00fcretim,kaizen y\u00f6netim\" srcset=\"https:\/\/gembapartner.com\/wp-content\/uploads\/2024\/04\/katma-degerlerimiz-3.jpg 996w, https:\/\/gembapartner.com\/wp-content\/uploads\/2024\/04\/katma-degerlerimiz-3-300x287.jpg 300w, https:\/\/gembapartner.com\/wp-content\/uploads\/2024\/04\/katma-degerlerimiz-3-768x736.jpg 768w\" sizes=\"(max-width: 996px) 100vw, 996px\" \/>\t\t\t\t\t\t\t\t\t\t\t\t\t\t\t<\/div>\n\t\t\t\t<\/div>\n\t\t\t\t<div class=\"elementor-element elementor-element-7d2540b elementor-align-start elementor-icon-list--layout-traditional elementor-list-item-link-full_width elementor-widget elementor-widget-icon-list\" data-id=\"7d2540b\" data-element_type=\"widget\" data-widget_type=\"icon-list.default\">\n\t\t\t\t<div class=\"elementor-widget-container\">\n\t\t\t\t\t\t\t<ul class=\"elementor-icon-list-items\">\n\t\t\t\t\t\t\t<li class=\"elementor-icon-list-item\">\n\t\t\t\t\t\t\t\t\t\t\t<span class=\"elementor-icon-list-icon\">\n\t\t\t\t\t\t\t<i aria-hidden=\"true\" class=\"vamtamtheme- vamtam-theme-brand-symbol\"><\/i>\t\t\t\t\t\t<\/span>\n\t\t\t\t\t\t\t\t\t\t<span class=\"elementor-icon-list-text\">DE\u011eER OLU\u015eTURMAK<\/span>\n\t\t\t\t\t\t\t\t\t<\/li>\n\t\t\t\t\t\t<\/ul>\n\t\t\t\t\t\t<\/div>\n\t\t\t\t<\/div>\n\t\t\t\t<div class=\"elementor-element elementor-element-8944740 elementor-widget elementor-widget-text-editor\" data-id=\"8944740\" data-element_type=\"widget\" data-widget_type=\"text-editor.default\">\n\t\t\t\t<div class=\"elementor-widget-container\">\n\t\t\t\t\t\t\t\t\tS\u00fcre\u00e7leri tasarlamak, israf\u0131 ay\u0131rt edebilecek\nbak\u0131\u015f a\u00e7\u0131s\u0131n\u0131 \u00f6\u011fretebilmek De\u011fer\nolu\u015fturman\u0131n <br>ilk ad\u0131m\u0131d\u0131r.\t\t\t\t\t\t\t\t<\/div>\n\t\t\t\t<\/div>\n\t\t\t\t<\/div>\n\t\t<div class=\"elementor-element elementor-element-c524f3c e-con-full e-flex rael-particle-no e-con e-child\" data-id=\"c524f3c\" data-element_type=\"container\" data-settings=\"{&quot;rae_animations_entrance&quot;:&quot;none&quot;}\">\n\t\t\t\t<div class=\"elementor-element elementor-element-ea8c069 elementor-widget elementor-widget-image\" data-id=\"ea8c069\" data-element_type=\"widget\" data-widget_type=\"image.default\">\n\t\t\t\t<div class=\"elementor-widget-container\">\n\t\t\t\t\t\t\t\t\t\t\t\t\t\t\t<img loading=\"lazy\" decoding=\"async\" width=\"996\" height=\"954\" src=\"https:\/\/gembapartner.com\/wp-content\/uploads\/2024\/04\/yamazaki.jpg\" class=\"attachment-large size-large wp-image-988115\" alt=\"gemba partner,yal\u0131n \u00fcretim,kaizen y\u00f6netim\" srcset=\"https:\/\/gembapartner.com\/wp-content\/uploads\/2024\/04\/yamazaki.jpg 996w, https:\/\/gembapartner.com\/wp-content\/uploads\/2024\/04\/yamazaki-300x287.jpg 300w, https:\/\/gembapartner.com\/wp-content\/uploads\/2024\/04\/yamazaki-768x736.jpg 768w\" sizes=\"(max-width: 996px) 100vw, 996px\" \/>\t\t\t\t\t\t\t\t\t\t\t\t\t\t\t<\/div>\n\t\t\t\t<\/div>\n\t\t\t\t<div class=\"elementor-element elementor-element-71ef097 elementor-align-start elementor-icon-list--layout-traditional elementor-list-item-link-full_width elementor-widget elementor-widget-icon-list\" data-id=\"71ef097\" data-element_type=\"widget\" data-widget_type=\"icon-list.default\">\n\t\t\t\t<div class=\"elementor-widget-container\">\n\t\t\t\t\t\t\t<ul class=\"elementor-icon-list-items\">\n\t\t\t\t\t\t\t<li class=\"elementor-icon-list-item\">\n\t\t\t\t\t\t\t\t\t\t\t<span class=\"elementor-icon-list-icon\">\n\t\t\t\t\t\t\t<i aria-hidden=\"true\" class=\"vamtamtheme- vamtam-theme-brand-symbol\"><\/i>\t\t\t\t\t\t<\/span>\n\t\t\t\t\t\t\t\t\t\t<span class=\"elementor-icon-list-text\">M\u00dcKEMMELL\u0130K<\/span>\n\t\t\t\t\t\t\t\t\t<\/li>\n\t\t\t\t\t\t<\/ul>\n\t\t\t\t\t\t<\/div>\n\t\t\t\t<\/div>\n\t\t\t\t<div class=\"elementor-element elementor-element-3b879f6 elementor-widget elementor-widget-text-editor\" data-id=\"3b879f6\" data-element_type=\"widget\" data-widget_type=\"text-editor.default\">\n\t\t\t\t<div class=\"elementor-widget-container\">\n\t\t\t\t\t\t\t\t\tSonsuz bir geli\u015fim s\u00fcrecinde s\u00fcrekli yeni\nf\u0131rsatlara do\u011fru rota \u00e7izmek ve\nm\u00fckemmelin pe\u015fin hi\u00e7 b\u0131rakmadan,\n\u015fimdiye meydan okumak\t\t\t\t\t\t\t\t<\/div>\n\t\t\t\t<\/div>\n\t\t\t\t<\/div>\n\t\t\t\t\t<\/div>\n\t\t\t\t<\/div>\n\t\t<div class=\"elementor-element elementor-element-2e7e356 e-flex e-con-boxed rael-particle-no e-con e-parent\" data-id=\"2e7e356\" data-element_type=\"container\" data-settings=\"{&quot;rae_animations_entrance&quot;:&quot;none&quot;}\">\n\t\t\t\t\t<div class=\"e-con-inner\">\n\t\t\t\t<div class=\"elementor-element elementor-element-f485027 elementor-widget elementor-widget-heading\" data-id=\"f485027\" data-element_type=\"widget\" data-widget_type=\"heading.default\">\n\t\t\t\t<div class=\"elementor-widget-container\">\n\t\t\t\t\t<h2 class=\"elementor-heading-title elementor-size-default\">Gemba Partner \u00c7\u00f6z\u00fcmleri Hakk\u0131nda Detayl\u0131 Bilgi Almak Deneyimli Ekibimizle Tan\u0131\u015fmak \u0130\u00e7in Toplant\u0131 Talep Edebilirsiniz.<\/h2>\t\t\t\t<\/div>\n\t\t\t\t<\/div>\n\t\t\t\t\t<\/div>\n\t\t\t\t<\/div>\n\t\t\t\t<\/div>\n\t\t","protected":false},"excerpt":{"rendered":"<p>Challenge Today for a Sustainable Tomorrow<\/p>","protected":false},"author":1,"featured_media":988628,"parent":988360,"menu_order":0,"comment_status":"closed","ping_status":"closed","template":"elementor_header_footer","meta":{"_seopress_robots_primary_cat":"","_seopress_titles_title":"Katma De\u011ferlerimiz %%sep%% %%sitetitle%%","_seopress_titles_desc":"Gemba Partner, yal\u0131n \u00fcretim ve kaizen y\u00f6netimiyle i\u015fletmelere de\u011fer katarak verimlili\u011fi art\u0131r\u0131r, israf\u0131 azalt\u0131r ve s\u00fcrd\u00fcr\u00fclebilir b\u00fcy\u00fcme sa\u011flar.","_seopress_robots_index":"","footnotes":""},"class_list":["post-988109","page","type-page","status-publish","has-post-thumbnail"],"_links":{"self":[{"href":"https:\/\/gembapartner.com\/en\/wp-json\/wp\/v2\/pages\/988109","targetHints":{"allow":["GET"]}}],"collection":[{"href":"https:\/\/gembapartner.com\/en\/wp-json\/wp\/v2\/pages"}],"about":[{"href":"https:\/\/gembapartner.com\/en\/wp-json\/wp\/v2\/types\/page"}],"author":[{"embeddable":true,"href":"https:\/\/gembapartner.com\/en\/wp-json\/wp\/v2\/users\/1"}],"replies":[{"embeddable":true,"href":"https:\/\/gembapartner.com\/en\/wp-json\/wp\/v2\/comments?post=988109"}],"version-history":[{"count":0,"href":"https:\/\/gembapartner.com\/en\/wp-json\/wp\/v2\/pages\/988109\/revisions"}],"up":[{"embeddable":true,"href":"https:\/\/gembapartner.com\/en\/wp-json\/wp\/v2\/pages\/988360"}],"wp:featuredmedia":[{"embeddable":true,"href":"https:\/\/gembapartner.com\/en\/wp-json\/wp\/v2\/media\/988628"}],"wp:attachment":[{"href":"https:\/\/gembapartner.com\/en\/wp-json\/wp\/v2\/media?parent=988109"}],"curies":[{"name":"wp","href":"https:\/\/api.w.org\/{rel}","templated":true}]}}