{"id":988147,"date":"2024-04-26T18:24:16","date_gmt":"2024-04-26T15:24:16","guid":{"rendered":"https:\/\/gembapartner.bktechin.com\/?page_id=988147"},"modified":"2025-12-11T15:13:38","modified_gmt":"2025-12-11T12:13:38","slug":"tpm-toplam-verimli-yonetim-danismanligi","status":"publish","type":"page","link":"https:\/\/gembapartner.com\/jp\/hizmetler\/tpm-toplam-verimli-yonetim-danismanligi\/","title":{"rendered":"TPM - \u7dcf\u5408\u751f\u7523\u7ba1\u7406\u30b3\u30f3\u30b5\u30eb\u30bf\u30f3\u30c8"},"content":{"rendered":"\t\t<div data-elementor-type=\"wp-page\" data-elementor-id=\"988147\" class=\"elementor elementor-988147\" data-elementor-post-type=\"page\">\n\t\t\t\t<div class=\"elementor-element elementor-element-1b1adee e-con-full e-flex rael-particle-no e-con e-parent\" data-id=\"1b1adee\" data-element_type=\"container\" data-settings=\"{&quot;background_background&quot;:&quot;classic&quot;,&quot;rae_animations_entrance&quot;:&quot;none&quot;}\">\n\t\t\t\t<div class=\"elementor-element elementor-element-068ada1 elementor-widget elementor-widget-heading\" data-id=\"068ada1\" data-element_type=\"widget\" data-widget_type=\"heading.default\">\n\t\t\t\t<div class=\"elementor-widget-container\">\n\t\t\t\t\t<h2 class=\"elementor-heading-title elementor-size-default\">\u00abSIFIR ARIZA \u00bb STRATEJ\u0130S\u0130N\u0130<br>\nGER\u00c7EKLE\u015eT\u0130RMEK HAYAL DE\u011e\u0130L<\/h2>\t\t\t\t<\/div>\n\t\t\t\t<\/div>\n\t\t\t\t<div class=\"elementor-element elementor-element-a53e008 elementor-widget elementor-widget-hfe-breadcrumbs-widget\" data-id=\"a53e008\" data-element_type=\"widget\" data-widget_type=\"hfe-breadcrumbs-widget.default\">\n\t\t\t\t<div class=\"elementor-widget-container\">\n\t\t\t\t\t<nav aria-label=\"Breadcrumb\"><ul class=\"hfe-breadcrumbs hfe-breadcrumbs-show-home\"><li class=\"hfe-breadcrumbs-item hfe-breadcrumbs-first\"><span class=\"hfe-breadcrumbs-home-icon\"><svg aria-hidden=\"true\" class=\"e-font-icon-svg e-fas-home\" viewBox=\"0 0 576 512\" xmlns=\"http:\/\/www.w3.org\/2000\/svg\"><path d=\"M280.37 148.26L96 300.11V464a16 16 0 0 0 16 16l112.06-.29a16 16 0 0 0 15.92-16V368a16 16 0 0 1 16-16h64a16 16 0 0 1 16 16v95.64a16 16 0 0 0 16 16.05L464 480a16 16 0 0 0 16-16V300L295.67 148.26a12.19 12.19 0 0 0-15.3 0zM571.6 251.47L488 182.56V44.05a12 12 0 0 0-12-12h-56a12 12 0 0 0-12 12v72.61L318.47 43a48 48 0 0 0-61 0L4.34 251.47a12 12 0 0 0-1.6 16.9l25.5 31A12 12 0 0 0 45.15 301l235.22-193.74a12.19 12.19 0 0 1 15.3 0L530.9 301a12 12 0 0 0 16.9-1.6l25.5-31a12 12 0 0 0-1.7-16.93z\"><\/path><\/svg><\/span><a href=\"https:\/\/gembapartner.com\/jp\"><span class=\"hfe-breadcrumbs-text\">Anasayfa<\/span><\/a><\/li><\/ul><\/nav>\t\t\t\t<\/div>\n\t\t\t\t<\/div>\n\t\t\t\t<\/div>\n\t\t<div class=\"elementor-element elementor-element-69d5566 e-flex e-con-boxed rael-particle-no e-con e-parent\" data-id=\"69d5566\" data-element_type=\"container\" data-settings=\"{&quot;rae_animations_entrance&quot;:&quot;none&quot;}\">\n\t\t\t\t\t<div class=\"e-con-inner\">\n\t\t\t\t<div class=\"elementor-element elementor-element-7a65ec0 elementor-widget elementor-widget-spacer\" data-id=\"7a65ec0\" data-element_type=\"widget\" data-widget_type=\"spacer.default\">\n\t\t\t\t<div class=\"elementor-widget-container\">\n\t\t\t\t\t\t\t<div class=\"elementor-spacer\">\n\t\t\t<div class=\"elementor-spacer-inner\"><\/div>\n\t\t<\/div>\n\t\t\t\t\t\t<\/div>\n\t\t\t\t<\/div>\n\t\t\t\t<div class=\"elementor-element elementor-element-6ad6ac3 elementor-widget elementor-widget-heading\" data-id=\"6ad6ac3\" data-element_type=\"widget\" data-widget_type=\"heading.default\">\n\t\t\t\t<div class=\"elementor-widget-container\">\n\t\t\t\t\t<h2 class=\"elementor-heading-title elementor-size-default\">Ekipman verimlili\u011fi art\u0131k sadece bak\u0131m b\u00f6l\u00fcm\u00fc ile de\u011fil, t\u00fcm organizyonun aktif kat\u0131l\u0131m\u0131 ile sa\u011flanmaktad\u0131r. Ar\u0131za yapmayan, g\u00fcvenilir ekipman y\u00f6netimi i\u00e7in TPM.  <\/h2>\t\t\t\t<\/div>\n\t\t\t\t<\/div>\n\t\t\t\t\t<\/div>\n\t\t\t\t<\/div>\n\t\t\t\t<section class=\"elementor-section elementor-top-section elementor-element elementor-element-5f806ab elementor-section-content-middle elementor-section-height-min-height elementor-section-items-stretch elementor-reverse-mobile elementor-section-boxed elementor-section-height-default rael-particle-no\" data-id=\"5f806ab\" data-element_type=\"section\" data-settings=\"{&quot;rae_animations_entrance&quot;:&quot;none&quot;}\">\n\t\t\t\t\t\t<div class=\"elementor-container elementor-column-gap-no\">\n\t\t\t\t\t<div class=\"elementor-column elementor-col-50 elementor-top-column elementor-element elementor-element-6f407fb rael-particle-no\" data-id=\"6f407fb\" data-element_type=\"column\" data-settings=\"{&quot;background_background&quot;:&quot;classic&quot;}\">\n\t\t\t<div class=\"elementor-widget-wrap elementor-element-populated\">\n\t\t\t\t\t\t<div class=\"elementor-element elementor-element-7146ed6 elementor-icon-list--layout-traditional elementor-list-item-link-full_width elementor-widget elementor-widget-icon-list\" data-id=\"7146ed6\" data-element_type=\"widget\" data-widget_type=\"icon-list.default\">\n\t\t\t\t<div class=\"elementor-widget-container\">\n\t\t\t\t\t\t\t<ul class=\"elementor-icon-list-items\">\n\t\t\t\t\t\t\t<li class=\"elementor-icon-list-item\">\n\t\t\t\t\t\t\t\t\t\t\t<span class=\"elementor-icon-list-icon\">\n\t\t\t\t\t\t\t<i aria-hidden=\"true\" class=\"vamtamtheme- vamtam-theme-brand-symbol\"><\/i>\t\t\t\t\t\t<\/span>\n\t\t\t\t\t\t\t\t\t\t<span class=\"elementor-icon-list-text\">TPM TOPLAM VER\u0130ML\u0130 Y\u00d6NET\u0130M<\/span>\n\t\t\t\t\t\t\t\t\t<\/li>\n\t\t\t\t\t\t<\/ul>\n\t\t\t\t\t\t<\/div>\n\t\t\t\t<\/div>\n\t\t\t\t<div class=\"elementor-element elementor-element-3e46865 elementor-widget__width-initial elementor-widget elementor-widget-text-editor\" data-id=\"3e46865\" data-element_type=\"widget\" data-widget_type=\"text-editor.default\">\n\t\t\t\t<div class=\"elementor-widget-container\">\n\t\t\t\t\t\t\t\t\t<p>Japonlar taraf\u0131ndan geli\u015ftirilen TPM \u00f6nceleri fabrikan\u0131n toplam bak\u0131m faaliyetleri olarak uygulanmaya ba\u015flanm\u0131\u015f fakat daha sonra kat\u0131l\u0131mc\u0131 organizasyon faaliyetlerinin<br>geli\u015fmesi ile Toplam Verimli Y\u00f6netim ( Total Productive Management ) olarak son \u015feklini alm\u0131\u015ft\u0131r.<br><br>Fabrika s\u00fcre\u00e7lerindeki verimlilik, kalite, m\u00fc\u015fteri memnuniyeti sadece bir birimin sorumlulu\u011funda de\u011fil,t\u00fcm organizasyon \u00fcyelerinin aktif kat\u0131l\u0131m\u0131 ile ger\u00e7ekle\u015ftirilmesi gerekir d\u00fc\u015f\u00fcncesi ile kurgulanan etkin bir y\u00f6netim sistemi arac\u0131d\u0131r.<br><br>Daha h\u0131zl\u0131, daha az maliyetli, daha kaliteli \u00fcretim i\u00e7in g\u00fcvenilir ekipman olu\u015fturma faaliyetleri olmazsa olmazd\u0131r. Bundan dolay\u0131 Yal\u0131n \u00fcretim ile birlikte uygulanan TPM faaliyetleri Yal\u0131n \u00dcretim&#8217;in JIT tam zaman\u0131nda prensibini hayata ge\u00e7irmekteki en etkin<br>stratejilerden birisidir.<\/p>\t\t\t\t\t\t\t\t<\/div>\n\t\t\t\t<\/div>\n\t\t\t\t\t<\/div>\n\t\t<\/div>\n\t\t\t\t<div class=\"elementor-column elementor-col-50 elementor-top-column elementor-element elementor-element-f166103 rael-particle-no\" data-id=\"f166103\" data-element_type=\"column\" data-settings=\"{&quot;background_background&quot;:&quot;classic&quot;,&quot;motion_fx_motion_fx_scrolling&quot;:&quot;yes&quot;,&quot;motion_fx_translateY_effect&quot;:&quot;yes&quot;,&quot;motion_fx_translateY_speed&quot;:{&quot;unit&quot;:&quot;px&quot;,&quot;size&quot;:1,&quot;sizes&quot;:[]},&quot;motion_fx_translateY_affectedRange&quot;:{&quot;unit&quot;:&quot;%&quot;,&quot;size&quot;:&quot;&quot;,&quot;sizes&quot;:{&quot;start&quot;:0,&quot;end&quot;:51}},&quot;motion_fx_devices&quot;:[&quot;desktop&quot;]}\">\n\t\t\t<div class=\"elementor-widget-wrap\">\n\t\t\t\t\t\t\t<\/div>\n\t\t<\/div>\n\t\t\t\t\t<\/div>\n\t\t<\/section>\n\t\t<div class=\"elementor-element elementor-element-69bb544 e-flex e-con-boxed rael-particle-no e-con e-parent\" data-id=\"69bb544\" data-element_type=\"container\" data-settings=\"{&quot;rae_animations_entrance&quot;:&quot;none&quot;}\">\n\t\t\t\t\t<div class=\"e-con-inner\">\n\t\t<div class=\"elementor-element elementor-element-03c8f9c e-grid e-con-boxed rael-particle-no e-con e-child\" data-id=\"03c8f9c\" data-element_type=\"container\" data-settings=\"{&quot;rae_animations_entrance&quot;:&quot;none&quot;}\">\n\t\t\t\t\t<div class=\"e-con-inner\">\n\t\t\t\t<div class=\"elementor-element elementor-element-0b9cee2 elementor-widget elementor-widget-text-editor\" data-id=\"0b9cee2\" data-element_type=\"widget\" data-widget_type=\"text-editor.default\">\n\t\t\t\t<div class=\"elementor-widget-container\">\n\t\t\t\t\t\t\t\t\t<p><span style=\"font-family: 'Open Sans', sans-serif; font-size: 16px; font-style: normal; font-variant-ligatures: normal; font-variant-caps: normal; font-weight: 400;\">Sadece ekipman bak\u0131m\u0131 de\u011fil, t\u00fcm s\u00fcre\u00e7lerin organizasyonun her kademesindeki \u00fcyelerinin kat\u0131l\u0131m\u0131 ile\u00a0<\/span><span style=\"font-family: 'Open Sans', sans-serif; font-size: 16px; font-style: normal; font-variant-ligatures: normal; font-variant-caps: normal; font-weight: 400;\">bak\u0131ml\u0131lar\u0131n\u0131n di\u011fer bir de\u011fi\u015fle iyile\u015ftirilerek korunmas\u0131 esas al\u0131n\u0131r.<\/span><\/p><p><span style=\"font-family: 'Open Sans', sans-serif; font-size: 16px; font-style: normal; font-variant-ligatures: normal; font-variant-caps: normal; font-weight: 400;\">TPM uygulamalar\u0131nda destek oldu\u011fumuz m\u00fc\u015fteri firmalar\u0131m\u0131z\u0131n \u00f6ncelikle ekipman y\u00f6netimi iyile\u015ftirilerek\u00a0<\/span><span style=\"font-family: 'Open Sans', sans-serif; font-size: 16px; font-style: normal; font-variant-ligatures: normal; font-variant-caps: normal; font-weight: 400;\">end\u00fcstriyel bak\u0131mda operasyonel m\u00fckemmelli\u011fe ilerleme planlar\u0131 \u00fczerinde \u00e7al\u0131\u015fmalar yap\u0131l\u0131r<\/span><\/p>\t\t\t\t\t\t\t\t<\/div>\n\t\t\t\t<\/div>\n\t\t\t\t<div class=\"elementor-element elementor-element-bdc0cdd elementor-widget elementor-widget-text-editor\" data-id=\"bdc0cdd\" data-element_type=\"widget\" data-widget_type=\"text-editor.default\">\n\t\t\t\t<div class=\"elementor-widget-container\">\n\t\t\t\t\t\t\t\t\t<p>Toplam Ekipman Etkinli\u011fi ( OEE ) \u00f6l\u00e7\u00fcm\u00fc yap\u0131larak global bir metrik haline d\u00f6n\u00fc\u015ft\u00fcr\u00fcl\u00fcr ve OEE parametrelerini olu\u015fturulan 6 B\u00fcy\u00fck Kay\u0131p konular\u0131 ana iyile\u015ftirme maddeleri olarak y\u00f6netilir. B\u00f6ylece operasyonel karl\u0131l\u0131\u011f\u0131 artt\u0131r\u0131c\u0131 faaliyetlere hayata ge\u00e7irilir.<\/p>\t\t\t\t\t\t\t\t<\/div>\n\t\t\t\t<\/div>\n\t\t\t\t\t<\/div>\n\t\t\t\t<\/div>\n\t\t\t\t\t<\/div>\n\t\t\t\t<\/div>\n\t\t<div class=\"elementor-element elementor-element-60fcf06 e-flex e-con-boxed rael-particle-no e-con e-parent\" data-id=\"60fcf06\" data-element_type=\"container\" data-settings=\"{&quot;background_background&quot;:&quot;gradient&quot;,&quot;rae_animations_entrance&quot;:&quot;none&quot;}\">\n\t\t\t\t\t<div class=\"e-con-inner\">\n\t\t<div class=\"elementor-element elementor-element-830affb e-con-full e-flex rael-particle-no e-con e-child\" data-id=\"830affb\" data-element_type=\"container\" data-settings=\"{&quot;rae_animations_entrance&quot;:&quot;none&quot;}\">\n\t\t\t\t<div class=\"elementor-element elementor-element-010a33a elementor-align-center elementor-icon-list--layout-traditional elementor-list-item-link-full_width elementor-widget elementor-widget-icon-list\" data-id=\"010a33a\" data-element_type=\"widget\" data-widget_type=\"icon-list.default\">\n\t\t\t\t<div class=\"elementor-widget-container\">\n\t\t\t\t\t\t\t<ul class=\"elementor-icon-list-items\">\n\t\t\t\t\t\t\t<li class=\"elementor-icon-list-item\">\n\t\t\t\t\t\t\t\t\t\t\t<span class=\"elementor-icon-list-icon\">\n\t\t\t\t\t\t\t<i aria-hidden=\"true\" class=\"vamtamtheme- vamtam-theme-brand-symbol\"><\/i>\t\t\t\t\t\t<\/span>\n\t\t\t\t\t\t\t\t\t\t<span class=\"elementor-icon-list-text\">TPM UYGULAMALARIYLA ELDE ED\u0130LEN \u00c7IKTILAR<\/span>\n\t\t\t\t\t\t\t\t\t<\/li>\n\t\t\t\t\t\t<\/ul>\n\t\t\t\t\t\t<\/div>\n\t\t\t\t<\/div>\n\t\t\t\t<div class=\"elementor-element elementor-element-8565717 elementor-widget elementor-widget-image\" data-id=\"8565717\" data-element_type=\"widget\" data-widget_type=\"image.default\">\n\t\t\t\t<div class=\"elementor-widget-container\">\n\t\t\t\t\t\t\t\t\t\t\t\t\t\t\t<img fetchpriority=\"high\" decoding=\"async\" width=\"1024\" height=\"588\" src=\"https:\/\/gembapartner.com\/wp-content\/uploads\/2024\/04\/tpm-chart-1024x588.png\" class=\"attachment-large size-large wp-image-988153\" alt=\"gemba partner,tpm,toplam verimli y\u00f6netim dan\u0131\u015fmanl\u0131\u011f\u0131,tpm dan\u0131\u015fmanl\u0131\u011f\u0131,tpm dan\u0131\u015fmanl\u0131k\" srcset=\"https:\/\/gembapartner.com\/wp-content\/uploads\/2024\/04\/tpm-chart-1024x588.png 1024w, https:\/\/gembapartner.com\/wp-content\/uploads\/2024\/04\/tpm-chart-300x172.png 300w, https:\/\/gembapartner.com\/wp-content\/uploads\/2024\/04\/tpm-chart-768x441.png 768w, https:\/\/gembapartner.com\/wp-content\/uploads\/2024\/04\/tpm-chart.png 1333w\" sizes=\"(max-width: 1024px) 100vw, 1024px\" \/>\t\t\t\t\t\t\t\t\t\t\t\t\t\t\t<\/div>\n\t\t\t\t<\/div>\n\t\t\t\t<\/div>\n\t\t<div class=\"elementor-element elementor-element-7767512 e-con-full e-flex rael-particle-no e-con e-child\" data-id=\"7767512\" data-element_type=\"container\" data-settings=\"{&quot;rae_animations_entrance&quot;:&quot;none&quot;}\">\n\t\t\t\t<div class=\"elementor-element elementor-element-0d9f1ff elementor-widget elementor-widget-image\" data-id=\"0d9f1ff\" data-element_type=\"widget\" data-widget_type=\"image.default\">\n\t\t\t\t<div class=\"elementor-widget-container\">\n\t\t\t\t\t\t\t\t\t\t\t\t\t\t\t<img decoding=\"async\" width=\"1000\" height=\"563\" src=\"https:\/\/gembapartner.com\/wp-content\/uploads\/2024\/04\/tpm-stock.jpeg\" class=\"attachment-large size-large wp-image-988152\" alt=\"gemba partner,tpm,toplam verimli y\u00f6netim dan\u0131\u015fmanl\u0131\u011f\u0131,tpm dan\u0131\u015fmanl\u0131\u011f\u0131,tpm dan\u0131\u015fmanl\u0131k\" srcset=\"https:\/\/gembapartner.com\/wp-content\/uploads\/2024\/04\/tpm-stock.jpeg 1000w, https:\/\/gembapartner.com\/wp-content\/uploads\/2024\/04\/tpm-stock-300x169.jpeg 300w, https:\/\/gembapartner.com\/wp-content\/uploads\/2024\/04\/tpm-stock-768x432.jpeg 768w\" sizes=\"(max-width: 1000px) 100vw, 1000px\" \/>\t\t\t\t\t\t\t\t\t\t\t\t\t\t\t<\/div>\n\t\t\t\t<\/div>\n\t\t\t\t<\/div>\n\t\t\t\t\t<\/div>\n\t\t\t\t<\/div>\n\t\t<div class=\"elementor-element elementor-element-1099c47 e-flex e-con-boxed rael-particle-no e-con e-parent\" data-id=\"1099c47\" data-element_type=\"container\" data-settings=\"{&quot;rae_animations_entrance&quot;:&quot;none&quot;}\">\n\t\t\t\t\t<div class=\"e-con-inner\">\n\t\t\t\t<div class=\"elementor-element elementor-element-b918250 elementor-widget elementor-widget-heading\" data-id=\"b918250\" data-element_type=\"widget\" data-widget_type=\"heading.default\">\n\t\t\t\t<div class=\"elementor-widget-container\">\n\t\t\t\t\t<h2 class=\"elementor-heading-title elementor-size-default\">Detayl\u0131 Bilgi Almak i\u00e7in l\u00fctfen ileti\u015fime ge\u00e7in<\/h2>\t\t\t\t<\/div>\n\t\t\t\t<\/div>\n\t\t\t\t<div class=\"elementor-element elementor-element-6ba50d1 elementor-widget elementor-widget-shortcode\" data-id=\"6ba50d1\" data-element_type=\"widget\" data-widget_type=\"shortcode.default\">\n\t\t\t\t<div class=\"elementor-widget-container\">\n\t\t\t\t\t\t\t<div class=\"elementor-shortcode\">\n<div class=\"wpcf7 no-js\" id=\"wpcf7-f100005428-o1\" lang=\"tr-TR\" dir=\"ltr\" data-wpcf7-id=\"100005428\">\n<div class=\"screen-reader-response\"><p role=\"status\" aria-live=\"polite\" aria-atomic=\"true\"><\/p> <ul><\/ul><\/div>\n<form action=\"\/jp\/wp-json\/wp\/v2\/pages\/988147#wpcf7-f100005428-o1\" method=\"post\" class=\"wpcf7-form init\" aria-label=\"\u0130leti\u015fim Formu\" novalidate=\"novalidate\" data-status=\"init\">\n<fieldset class=\"hidden-fields-container\"><input type=\"hidden\" name=\"_wpcf7\" value=\"100005428\" \/><input type=\"hidden\" name=\"_wpcf7_version\" value=\"6.1.5\" \/><input type=\"hidden\" name=\"_wpcf7_locale\" value=\"tr_TR\" \/><input type=\"hidden\" name=\"_wpcf7_unit_tag\" value=\"wpcf7-f100005428-o1\" \/><input type=\"hidden\" name=\"_wpcf7_container_post\" value=\"0\" \/><input type=\"hidden\" name=\"_wpcf7_posted_data_hash\" value=\"\" \/><input type=\"hidden\" name=\"_wpcf7_recaptcha_response\" value=\"\" \/>\n<\/fieldset>\n<p><label> Ad\u0131n\u0131z Soyad\u0131n\u0131z<br \/>\n<span class=\"wpcf7-form-control-wrap\" data-name=\"your-name\"><input size=\"40\" maxlength=\"400\" class=\"wpcf7-form-control wpcf7-text wpcf7-validates-as-required\" autocomplete=\"name\" aria-required=\"true\" aria-invalid=\"false\" value=\"\" type=\"text\" name=\"your-name\" \/><\/span> <\/label>\n<\/p>\n<p><label> E-posta adresiniz<br \/>\n<span class=\"wpcf7-form-control-wrap\" data-name=\"your-email\"><input size=\"40\" maxlength=\"400\" class=\"wpcf7-form-control wpcf7-email wpcf7-validates-as-required wpcf7-text wpcf7-validates-as-email\" autocomplete=\"email\" aria-required=\"true\" aria-invalid=\"false\" value=\"\" type=\"email\" name=\"your-email\" \/><\/span> <\/label>\n<\/p>\n<p><label> Konu<br \/>\n<span class=\"wpcf7-form-control-wrap\" data-name=\"your-subject\"><input size=\"40\" maxlength=\"400\" class=\"wpcf7-form-control wpcf7-text wpcf7-validates-as-required\" aria-required=\"true\" aria-invalid=\"false\" value=\"\" type=\"text\" name=\"your-subject\" \/><\/span> <\/label>\n<\/p>\n<p><label> A\u00e7\u0131klama<br \/>\n<span class=\"wpcf7-form-control-wrap\" data-name=\"your-message\"><textarea cols=\"40\" rows=\"10\" maxlength=\"2000\" class=\"wpcf7-form-control wpcf7-textarea\" aria-invalid=\"false\" name=\"your-message\"><\/textarea><\/span> <\/label>\n<\/p>\n<p><input class=\"wpcf7-form-control wpcf7-submit has-spinner\" type=\"submit\" value=\"G\u00f6nder\" \/>\n<\/p><div class=\"wpcf7-response-output\" aria-hidden=\"true\"><\/div>\n<\/form>\n<\/div>\n<\/div>\n\t\t\t\t\t\t<\/div>\n\t\t\t\t<\/div>\n\t\t\t\t\t<\/div>\n\t\t\t\t<\/div>\n\t\t\t\t<\/div>\n\t\t","protected":false},"excerpt":{"rendered":"<p>\u00abSIFIR ARIZA \u00bb STRATEJ\u0130S\u0130N\u0130 GER\u00c7EKLE\u015eT\u0130RMEK HAYAL DE\u011e\u0130L Anasayfa Ekipman verimlili\u011fi art\u0131k sadece bak\u0131m b\u00f6l\u00fcm\u00fc ile de\u011fil, t\u00fcm organizyonun aktif kat\u0131l\u0131m\u0131 ile sa\u011flanmaktad\u0131r. Ar\u0131za yapmayan, g\u00fcvenilir ekipman y\u00f6netimi i\u00e7in TPM. TPM TOPLAM VER\u0130ML\u0130 Y\u00d6NET\u0130M Japonlar taraf\u0131ndan geli\u015ftirilen TPM \u00f6nceleri fabrikan\u0131n toplam bak\u0131m faaliyetleri olarak uygulanmaya ba\u015flanm\u0131\u015f fakat daha sonra kat\u0131l\u0131mc\u0131 organizasyon faaliyetleriningeli\u015fmesi ile Toplam Verimli Y\u00f6netim ( Total Productive Management ) olarak son \u015feklini alm\u0131\u015ft\u0131r. Fabrika s\u00fcre\u00e7lerindeki verimlilik, kalite, m\u00fc\u015fteri memnuniyeti sadece bir birimin sorumlulu\u011funda de\u011fil,t\u00fcm organizasyon \u00fcyelerinin aktif kat\u0131l\u0131m\u0131 ile ger\u00e7ekle\u015ftirilmesi gerekir d\u00fc\u015f\u00fcncesi ile kurgulanan etkin bir y\u00f6netim sistemi arac\u0131d\u0131r. Daha h\u0131zl\u0131, daha az maliyetli, daha kaliteli \u00fcretim i\u00e7in g\u00fcvenilir ekipman olu\u015fturma faaliyetleri olmazsa olmazd\u0131r. Bundan dolay\u0131 Yal\u0131n \u00fcretim ile&#8230;<\/p>","protected":false},"author":1,"featured_media":988151,"parent":988362,"menu_order":0,"comment_status":"closed","ping_status":"closed","template":"elementor_header_footer","meta":{"_seopress_robots_primary_cat":"","_seopress_titles_title":"TPM \u2013 Toplam Verimli Y\u00f6netim Dan\u0131\u015fmanl\u0131\u011f\u0131","_seopress_titles_desc":"Gemba Partner\u2019in TPM \u2013 Toplam Verimli Y\u00f6netim Dan\u0131\u015fmanl\u0131\u011f\u0131, i\u015fletmelerin s\u00fcre\u00e7lerini optimize ederek verimlili\u011fi art\u0131r\u0131r ve s\u00fcrd\u00fcr\u00fclebilir ba\u015far\u0131y\u0131 sa\u011flar.","_seopress_robots_index":"","footnotes":""},"class_list":["post-988147","page","type-page","status-publish","has-post-thumbnail"],"_links":{"self":[{"href":"https:\/\/gembapartner.com\/jp\/wp-json\/wp\/v2\/pages\/988147","targetHints":{"allow":["GET"]}}],"collection":[{"href":"https:\/\/gembapartner.com\/jp\/wp-json\/wp\/v2\/pages"}],"about":[{"href":"https:\/\/gembapartner.com\/jp\/wp-json\/wp\/v2\/types\/page"}],"author":[{"embeddable":true,"href":"https:\/\/gembapartner.com\/jp\/wp-json\/wp\/v2\/users\/1"}],"replies":[{"embeddable":true,"href":"https:\/\/gembapartner.com\/jp\/wp-json\/wp\/v2\/comments?post=988147"}],"version-history":[{"count":0,"href":"https:\/\/gembapartner.com\/jp\/wp-json\/wp\/v2\/pages\/988147\/revisions"}],"up":[{"embeddable":true,"href":"https:\/\/gembapartner.com\/jp\/wp-json\/wp\/v2\/pages\/988362"}],"wp:featuredmedia":[{"embeddable":true,"href":"https:\/\/gembapartner.com\/jp\/wp-json\/wp\/v2\/media\/988151"}],"wp:attachment":[{"href":"https:\/\/gembapartner.com\/jp\/wp-json\/wp\/v2\/media?parent=988147"}],"curies":[{"name":"wp","href":"https:\/\/api.w.org\/{rel}","templated":true}]}}