{"id":988157,"date":"2024-04-26T18:32:02","date_gmt":"2024-04-26T15:32:02","guid":{"rendered":"https:\/\/gembapartner.bktechin.com\/?page_id=988157"},"modified":"2025-12-11T15:14:48","modified_gmt":"2025-12-11T12:14:48","slug":"yeni-yerlesim-fabrika-kurulum-projeleri","status":"publish","type":"page","link":"https:\/\/gembapartner.com\/jp\/hizmetler\/yeni-yerlesim-fabrika-kurulum-projeleri\/","title":{"rendered":"\u65b0\u898f\u958b\u62d3\uff0f\u5de5\u5834\u8a2d\u7f6e\u30d7\u30ed\u30b8\u30a7\u30af\u30c8"},"content":{"rendered":"<div data-elementor-type=\"wp-page\" data-elementor-id=\"988157\" class=\"elementor elementor-988157\" data-elementor-post-type=\"page\">\n\t\t\t\t<div class=\"elementor-element elementor-element-e461353 e-con-full e-flex rael-particle-no e-con e-parent\" data-id=\"e461353\" data-element_type=\"container\" data-settings=\"{&quot;background_background&quot;:&quot;classic&quot;}\">\n\t\t\t\t<div class=\"elementor-element elementor-element-5bf9283 elementor-widget elementor-widget-heading\" data-id=\"5bf9283\" data-element_type=\"widget\" data-widget_type=\"heading.default\">\n\t\t\t\t<div class=\"elementor-widget-container\">\n\t\t\t\t\t<h2 class=\"elementor-heading-title elementor-size-default\">\u6700\u521d\u304b\u3089\u30d7\u30ed\u30bb\u30b9\u306e\u6700\u9069\u5316<\/h2>\t\t\t\t<\/div>\n\t\t\t\t<\/div>\n\t\t\t\t<div class=\"elementor-element elementor-element-e79e00c elementor-widget elementor-widget-heading\" data-id=\"e79e00c\" data-element_type=\"widget\" data-widget_type=\"heading.default\">\n\t\t\t\t<div class=\"elementor-widget-container\">\n\t\t\t\t\t<h2 class=\"elementor-heading-title elementor-size-default\">\u7d99\u7d9a\u7684\u306a\u6d41\u308c\u3001\u6301\u7d9a\u53ef\u80fd\u306a\u7d4c\u55b6<\/h2>\t\t\t\t<\/div>\n\t\t\t\t<\/div>\n\t\t\t\t<div class=\"elementor-element elementor-element-a60aa44 elementor-widget elementor-widget-hfe-breadcrumbs-widget\" data-id=\"a60aa44\" data-element_type=\"widget\" data-widget_type=\"hfe-breadcrumbs-widget.default\">\n\t\t\t\t<div class=\"elementor-widget-container\">\n\t\t\t\t\t<nav aria-label=\"Breadcrumb\"><ul class=\"hfe-breadcrumbs hfe-breadcrumbs-show-home\"><li class=\"hfe-breadcrumbs-item hfe-breadcrumbs-first\"><span class=\"hfe-breadcrumbs-home-icon\"><svg aria-hidden=\"true\" class=\"e-font-icon-svg e-fas-home\" viewbox=\"0 0 576 512\" xmlns=\"http:\/\/www.w3.org\/2000\/svg\"><path d=\"M280.37 148.26L96 300.11V464a16 16 0 0 0 16 16l112.06-.29a16 16 0 0 0 15.92-16V368a16 16 0 0 1 16-16h64a16 16 0 0 1 16 16v95.64a16 16 0 0 0 16 16.05L464 480a16 16 0 0 0 16-16V300L295.67 148.26a12.19 12.19 0 0 0-15.3 0zM571.6 251.47L488 182.56V44.05a12 12 0 0 0-12-12h-56a12 12 0 0 0-12 12v72.61L318.47 43a48 48 0 0 0-61 0L4.34 251.47a12 12 0 0 0-1.6 16.9l25.5 31A12 12 0 0 0 45.15 301l235.22-193.74a12.19 12.19 0 0 1 15.3 0L530.9 301a12 12 0 0 0 16.9-1.6l25.5-31a12 12 0 0 0-1.7-16.93z\"><\/path><\/svg><\/span><a href=\"https:\/\/gembapartner.com\/jp\"><span class=\"hfe-breadcrumbs-text\">Anasayfa<\/span><\/a><\/li><\/ul><\/nav>\t\t\t\t<\/div>\n\t\t\t\t<\/div>\n\t\t\t\t<\/div>\n\t\t<div class=\"elementor-element elementor-element-c845863 e-flex e-con-boxed rael-particle-no e-con e-parent\" data-id=\"c845863\" data-element_type=\"container\">\n\t\t\t\t\t<div class=\"e-con-inner\">\n\t\t\t\t<div class=\"elementor-element elementor-element-2af9347 elementor-widget elementor-widget-spacer\" data-id=\"2af9347\" data-element_type=\"widget\" data-widget_type=\"spacer.default\">\n\t\t\t\t<div class=\"elementor-widget-container\">\n\t\t\t\t\t\t\t<div class=\"elementor-spacer\">\n\t\t\t<div class=\"elementor-spacer-inner\"><\/div>\n\t\t<\/div>\n\t\t\t\t\t\t<\/div>\n\t\t\t\t<\/div>\n\t\t\t\t\t<\/div>\n\t\t\t\t<\/div>\n\t\t\t\t<section class=\"elementor-section elementor-top-section elementor-element elementor-element-d7c1940 elementor-section-content-middle elementor-section-height-min-height elementor-section-items-stretch elementor-reverse-mobile elementor-section-boxed elementor-section-height-default rael-particle-no\" data-id=\"d7c1940\" data-element_type=\"section\">\n\t\t\t\t\t\t<div class=\"elementor-container elementor-column-gap-no\">\n\t\t\t\t\t<div class=\"elementor-column elementor-col-50 elementor-top-column elementor-element elementor-element-e1bd513 rael-particle-no\" data-id=\"e1bd513\" data-element_type=\"column\">\n\t\t\t<div class=\"elementor-widget-wrap elementor-element-populated\">\n\t\t\t\t\t\t<div class=\"elementor-element elementor-element-f86f298 elementor-icon-list--layout-traditional elementor-list-item-link-full_width elementor-widget elementor-widget-icon-list\" data-id=\"f86f298\" data-element_type=\"widget\" data-widget_type=\"icon-list.default\">\n\t\t\t\t<div class=\"elementor-widget-container\">\n\t\t\t\t\t\t\t<ul class=\"elementor-icon-list-items\">\n\t\t\t\t\t\t\t<li class=\"elementor-icon-list-item\">\n\t\t\t\t\t\t\t\t\t\t\t<span class=\"elementor-icon-list-icon\">\n\t\t\t\t\t\t\t<i aria-hidden=\"true\" class=\"vamtamtheme- vamtam-theme-brand-symbol\"><\/i>\t\t\t\t\t\t<\/span>\n\t\t\t\t\t\t\t\t\t\t<span class=\"elementor-icon-list-text\">\u65b0\u5de5\u5834\uff0f\u30ec\u30a4\u30a2\u30a6\u30c8\u8a08\u753b<\/span>\n\t\t\t\t\t\t\t\t\t<\/li>\n\t\t\t\t\t\t<\/ul>\n\t\t\t\t\t\t<\/div>\n\t\t\t\t<\/div>\n\t\t\t\t<div class=\"elementor-element elementor-element-e9a6ced elementor-widget__width-initial elementor-widget elementor-widget-text-editor\" data-id=\"e9a6ced\" data-element_type=\"widget\" data-widget_type=\"text-editor.default\">\n\t\t\t\t<div class=\"elementor-widget-container\">\n\t\t\t\t\t\t\t\t\t<p>\u5de5\u5834\u30ec\u30a4\u30a2\u30a6\u30c8\u306e\u8a08\u753b\u306f\u3001\u7d99\u7d9a\u7684\u306a\u88fd\u54c1\u306e\u6d41\u308c\u3092\u78ba\u4fdd\u3057\u3001\u9867\u5ba2\u306b\u6642\u9593\u901a\u308a\u306b\u5c4a\u3051\u308b\u305f\u3081\u306e\u91cd\u8981\u306a\u8981\u7d20\u3067\u3042\u308b\u3002\u30ea\u30fc\u30f3\u306e\u539f\u5247\u306b\u5f93\u3063\u3066\u5de5\u5834\u306e\u30ec\u30a4\u30a2\u30a6\u30c8\u3092\u3046\u307e\u304f\u8a2d\u8a08\u3059\u308b\u3053\u3068\u3067\u3001\u751f\u7523\u306e\u5909\u52d5\u3092\u9632\u304e\u3001\u5de5\u5834\u306e\u52b9\u7387\u3068\u751f\u7523\u306e\u67d4\u8edf\u6027\u3092\u5927\u5e45\u306b\u5411\u4e0a\u3055\u305b\u308b\u3053\u3068\u304c\u3067\u304d\u307e\u3059\u3002<\/p>\n<p>\u30d5\u30ed\u30fc\u539f\u5247\u304b\u3089\u96e2\u308c\u305f\u30ec\u30a4\u30a2\u30a6\u30c8\u30d7\u30e9\u30f3\u3092\u4f5c\u6210\u3057\u305f\u5834\u5408\u3001\u3053\u306e\u554f\u984c\u306f\u751f\u7523\u30fb\u4fdd\u7ba1\u306a\u3069\u306e\u8a2d\u5099\u306b\u3068\u3063\u3066\u7d99\u7d9a\u7684\u306a\u30dc\u30c8\u30eb\u30cd\u30c3\u30af\u3068\u3057\u3066\u4f4d\u7f6e\u3065\u3051\u3089\u308c\u308b\u53ef\u80fd\u6027\u304c\u3042\u308b\u3002\u8a2d\u5099\u306e\u914d\u7f6e\u8a08\u753b\u3092\u4f5c\u6210\u3059\u308b\u524d\u306b\u3001\u88fd\u54c1\u306e\u7406\u60f3\u7684\u306a\u6d41\u308c\u3068\u4f01\u696d\u306e\u5c06\u6765\u6226\u7565\u3092\u8003\u616e\u3059\u3079\u304d\u3067\u3042\u308b\u3002\u6700\u5c0f\u306e\u79fb\u52d5\u3001\u6700\u5c0f\u306e\u8f38\u9001\u3092\u76ee\u6a19\u306b\u8a2d\u5099\u52d5\u7dda\u8a08\u753b\u3092\u4f5c\u6210\u3059\u308b\u5fc5\u8981\u304c\u3042\u308b\u3002&nbsp;&nbsp;<\/p><p>\u3053\u306e\u6642\u70b9\u3067\u3001\u5c06\u6765\u7684\u306b\u30ea\u30fc\u30f3\u30d5\u30ed\u30fc\u3067\u306e\u751f\u7523\u3092\u5e0c\u671b\u3057\u3001\u30d7\u30ed\u30bb\u30b9\u306e\u5b8c\u74a7\u306a\u9042\u884c\u3092\u76ee\u6307\u3057\u3001\u5de5\u5834\u3084\u65bd\u8a2d\u306e\u4f7f\u7528\u30a8\u30ea\u30a2\u306e\u6700\u9069\u5316\u3092\u6226\u7565\u3068\u3057\u3066\u78ba\u7acb\u3057\u305f\u3044\u4f01\u696d\u306e\u79fb\u8ee2\u30fb\u518d\u5b9a\u4f4f\u8a08\u753b\u30d7\u30ed\u30bb\u30b9\u3092\u652f\u63f4\u3059\u308b\u3053\u3068\u3067\u3001\u4eca\u5f8c\u5b9f\u65bd\u3055\u308c\u308b\u30aa\u30da\u30ec\u30fc\u30b7\u30e7\u30ca\u30eb\u30fb\u30a8\u30af\u30bb\u30ec\u30f3\u30b9\u7814\u7a76\u306e\u57fa\u790e\u3092\u5f62\u6210\u3059\u308b\u3002&nbsp;<\/p>\t\t\t\t\t\t\t\t<\/div>\n\t\t\t\t<\/div>\n\t\t\t\t\t<\/div>\n\t\t<\/div>\n\t\t\t\t<div class=\"elementor-column elementor-col-50 elementor-top-column elementor-element elementor-element-9986062 rael-particle-no\" data-id=\"9986062\" data-element_type=\"column\" data-settings=\"{&quot;background_background&quot;:&quot;classic&quot;,&quot;motion_fx_motion_fx_scrolling&quot;:&quot;yes&quot;,&quot;motion_fx_translateY_effect&quot;:&quot;yes&quot;,&quot;motion_fx_translateY_speed&quot;:{&quot;unit&quot;:&quot;px&quot;,&quot;size&quot;:1,&quot;sizes&quot;:[]},&quot;motion_fx_translateY_affectedRange&quot;:{&quot;unit&quot;:&quot;%&quot;,&quot;size&quot;:&quot;&quot;,&quot;sizes&quot;:{&quot;start&quot;:0,&quot;end&quot;:51}},&quot;motion_fx_devices&quot;:[&quot;desktop&quot;]}\">\n\t\t\t<div class=\"elementor-widget-wrap elementor-element-populated\">\n\t\t\t\t\t\t<div class=\"elementor-element elementor-element-21f312a elementor-widget elementor-widget-spacer\" data-id=\"21f312a\" data-element_type=\"widget\" data-widget_type=\"spacer.default\">\n\t\t\t\t<div class=\"elementor-widget-container\">\n\t\t\t\t\t\t\t<div class=\"elementor-spacer\">\n\t\t\t<div class=\"elementor-spacer-inner\"><\/div>\n\t\t<\/div>\n\t\t\t\t\t\t<\/div>\n\t\t\t\t<\/div>\n\t\t\t\t\t<\/div>\n\t\t<\/div>\n\t\t\t\t\t<\/div>\n\t\t<\/section>\n\t\t\t\t<section class=\"elementor-section elementor-top-section elementor-element elementor-element-9bd97c4 elementor-section-content-middle elementor-section-height-min-height elementor-section-items-stretch elementor-reverse-mobile elementor-section-boxed elementor-section-height-default rael-particle-no\" data-id=\"9bd97c4\" data-element_type=\"section\">\n\t\t\t\t\t\t<div class=\"elementor-container elementor-column-gap-no\">\n\t\t\t\t\t<div class=\"elementor-column elementor-col-50 elementor-top-column elementor-element elementor-element-2e11ccc rael-particle-no\" data-id=\"2e11ccc\" data-element_type=\"column\">\n\t\t\t<div class=\"elementor-widget-wrap elementor-element-populated\">\n\t\t\t\t\t\t<div class=\"elementor-element elementor-element-12b8e8c elementor-widget__width-initial elementor-icon-list--layout-traditional elementor-list-item-link-full_width elementor-widget elementor-widget-icon-list\" data-id=\"12b8e8c\" data-element_type=\"widget\" data-widget_type=\"icon-list.default\">\n\t\t\t\t<div class=\"elementor-widget-container\">\n\t\t\t\t\t\t\t<ul class=\"elementor-icon-list-items\">\n\t\t\t\t\t\t\t<li class=\"elementor-icon-list-item\">\n\t\t\t\t\t\t\t\t\t\t\t<span class=\"elementor-icon-list-icon\">\n\t\t\t\t\t\t\t<i aria-hidden=\"true\" class=\"vamtamtheme- vamtam-theme-brand-symbol\"><\/i>\t\t\t\t\t\t<\/span>\n\t\t\t\t\t\t\t\t\t\t<span class=\"elementor-icon-list-text\">\u548c\u89e3\u6848\u3092\u4f5c\u6210\u3059\u308b\u969b\u306b\u8003\u616e\u3059\u3079\u304d\u8981\u7d20 <\/span>\n\t\t\t\t\t\t\t\t\t<\/li>\n\t\t\t\t\t\t<\/ul>\n\t\t\t\t\t\t<\/div>\n\t\t\t\t<\/div>\n\t\t\t\t<div class=\"elementor-element elementor-element-40fff3b elementor-widget elementor-widget-spacer\" data-id=\"40fff3b\" data-element_type=\"widget\" data-widget_type=\"spacer.default\">\n\t\t\t\t<div class=\"elementor-widget-container\">\n\t\t\t\t\t\t\t<div class=\"elementor-spacer\">\n\t\t\t<div class=\"elementor-spacer-inner\"><\/div>\n\t\t<\/div>\n\t\t\t\t\t\t<\/div>\n\t\t\t\t<\/div>\n\t\t\t\t<div class=\"elementor-element elementor-element-fc2415d elementor-widget__width-initial elementor-icon-list--layout-traditional elementor-list-item-link-full_width elementor-widget elementor-widget-icon-list\" data-id=\"fc2415d\" data-element_type=\"widget\" data-widget_type=\"icon-list.default\">\n\t\t\t\t<div class=\"elementor-widget-container\">\n\t\t\t\t\t\t\t<ul class=\"elementor-icon-list-items\">\n\t\t\t\t\t\t\t<li class=\"elementor-icon-list-item\">\n\t\t\t\t\t\t\t\t\t\t\t<span class=\"elementor-icon-list-icon\">\n\t\t\t\t\t\t\t<svg aria-hidden=\"true\" class=\"e-font-icon-svg e-fas-circle\" viewbox=\"0 0 512 512\" xmlns=\"http:\/\/www.w3.org\/2000\/svg\"><path d=\"M256 8C119 8 8 119 8 256s111 248 248 248 248-111 248-248S393 8 256 8z\"><\/path><\/svg>\t\t\t\t\t\t<\/span>\n\t\t\t\t\t\t\t\t\t\t<span class=\"elementor-icon-list-text\">\u9023\u7d9a\u30d5\u30ed\u30fc\u539f\u7406\u306e\u78ba\u7acb<\/span>\n\t\t\t\t\t\t\t\t\t<\/li>\n\t\t\t\t\t\t\t\t<li class=\"elementor-icon-list-item\">\n\t\t\t\t\t\t\t\t\t\t\t<span class=\"elementor-icon-list-icon\">\n\t\t\t\t\t\t\t<svg aria-hidden=\"true\" class=\"e-font-icon-svg e-fas-circle\" viewbox=\"0 0 512 512\" xmlns=\"http:\/\/www.w3.org\/2000\/svg\"><path d=\"M256 8C119 8 8 119 8 256s111 248 248 248 248-111 248-248S393 8 256 8z\"><\/path><\/svg>\t\t\t\t\t\t<\/span>\n\t\t\t\t\t\t\t\t\t\t<span class=\"elementor-icon-list-text\">\u30b3\u30a2\u30fb\u30d0\u30ea\u30e5\u30fc\u3092\u69cb\u6210\u3059\u308b\u30d3\u30b8\u30cd\u30b9\u30fb\u30af\u30e9\u30b9\u30bf\u30fc\u306e\u7279\u5b9a<\/span>\n\t\t\t\t\t\t\t\t\t<\/li>\n\t\t\t\t\t\t\t\t<li class=\"elementor-icon-list-item\">\n\t\t\t\t\t\t\t\t\t\t\t<span class=\"elementor-icon-list-icon\">\n\t\t\t\t\t\t\t<svg aria-hidden=\"true\" class=\"e-font-icon-svg e-fas-circle\" viewbox=\"0 0 512 512\" xmlns=\"http:\/\/www.w3.org\/2000\/svg\"><path d=\"M256 8C119 8 8 119 8 256s111 248 248 248 248-111 248-248S393 8 256 8z\"><\/path><\/svg>\t\t\t\t\t\t<\/span>\n\t\t\t\t\t\t\t\t\t\t<span class=\"elementor-icon-list-text\">\u7121\u99c4\u306a\u52d5\u304d\u3092\u5f15\u304d\u8d77\u3053\u3059\u8981\u56e0\u306e\u6392\u9664<\/span>\n\t\t\t\t\t\t\t\t\t<\/li>\n\t\t\t\t\t\t\t\t<li class=\"elementor-icon-list-item\">\n\t\t\t\t\t\t\t\t\t\t\t<span class=\"elementor-icon-list-icon\">\n\t\t\t\t\t\t\t<svg aria-hidden=\"true\" class=\"e-font-icon-svg e-fas-circle\" viewbox=\"0 0 512 512\" xmlns=\"http:\/\/www.w3.org\/2000\/svg\"><path d=\"M256 8C119 8 8 119 8 256s111 248 248 248 248-111 248-248S393 8 256 8z\"><\/path><\/svg>\t\t\t\t\t\t<\/span>\n\t\t\t\t\t\t\t\t\t\t<span class=\"elementor-icon-list-text\">\u4e0d\u5fc5\u8981\u306a\u30b9\u30c8\u30c3\u30af\u5f62\u6210\u306e\u539f\u56e0\u3068\u306a\u308b\u4e0d\u5747\u8861\u306e\u89e3\u6d88<\/span>\n\t\t\t\t\t\t\t\t\t<\/li>\n\t\t\t\t\t\t\t\t<li class=\"elementor-icon-list-item\">\n\t\t\t\t\t\t\t\t\t\t\t<span class=\"elementor-icon-list-icon\">\n\t\t\t\t\t\t\t<svg aria-hidden=\"true\" class=\"e-font-icon-svg e-fas-circle\" viewbox=\"0 0 512 512\" xmlns=\"http:\/\/www.w3.org\/2000\/svg\"><path d=\"M256 8C119 8 8 119 8 256s111 248 248 248 248-111 248-248S393 8 256 8z\"><\/path><\/svg>\t\t\t\t\t\t<\/span>\n\t\t\t\t\t\t\t\t\t\t<span class=\"elementor-icon-list-text\">\u4ed8\u52a0\u4fa1\u5024\u751f\u7523\u306b\u5fc5\u8981\u306a\u6700\u4f4e\u9762\u7a4d\u306e\u6c7a\u5b9a<\/span>\n\t\t\t\t\t\t\t\t\t<\/li>\n\t\t\t\t\t\t\t\t<li class=\"elementor-icon-list-item\">\n\t\t\t\t\t\t\t\t\t\t\t<span class=\"elementor-icon-list-icon\">\n\t\t\t\t\t\t\t<svg aria-hidden=\"true\" class=\"e-font-icon-svg e-fas-circle\" viewbox=\"0 0 512 512\" xmlns=\"http:\/\/www.w3.org\/2000\/svg\"><path d=\"M256 8C119 8 8 119 8 256s111 248 248 248 248-111 248-248S393 8 256 8z\"><\/path><\/svg>\t\t\t\t\t\t<\/span>\n\t\t\t\t\t\t\t\t\t\t<span class=\"elementor-icon-list-text\">\u6750\u6599\u30d5\u30ed\u30fc\u3068\u4f9b\u7d66\u306b\u304a\u3051\u308b\u6700\u77ed\u30eb\u30fc\u30c8\u306e\u6c7a\u5b9a<\/span>\n\t\t\t\t\t\t\t\t\t<\/li>\n\t\t\t\t\t\t<\/ul>\n\t\t\t\t\t\t<\/div>\n\t\t\t\t<\/div>\n\t\t\t\t\t<\/div>\n\t\t<\/div>\n\t\t\t\t<div class=\"elementor-column elementor-col-50 elementor-top-column elementor-element elementor-element-e0c9ce3 rael-particle-no\" data-id=\"e0c9ce3\" data-element_type=\"column\" data-settings=\"{&quot;background_background&quot;:&quot;classic&quot;,&quot;motion_fx_motion_fx_scrolling&quot;:&quot;yes&quot;,&quot;motion_fx_translateY_effect&quot;:&quot;yes&quot;,&quot;motion_fx_translateY_speed&quot;:{&quot;unit&quot;:&quot;px&quot;,&quot;size&quot;:1,&quot;sizes&quot;:[]},&quot;motion_fx_translateY_affectedRange&quot;:{&quot;unit&quot;:&quot;%&quot;,&quot;size&quot;:&quot;&quot;,&quot;sizes&quot;:{&quot;start&quot;:0,&quot;end&quot;:51}},&quot;motion_fx_devices&quot;:[&quot;desktop&quot;]}\">\n\t\t\t<div class=\"elementor-widget-wrap\">\n\t\t\t\t\t\t\t<\/div>\n\t\t<\/div>\n\t\t\t\t\t<\/div>\n\t\t<\/section>\n\t\t<div class=\"elementor-element elementor-element-65c1702 e-flex e-con-boxed rael-particle-no e-con e-parent\" data-id=\"65c1702\" data-element_type=\"container\">\n\t\t\t\t\t<div class=\"e-con-inner\">\n\t\t\t\t<div class=\"elementor-element elementor-element-2a7b06f elementor-widget elementor-widget-heading\" data-id=\"2a7b06f\" data-element_type=\"widget\" data-widget_type=\"heading.default\">\n\t\t\t\t<div class=\"elementor-widget-container\">\n\t\t\t\t\t<h2 class=\"elementor-heading-title elementor-size-default\">\u8a73\u7d30\u306f\u4e0b\u8a18\u307e\u3067\u304a\u554f\u3044\u5408\u308f\u305b\u304f\u3060\u3055\u3044\u3002<\/h2>\t\t\t\t<\/div>\n\t\t\t\t<\/div>\n\t\t\t\t<div class=\"elementor-element elementor-element-e01d821 elementor-widget elementor-widget-shortcode\" data-id=\"e01d821\" data-element_type=\"widget\" data-widget_type=\"shortcode.default\">\n\t\t\t\t<div class=\"elementor-widget-container\">\n\t\t\t\t\t\t\t<div class=\"elementor-shortcode\">\n<div class=\"wpcf7 no-js\" id=\"wpcf7-f100005428-o1\" lang=\"tr-TR\" dir=\"ltr\" data-wpcf7-id=\"100005428\">\n<div class=\"screen-reader-response\"><p role=\"status\" aria-live=\"polite\" aria-atomic=\"true\"><\/p> <ul><\/ul><\/div>\n<form action=\"\/jp\/wp-json\/wp\/v2\/pages\/988157#wpcf7-f100005428-o1\" method=\"post\" class=\"wpcf7-form init\" aria-label=\"\u304a\u554f\u3044\u5408\u308f\u305b\u30d5\u30a9\u30fc\u30e0\" novalidate=\"novalidate\" data-status=\"init\" data-trp-original-action=\"\/jp\/wp-json\/wp\/v2\/pages\/988157#wpcf7-f100005428-o1\">\n<fieldset class=\"hidden-fields-container\"><input type=\"hidden\" name=\"_wpcf7\" value=\"100005428\" \/><input type=\"hidden\" name=\"_wpcf7_version\" value=\"6.1.4\" \/><input type=\"hidden\" name=\"_wpcf7_locale\" value=\"tr_TR\" \/><input type=\"hidden\" name=\"_wpcf7_unit_tag\" value=\"wpcf7-f100005428-o1\" \/><input type=\"hidden\" name=\"_wpcf7_container_post\" value=\"0\" \/><input type=\"hidden\" name=\"_wpcf7_posted_data_hash\" value=\"\" \/><input type=\"hidden\" name=\"_wpcf7_recaptcha_response\" value=\"\" \/>\n<\/fieldset>\n<p><label> \u304a\u540d\u524d\u3068\u82d7\u5b57<br \/>\n<span class=\"wpcf7-form-control-wrap\" data-name=\"your-name\"><input size=\"40\" maxlength=\"400\" class=\"wpcf7-form-control wpcf7-text wpcf7-validates-as-required\" autocomplete=\"name\" aria-required=\"true\" aria-invalid=\"false\" value=\"\" type=\"text\" name=\"your-name\" \/><\/span> <\/label>\n<\/p>\n<p><label> E\u30e1\u30fc\u30eb\u30a2\u30c9\u30ec\u30b9<br \/>\n<span class=\"wpcf7-form-control-wrap\" data-name=\"your-email\"><input size=\"40\" maxlength=\"400\" class=\"wpcf7-form-control wpcf7-email wpcf7-validates-as-required wpcf7-text wpcf7-validates-as-email\" autocomplete=\"email\" aria-required=\"true\" aria-invalid=\"false\" value=\"\" type=\"email\" name=\"your-email\" \/><\/span> <\/label>\n<\/p>\n<p><label> \u30c6\u30fc\u30de<br \/>\n<span class=\"wpcf7-form-control-wrap\" data-name=\"your-subject\"><input size=\"40\" maxlength=\"400\" class=\"wpcf7-form-control wpcf7-text wpcf7-validates-as-required\" aria-required=\"true\" aria-invalid=\"false\" value=\"\" type=\"text\" name=\"your-subject\" \/><\/span> <\/label>\n<\/p>\n<p><label> \u8aac\u660e<br \/>\n<span class=\"wpcf7-form-control-wrap\" data-name=\"your-message\"><textarea cols=\"40\" rows=\"10\" maxlength=\"2000\" class=\"wpcf7-form-control wpcf7-textarea\" aria-invalid=\"false\" name=\"your-message\"><\/textarea><\/span> <\/label>\n<\/p>\n<p><input class=\"wpcf7-form-control wpcf7-submit has-spinner\" type=\"submit\" value=\"\u9001\u4fe1\" \/>\n<\/p><p style=\"display: none !important;\" class=\"akismet-fields-container\" data-prefix=\"_wpcf7_ak_\"><label>&#916;<textarea name=\"_wpcf7_ak_hp_textarea\" cols=\"45\" rows=\"8\" maxlength=\"100\"><\/textarea><\/label><input type=\"hidden\" id=\"ak_js_1\" name=\"_wpcf7_ak_js\" value=\"248\"\/><script>document.getElementById( \"ak_js_1\" ).setAttribute( \"value\", ( new Date() ).getTime() );<\/script><\/p><div class=\"wpcf7-response-output\" aria-hidden=\"true\"><\/div>\n<input type=\"hidden\" name=\"trp-form-language\" value=\"jp\"\/><\/form>\n<\/div>\n<\/div>\n\t\t\t\t\t\t<\/div>\n\t\t\t\t<\/div>\n\t\t\t\t\t<\/div>\n\t\t\t\t<\/div>\n\t\t\t\t<\/div>","protected":false},"excerpt":{"rendered":"<p>S\u00dcRE\u00c7LER\u0130N EN BA\u015eINDAN OPTIMIZASYONU S\u00fcrekli Ak\u0131\u015f, S\u00fcrd\u00fcr\u00fclebilir Y\u00f6netim Anasayfa YEN\u0130 FABR\u0130KA \/ YERLE\u015e\u0130M PLANLAMA S\u00fcrekli \u00fcr\u00fcn ak\u0131\u015f\u0131n\u0131n sa\u011flanmas\u0131 ve m\u00fc\u015fteriye zaman\u0131nda ula\u015f\u0131labilmesi i\u00e7in fabrika yerle\u015fim planlamas\u0131 \u00f6nemli bir unsurudur. Ba\u015far\u0131 ile kurgulanm\u0131\u015f, yal\u0131n prensipleri g\u00f6re tasarlanm\u0131\u015f bir fabrika yerle\u015fimi \u00fcretim dalgalanmalar\u0131n\u0131n \u00f6n\u00fcne ge\u00e7ebilir, tesis verimlili\u011fini ve \u00fcretim esnekli\u011fini \u00f6nemli \u00f6l\u00e7\u00fcde artt\u0131rabilir. Yerle\u015fim planlar\u0131 ak\u0131\u015f prensibinden uzak olu\u015fturulursa \u00fcretim ve depolama gibi tesisler i\u00e7in bu konu s\u00fcrekli dar bo\u011faz olarak konumlanabilir. Tesislerin yerle\u015fim plan\u0131 olu\u015fturulmadan \u00f6nce muhakkak \u00fcr\u00fcn\u00fcn ideal ak\u0131\u015f\u0131 ve i\u015fletmenin gelecek d\u00f6nem stratejileri dikkate al\u0131nmal\u0131d\u0131r. Tesis ak\u0131\u015f plan\u0131 minimum hareket ve minimum ta\u015f\u0131ma hedefi ile haz\u0131rlanmal\u0131d\u0131r.&nbsp;&nbsp; Bu noktada gelecek d\u00f6nemde Yal\u0131n ak\u0131\u015f ile \u00fcretim yapmak isteyen, s\u00fcre\u00e7lerini m\u00fckemmelle ta\u015f\u0131may\u0131&#8230;<\/p>","protected":false},"author":1,"featured_media":988115,"parent":988362,"menu_order":0,"comment_status":"closed","ping_status":"closed","template":"elementor_header_footer","meta":{"_seopress_robots_primary_cat":"","_seopress_titles_title":"Yeni Yerle\u015fim \/ Fabrika Kurulum Projeleri","_seopress_titles_desc":"Gemba Partner, Yeni Yerle\u015fim ve Fabrika Kurulum Projeleri ile modern \u00fcretim tesisleri kurarak verimlili\u011fi art\u0131r\u0131r ve s\u00fcre\u00e7lerinizi optimize eder.","_seopress_robots_index":"","footnotes":""},"class_list":["post-988157","page","type-page","status-publish","has-post-thumbnail"],"_links":{"self":[{"href":"https:\/\/gembapartner.com\/jp\/wp-json\/wp\/v2\/pages\/988157","targetHints":{"allow":["GET"]}}],"collection":[{"href":"https:\/\/gembapartner.com\/jp\/wp-json\/wp\/v2\/pages"}],"about":[{"href":"https:\/\/gembapartner.com\/jp\/wp-json\/wp\/v2\/types\/page"}],"author":[{"embeddable":true,"href":"https:\/\/gembapartner.com\/jp\/wp-json\/wp\/v2\/users\/1"}],"replies":[{"embeddable":true,"href":"https:\/\/gembapartner.com\/jp\/wp-json\/wp\/v2\/comments?post=988157"}],"version-history":[{"count":0,"href":"https:\/\/gembapartner.com\/jp\/wp-json\/wp\/v2\/pages\/988157\/revisions"}],"up":[{"embeddable":true,"href":"https:\/\/gembapartner.com\/jp\/wp-json\/wp\/v2\/pages\/988362"}],"wp:featuredmedia":[{"embeddable":true,"href":"https:\/\/gembapartner.com\/jp\/wp-json\/wp\/v2\/media\/988115"}],"wp:attachment":[{"href":"https:\/\/gembapartner.com\/jp\/wp-json\/wp\/v2\/media?parent=988157"}],"curies":[{"name":"wp","href":"https:\/\/api.w.org\/{rel}","templated":true}]}}