{"id":988288,"date":"2024-04-27T23:02:45","date_gmt":"2024-04-27T20:02:45","guid":{"rendered":"https:\/\/gembapartner.bktechin.com\/?page_id=988288"},"modified":"2025-12-11T15:15:47","modified_gmt":"2025-12-11T12:15:47","slug":"problem-cozme-kocluklari","status":"publish","type":"page","link":"https:\/\/gembapartner.com\/jp\/hizmetler\/problem-cozme-kocluklari\/","title":{"rendered":"\u554f\u984c\u89e3\u6c7a\u30b3\u30fc\u30c1\u30f3\u30b0"},"content":{"rendered":"<div data-elementor-type=\"wp-page\" data-elementor-id=\"988288\" class=\"elementor elementor-988288\" data-elementor-post-type=\"page\">\n\t\t\t\t<div class=\"elementor-element elementor-element-7a95551 e-con-full e-flex rael-particle-no e-con e-parent\" data-id=\"7a95551\" data-element_type=\"container\" data-settings=\"{&quot;background_background&quot;:&quot;classic&quot;,&quot;rae_animations_entrance&quot;:&quot;none&quot;}\">\n\t\t\t\t<div class=\"elementor-element elementor-element-e7fb9ca elementor-widget elementor-widget-heading\" data-id=\"e7fb9ca\" data-element_type=\"widget\" data-widget_type=\"heading.default\">\n\t\t\t\t<div class=\"elementor-widget-container\">\n\t\t\t\t\t<h2 class=\"elementor-heading-title elementor-size-default\">\u554f\u984c\u304b\u3089\u7d4c\u9a13\u3078<\/h2>\t\t\t\t<\/div>\n\t\t\t\t<\/div>\n\t\t\t\t<div class=\"elementor-element elementor-element-d8682ff elementor-widget elementor-widget-hfe-breadcrumbs-widget\" data-id=\"d8682ff\" data-element_type=\"widget\" data-widget_type=\"hfe-breadcrumbs-widget.default\">\n\t\t\t\t<div class=\"elementor-widget-container\">\n\t\t\t\t\t<nav aria-label=\"Breadcrumb\"><ul class=\"hfe-breadcrumbs hfe-breadcrumbs-show-home\"><li class=\"hfe-breadcrumbs-item hfe-breadcrumbs-first\"><span class=\"hfe-breadcrumbs-home-icon\"><svg aria-hidden=\"true\" class=\"e-font-icon-svg e-fas-home\" viewbox=\"0 0 576 512\" xmlns=\"http:\/\/www.w3.org\/2000\/svg\"><path d=\"M280.37 148.26L96 300.11V464a16 16 0 0 0 16 16l112.06-.29a16 16 0 0 0 15.92-16V368a16 16 0 0 1 16-16h64a16 16 0 0 1 16 16v95.64a16 16 0 0 0 16 16.05L464 480a16 16 0 0 0 16-16V300L295.67 148.26a12.19 12.19 0 0 0-15.3 0zM571.6 251.47L488 182.56V44.05a12 12 0 0 0-12-12h-56a12 12 0 0 0-12 12v72.61L318.47 43a48 48 0 0 0-61 0L4.34 251.47a12 12 0 0 0-1.6 16.9l25.5 31A12 12 0 0 0 45.15 301l235.22-193.74a12.19 12.19 0 0 1 15.3 0L530.9 301a12 12 0 0 0 16.9-1.6l25.5-31a12 12 0 0 0-1.7-16.93z\"><\/path><\/svg><\/span><a href=\"https:\/\/gembapartner.com\/jp\"><span class=\"hfe-breadcrumbs-text\">Anasayfa<\/span><\/a><\/li><\/ul><\/nav>\t\t\t\t<\/div>\n\t\t\t\t<\/div>\n\t\t\t\t<\/div>\n\t\t<div class=\"elementor-element elementor-element-9f69a85 e-flex e-con-boxed rael-particle-no e-con e-parent\" data-id=\"9f69a85\" data-element_type=\"container\" data-settings=\"{&quot;rae_animations_entrance&quot;:&quot;none&quot;}\">\n\t\t\t\t\t<div class=\"e-con-inner\">\n\t\t\t\t<div class=\"elementor-element elementor-element-641ed6e elementor-widget__width-initial elementor-widget elementor-widget-heading\" data-id=\"641ed6e\" data-element_type=\"widget\" data-widget_type=\"heading.default\">\n\t\t\t\t<div class=\"elementor-widget-container\">\n\t\t\t\t\t<h2 class=\"elementor-heading-title elementor-size-default\">\u30a8\u30af\u30bb\u30ec\u30f3\u30b9\u3078\u306e\u9053\u306b\u304a\u3051\u308b\u554f\u984c\u306f\u3001\u554f\u984c\u3092\u30c1\u30e3\u30f3\u30b9\u306b\u5909\u3048\u308b\u3053\u3068\u304c\u3067\u304d\u308b\u30d3\u30b8\u30cd\u30b9\u306b\u3068\u3063\u3066\u306f\u3001\u969c\u5bb3\u304b\u91cd\u5927\u306a\u300c\u4fa1\u5024\u300d\u306e\u3069\u3061\u3089\u304b\u3067\u3042\u308b\u3002<\/h2>\t\t\t\t<\/div>\n\t\t\t\t<\/div>\n\t\t\t\t\t<\/div>\n\t\t\t\t<\/div>\n\t\t<div class=\"elementor-element elementor-element-71dce7e e-flex e-con-boxed rael-particle-no e-con e-parent\" data-id=\"71dce7e\" data-element_type=\"container\" data-settings=\"{&quot;rae_animations_entrance&quot;:&quot;none&quot;}\">\n\t\t\t\t\t<div class=\"e-con-inner\">\n\t\t<div class=\"elementor-element elementor-element-14dde2e e-con-full e-flex rael-particle-no e-con e-child\" data-id=\"14dde2e\" data-element_type=\"container\" data-settings=\"{&quot;rae_animations_entrance&quot;:&quot;none&quot;}\">\n\t\t\t\t<div class=\"elementor-element elementor-element-baa3765 elementor-align-start elementor-icon-list--layout-traditional elementor-list-item-link-full_width elementor-widget elementor-widget-icon-list\" data-id=\"baa3765\" data-element_type=\"widget\" data-widget_type=\"icon-list.default\">\n\t\t\t\t<div class=\"elementor-widget-container\">\n\t\t\t\t\t\t\t<ul class=\"elementor-icon-list-items\">\n\t\t\t\t\t\t\t<li class=\"elementor-icon-list-item\">\n\t\t\t\t\t\t\t\t\t\t\t<span class=\"elementor-icon-list-icon\">\n\t\t\t\t\t\t\t<i aria-hidden=\"true\" class=\"vamtamtheme- vamtam-theme-brand-symbol\"><\/i>\t\t\t\t\t\t<\/span>\n\t\t\t\t\t\t\t\t\t\t<span class=\"elementor-icon-list-text\">A3\u554f\u984c\u89e3\u6c7a\u30b3\u30fc\u30c1\u30f3\u30b0\u6d3b\u52d5  <\/span>\n\t\t\t\t\t\t\t\t\t<\/li>\n\t\t\t\t\t\t<\/ul>\n\t\t\t\t\t\t<\/div>\n\t\t\t\t<\/div>\n\t\t\t\t<div class=\"elementor-element elementor-element-c0766c2 elementor-widget__width-initial elementor-widget elementor-widget-text-editor\" data-id=\"c0766c2\" data-element_type=\"widget\" data-widget_type=\"text-editor.default\">\n\t\t\t\t<div class=\"elementor-widget-container\">\n\t\t\t\t\t\t\t\t\t<p>\u305d\u308c\u305e\u308c\u306e\u4f01\u696d\u3067\u884c\u308f\u308c\u308b\u6d3b\u52d5\u306e\u7d50\u679c\u3001\u3055\u307e\u3056\u307e\u306a\u554f\u984c\u304c\u767a\u751f\u3059\u308b\u3053\u3068\u304c\u3042\u308b\u3002\u7ba1\u7406\u8077\u306f\u3001\u90e8\u5206\u7684\u306b\u306f\u305d\u306e\u3088\u3046\u306a\u554f\u984c\u306b\u6c17\u3065\u3044\u3066\u3044\u3066\u3082\u3001\u6162\u6027\u7684\u306a\u554f\u984c\u3068\u306e\u4ed8\u304d\u5408\u3044\u65b9\u306b\u6163\u308c\u3066\u3057\u307e\u3063\u305f\u308a\u3001\u6d88\u706b\u6d3b\u52d5\u7684\u306a\u30a2\u30d7\u30ed\u30fc\u30c1\u3067\u305d\u306e\u5834\u3092\u3057\u306e\u3050\u89e3\u6c7a\u7b56\u3092\u751f\u307f\u51fa\u3057\u305f\u308a\u3059\u308b\u3002\u6bce\u65e5\u540c\u3058\u3088\u3046\u306a\u554f\u984c\u306b\u5bfe\u51e6\u3059\u308b\u3053\u3068\u306f\u3001\u4e0d\u5fc5\u8981\u306a\u4ed5\u4e8b\u91cf\u3068\u904e\u5270\u306a\u30b3\u30b9\u30c8\u306e\u4e21\u65b9\u306b\u3064\u306a\u304c\u308b\u3002<\/p><p><span style=\"font-family: 'Open Sans', sans-serif; font-size: 16px; font-style: normal; font-variant-ligatures: normal; font-variant-caps: normal; font-weight: 400;\">\u4f01\u696d\u304c\u6162\u6027\u7684\u306a\u554f\u984c\u3092\u89e3\u6d88\u3059\u308b\u305f\u3081\u306b\u306f\u3001\u9069\u5207\u306a\u554f\u984c\u89e3\u6c7a\u65b9\u6cd5\u3092\u7528\u3044\u3001\u30c1\u30fc\u30e0\u304c\u4ee5\u4e0b\u306e\u3053\u3068\u3092\u78ba\u5b9f\u306b\u5b9f\u884c\u3059\u308b\u3053\u3068\u304c\u5fc5\u8981\u3067\u3042\u308b\u3002<\/span><span style=\"font-family: 'Open Sans', sans-serif; font-size: 16px; font-style: normal; font-variant-ligatures: normal; font-variant-caps: normal; font-weight: 400;\">\u73fe\u5834\u306e\u4eba\u3005\u306e\u6559\u80b2\u3068\u8a13\u7df4\u3068\u3068\u3082\u306b\u3002\u6162\u6027\u7684\u306a\u554f\u984c\u3092\u4f53\u7cfb\u7684\u306b\u89e3\u6d88\u3059\u308b\u305f\u3081\u306b \"<\/span><b><span style=\"font-family: 'Open Sans', sans-serif; font-size: 16px; font-style: normal; font-variant-ligatures: normal; font-variant-caps: normal;\">A3\u554f\u984c\u00a0<\/span><span style=\"font-family: 'Open Sans', sans-serif; font-size: 16px; font-style: normal; font-variant-ligatures: normal; font-variant-caps: normal;\">\u89e3\u6c7a\u65b9\u6cd5<\/span><\/b><span style=\"font-family: 'Open Sans', sans-serif; font-size: 16px; font-style: normal; font-variant-ligatures: normal; font-variant-caps: normal; font-weight: 400;\">\u300c\u306f\u6700\u3082\u52b9\u679c\u7684\u306a\u65b9\u6cd5\u306e\u4e00\u3064\u3067\u3042\u308b\u3002\u540c\u6642\u306b\u3001\u554f\u984c\u89e3\u6c7a\u6cd5\u3067\u3042\u308b\u3068\u540c\u6642\u306b\u00a0<\/span><span style=\"font-family: 'Open Sans', sans-serif; font-size: 16px; font-style: normal; font-variant-ligatures: normal; font-variant-caps: normal; font-weight: 400;\">\u306f\u3001\u3042\u3089\u3086\u308b\u554f\u984c\u3092\u30c1\u30e3\u30f3\u30b9\u3068\u3057\u3066\u6d3b\u7528\u3059\u308b\u65b9\u6cd5\u3092\u793a\u3059\u601d\u8003\u6cd5\u3067\u3042\u308b\u3002\u00a0<\/span><\/p>\t\t\t\t\t\t\t\t<\/div>\n\t\t\t\t<\/div>\n\t\t\t\t<\/div>\n\t\t<div class=\"elementor-element elementor-element-b6b759a e-con-full e-flex rael-particle-no e-con e-child\" data-id=\"b6b759a\" data-element_type=\"container\" data-settings=\"{&quot;rae_animations_entrance&quot;:&quot;none&quot;}\">\n\t\t\t\t<div class=\"elementor-element elementor-element-474c7dc elementor-widget elementor-widget-image\" data-id=\"474c7dc\" data-element_type=\"widget\" data-widget_type=\"image.default\">\n\t\t\t\t<div class=\"elementor-widget-container\">\n\t\t\t\t\t\t\t\t\t\t\t\t\t\t\t<img fetchpriority=\"high\" decoding=\"async\" width=\"1000\" height=\"620\" src=\"https:\/\/gembapartner.com\/wp-content\/uploads\/2024\/05\/BIMBO-IT2.jpg\" class=\"attachment-full size-full wp-image-989122\" alt=\"problem \u00e7\u00f6zme ko\u00e7lu\u011fu,gemba partner\" srcset=\"https:\/\/gembapartner.com\/wp-content\/uploads\/2024\/05\/BIMBO-IT2.jpg 1000w, https:\/\/gembapartner.com\/wp-content\/uploads\/2024\/05\/BIMBO-IT2-300x186.jpg 300w, https:\/\/gembapartner.com\/wp-content\/uploads\/2024\/05\/BIMBO-IT2-768x476.jpg 768w\" sizes=\"(max-width: 1000px) 100vw, 1000px\" \/>\t\t\t\t\t\t\t\t\t\t\t\t\t\t\t<\/div>\n\t\t\t\t<\/div>\n\t\t\t\t<\/div>\n\t\t\t\t\t<\/div>\n\t\t\t\t<\/div>\n\t\t<div class=\"elementor-element elementor-element-3fcc52a e-flex e-con-boxed rael-particle-no e-con e-parent\" data-id=\"3fcc52a\" data-element_type=\"container\" data-settings=\"{&quot;background_background&quot;:&quot;gradient&quot;,&quot;rae_animations_entrance&quot;:&quot;none&quot;}\">\n\t\t\t\t\t<div class=\"e-con-inner\">\n\t\t<div class=\"elementor-element elementor-element-827860b e-con-full e-flex rael-particle-no e-con e-child\" data-id=\"827860b\" data-element_type=\"container\" data-settings=\"{&quot;rae_animations_entrance&quot;:&quot;none&quot;}\">\n\t\t\t\t<div class=\"elementor-element elementor-element-533a212 elementor-align-start elementor-icon-list--layout-traditional elementor-list-item-link-full_width elementor-widget elementor-widget-icon-list\" data-id=\"533a212\" data-element_type=\"widget\" data-widget_type=\"icon-list.default\">\n\t\t\t\t<div class=\"elementor-widget-container\">\n\t\t\t\t\t\t\t<ul class=\"elementor-icon-list-items\">\n\t\t\t\t\t\t\t<li class=\"elementor-icon-list-item\">\n\t\t\t\t\t\t\t\t\t\t\t<span class=\"elementor-icon-list-icon\">\n\t\t\t\t\t\t\t<i aria-hidden=\"true\" class=\"vamtamtheme- vamtam-theme-brand-symbol\"><\/i>\t\t\t\t\t\t<\/span>\n\t\t\t\t\t\t\t\t\t\t<span class=\"elementor-icon-list-text\">A3 PPS - \u5b9f\u8df5\u7684\u554f\u984c\u89e3\u6c7a<\/span>\n\t\t\t\t\t\t\t\t\t<\/li>\n\t\t\t\t\t\t<\/ul>\n\t\t\t\t\t\t<\/div>\n\t\t\t\t<\/div>\n\t\t\t\t<div class=\"elementor-element elementor-element-fb715b1 elementor-widget__width-initial elementor-widget elementor-widget-text-editor\" data-id=\"fb715b1\" data-element_type=\"widget\" data-widget_type=\"text-editor.default\">\n\t\t\t\t<div class=\"elementor-widget-container\">\n\t\t\t\t\t\t\t\t\t\u65e5\u5e38\u7684\u306a\u73fe\u5834\u7ba1\u7406\u3067\u906d\u9047\u3059\u308b\u554f\u984c\u3068\u305d\u306e\u5bfe\u51e6\u6cd5\n\u8fc5\u901f\u306a\u554f\u984c\u89e3\u6c7a\u306e\u305f\u3081\u306e\u73fe\u5834\u30ea\u30fc\u30c0\u30fc\u306e\u8996\u70b9\n\u5b9f\u8df5\u7684\u306a\u554f\u984c\u89e3\u6c7a\u624b\u6cd5\u3092\u65e5\u3005\u958b\u767a\u3057\u3001\u77e5\u308b\n\u3092\u8eab\u306b\u3064\u3051\u308b\u3053\u3068\u306f\u3001\u30aa\u30da\u30ec\u30fc\u30b7\u30e7\u30f3\u3092\u4e00\u6b69\u524d\u9032\u3055\u305b\u308b\u3060\u3051\u3067\u306a\u304f\u3001\u57fa\u6e96\n\u304c\u3042\u306a\u305f\u3092\u5b88\u308a\u307e\u3059\u3002<br><br>\n\u7279\u306b\u3001\u30ea\u30fc\u30c0\u30fc\u304c\u554f\u984c\u306b\u8fc5\u901f\u306b\u4ecb\u5165\u3059\u308b\u3053\u3068\u304c\u91cd\u8981\u3067\u3042\u308b\u3002\n\u554f\u984c\u306e\u5f71\u97ff\u3092\u8efd\u6e1b\u3059\u308b\u305f\u3081\u306b\u6700\u3082\u9069\u5207\u306a\u65b9\u6cd5\u3067\u3042\u308b\u3002\n\u554f\u984c\u89e3\u6c7a\u306e\u624b\u6cd5\u3067\u3042\u308b\u3002\u6839\u672c\u539f\u56e0\u306b\u7d20\u65e9\u304f\u5230\u9054\u3059\u308b\u305f\u3081\u306b\n\u7406\u8ad6\u7684\u304b\u3064\u5b9f\u8df5\u7684\u306b\u7d44\u7e54\u5316\u3055\u308c\u3066\u3044\u308b\u3002\n\u30ea\u30fc\u30f3\u30c4\u30fc\u30eb\u306e\u4f7f\u3044\u65b9\u3092\u719f\u77e5\u3057\u3001\u7406\u8ad6\u7684\u306a\u77e5\u8b58\u3092\u6301\u3063\u3066\u3044\u308b\u73fe\u5834\u306e\u30de\u30cd\u30b8\u30e3\u30fc\u3084\u30ea\u30fc\u30c0\u30fc\u304c\u53c2\u52a0\u3059\u3079\u304d\u3067\u3059\u3002\n\u73fe\u5834\u306e\u30de\u30cd\u30fc\u30b8\u30e3\u30fc\u3084\u30ea\u30fc\u30c0\u30fc\u304c\u53c2\u52a0\u3059\u3079\u304d\u3067\u3042\u308b\u3002\t\t\t\t\t\t\t\t<\/div>\n\t\t\t\t<\/div>\n\t\t\t\t<\/div>\n\t\t<div class=\"elementor-element elementor-element-03cd041 e-con-full e-flex rael-particle-no e-con e-child\" data-id=\"03cd041\" data-element_type=\"container\" data-settings=\"{&quot;background_background&quot;:&quot;classic&quot;,&quot;rae_animations_entrance&quot;:&quot;none&quot;}\">\n\t\t\t\t<\/div>\n\t\t\t\t\t<\/div>\n\t\t\t\t<\/div>\n\t\t<div class=\"elementor-element elementor-element-0b9addd e-flex e-con-boxed rael-particle-no e-con e-parent\" data-id=\"0b9addd\" data-element_type=\"container\" data-settings=\"{&quot;rae_animations_entrance&quot;:&quot;none&quot;}\">\n\t\t\t\t\t<div class=\"e-con-inner\">\n\t\t<div class=\"elementor-element elementor-element-88c2675 e-con-full e-flex rael-particle-no e-con e-child\" data-id=\"88c2675\" data-element_type=\"container\" data-settings=\"{&quot;rae_animations_entrance&quot;:&quot;none&quot;}\">\n\t\t\t\t<div class=\"elementor-element elementor-element-434f4d2 elementor-align-start elementor-icon-list--layout-traditional elementor-list-item-link-full_width elementor-widget elementor-widget-icon-list\" data-id=\"434f4d2\" data-element_type=\"widget\" data-widget_type=\"icon-list.default\">\n\t\t\t\t<div class=\"elementor-widget-container\">\n\t\t\t\t\t\t\t<ul class=\"elementor-icon-list-items\">\n\t\t\t\t\t\t\t<li class=\"elementor-icon-list-item\">\n\t\t\t\t\t\t\t\t\t\t\t<span class=\"elementor-icon-list-icon\">\n\t\t\t\t\t\t\t<i aria-hidden=\"true\" class=\"vamtamtheme- vamtam-theme-brand-symbol\"><\/i>\t\t\t\t\t\t<\/span>\n\t\t\t\t\t\t\t\t\t\t<span class=\"elementor-icon-list-text\">A3 TBP - \u7d71\u8a08\u7684\u554f\u984c\u89e3\u6c7a<\/span>\n\t\t\t\t\t\t\t\t\t<\/li>\n\t\t\t\t\t\t<\/ul>\n\t\t\t\t\t\t<\/div>\n\t\t\t\t<\/div>\n\t\t\t\t<div class=\"elementor-element elementor-element-9b3dc8e elementor-widget elementor-widget-text-editor\" data-id=\"9b3dc8e\" data-element_type=\"widget\" data-widget_type=\"text-editor.default\">\n\t\t\t\t<div class=\"elementor-widget-container\">\n\t\t\t\t\t\t\t\t\t<p>\u30de\u30cd\u30fc\u30b8\u30e3\u30fc\u3060\u3051\u3067\u306a\u304f\u3001\u73fe\u5834\u30ea\u30fc\u30c0\u30fc\u306b\u3068\u3063\u3066\u3082\u3001\u554f\u984c\u89e3\u6c7a\u80fd\u529b\u3092\u6301\u3061\u3001\u65b0\u305f\u306a\u6a5f\u4f1a\u3092\u751f\u307f\u51fa\u3059\u3053\u3068\u3067\u65e2\u5b58\u306e\u6c34\u6e96\u3092\u5411\u4e0a\u3055\u305b\u308b\u3053\u3068\u304c\u3067\u304d\u308b\u3053\u3068\u304c\u91cd\u8981\u3067\u3042\u308b\u3002<\/p>\n<p>A3\u4f5c\u54c1 <strong>TBP = \u30c8\u30e8\u30bf\u30fb\u30d3\u30b8\u30cd\u30b9\u30fb\u30d7\u30e9\u30af\u30c6\u30a3\u30b9<\/strong> (\u30c8\u30e8\u30bf\u5f0f\u30d3\u30b8\u30cd\u30b9\u30e1\u30bd\u30c3\u30c9)\u30e1\u30bd\u30c3\u30c9\u306f\u3001\u7d71\u8a08\u30c7\u30fc\u30bf\u306b\u57fa\u3065\u304d\u3001\u3042\u3089\u3086\u308b\u8a73\u7d30\u306a\u554f\u984c\u70b9\u3068\u89e3\u6c7a\u7b56\u306b\u53d6\u308a\u7d44\u307f\u3001\u6bb5\u968e\u7684\u306b\u6839\u672c\u539f\u56e0\u3092\u6392\u9664\u3059\u308b\u3053\u3068\u3092\u76ee\u7684\u3068\u3057\u3066\u3044\u308b\u3002<\/p>\n<p>A3 TBP\u306f\u4e0a\u7d1a\u7ba1\u7406\u8077\u306e\u80b2\u6210\u30c4\u30fc\u30eb\u306e\u3072\u3068\u3064\u3067\u3082\u3042\u308b\u305f\u3081\u3001\u3053\u306e\u65b9\u6cd5\u306f\u3042\u3089\u3086\u308b\u30ec\u30d9\u30eb\u306e\u7ba1\u7406\u8077\u306b\u601d\u8003\u529b\u3092\u5411\u4e0a\u3055\u305b\u3001\u7570\u306a\u308b\u8996\u70b9\u3092\u63d0\u4f9b\u3059\u308b\u3002<\/p>\t\t\t\t\t\t\t\t<\/div>\n\t\t\t\t<\/div>\n\t\t\t\t<\/div>\n\t\t<div class=\"elementor-element elementor-element-dc459e4 e-con-full e-flex rael-particle-no e-con e-child\" data-id=\"dc459e4\" data-element_type=\"container\" data-settings=\"{&quot;rae_animations_entrance&quot;:&quot;none&quot;}\">\n\t\t\t\t<div class=\"elementor-element elementor-element-1fa0beb elementor-widget elementor-widget-image\" data-id=\"1fa0beb\" data-element_type=\"widget\" data-widget_type=\"image.default\">\n\t\t\t\t<div class=\"elementor-widget-container\">\n\t\t\t\t\t\t\t\t\t\t\t\t\t\t\t<img decoding=\"async\" width=\"1024\" height=\"497\" src=\"https:\/\/gembapartner.com\/wp-content\/uploads\/2024\/04\/problem-1024x497.jpg\" class=\"attachment-large size-large wp-image-988297\" alt=\"problem \u00e7\u00f6zme ko\u00e7lu\u011fu,gemba partner\" srcset=\"https:\/\/gembapartner.com\/wp-content\/uploads\/2024\/04\/problem-1024x497.jpg 1024w, https:\/\/gembapartner.com\/wp-content\/uploads\/2024\/04\/problem-300x146.jpg 300w, https:\/\/gembapartner.com\/wp-content\/uploads\/2024\/04\/problem-768x373.jpg 768w, https:\/\/gembapartner.com\/wp-content\/uploads\/2024\/04\/problem-1536x746.jpg 1536w, https:\/\/gembapartner.com\/wp-content\/uploads\/2024\/04\/problem.jpg 1600w\" sizes=\"(max-width: 1024px) 100vw, 1024px\" \/>\t\t\t\t\t\t\t\t\t\t\t\t\t\t\t<\/div>\n\t\t\t\t<\/div>\n\t\t\t\t<\/div>\n\t\t\t\t\t<\/div>\n\t\t\t\t<\/div>\n\t\t<div class=\"elementor-element elementor-element-530ec1b e-flex e-con-boxed rael-particle-no e-con e-parent\" data-id=\"530ec1b\" data-element_type=\"container\" data-settings=\"{&quot;rae_animations_entrance&quot;:&quot;none&quot;}\">\n\t\t\t\t\t<div class=\"e-con-inner\">\n\t\t\t\t<div class=\"elementor-element elementor-element-8536dd9 elementor-widget elementor-widget-heading\" data-id=\"8536dd9\" data-element_type=\"widget\" data-widget_type=\"heading.default\">\n\t\t\t\t<div class=\"elementor-widget-container\">\n\t\t\t\t\t<h2 class=\"elementor-heading-title elementor-size-default\">\u8a73\u7d30\u306f\u4e0b\u8a18\u307e\u3067\u304a\u554f\u3044\u5408\u308f\u305b\u304f\u3060\u3055\u3044\u3002<\/h2>\t\t\t\t<\/div>\n\t\t\t\t<\/div>\n\t\t\t\t<div class=\"elementor-element elementor-element-da0b12b elementor-widget elementor-widget-shortcode\" data-id=\"da0b12b\" data-element_type=\"widget\" data-widget_type=\"shortcode.default\">\n\t\t\t\t<div class=\"elementor-widget-container\">\n\t\t\t\t\t\t\t<div class=\"elementor-shortcode\">\n<div class=\"wpcf7 no-js\" id=\"wpcf7-f100005428-o1\" lang=\"tr-TR\" dir=\"ltr\" data-wpcf7-id=\"100005428\">\n<div class=\"screen-reader-response\"><p role=\"status\" aria-live=\"polite\" aria-atomic=\"true\"><\/p> <ul><\/ul><\/div>\n<form action=\"\/jp\/wp-json\/wp\/v2\/pages\/988288#wpcf7-f100005428-o1\" method=\"post\" class=\"wpcf7-form init\" aria-label=\"\u304a\u554f\u3044\u5408\u308f\u305b\u30d5\u30a9\u30fc\u30e0\" novalidate=\"novalidate\" data-status=\"init\" data-trp-original-action=\"\/jp\/wp-json\/wp\/v2\/pages\/988288#wpcf7-f100005428-o1\">\n<fieldset class=\"hidden-fields-container\"><input type=\"hidden\" name=\"_wpcf7\" value=\"100005428\" \/><input type=\"hidden\" name=\"_wpcf7_version\" value=\"6.1.5\" \/><input type=\"hidden\" name=\"_wpcf7_locale\" value=\"tr_TR\" \/><input type=\"hidden\" name=\"_wpcf7_unit_tag\" value=\"wpcf7-f100005428-o1\" \/><input type=\"hidden\" name=\"_wpcf7_container_post\" value=\"0\" \/><input type=\"hidden\" name=\"_wpcf7_posted_data_hash\" value=\"\" \/><input type=\"hidden\" name=\"_wpcf7_recaptcha_response\" value=\"\" \/>\n<\/fieldset>\n<p><label> \u304a\u540d\u524d\u3068\u82d7\u5b57<br \/>\n<span class=\"wpcf7-form-control-wrap\" data-name=\"your-name\"><input size=\"40\" maxlength=\"400\" class=\"wpcf7-form-control wpcf7-text wpcf7-validates-as-required\" autocomplete=\"name\" aria-required=\"true\" aria-invalid=\"false\" value=\"\" type=\"text\" name=\"your-name\" \/><\/span> <\/label>\n<\/p>\n<p><label> E\u30e1\u30fc\u30eb\u30a2\u30c9\u30ec\u30b9<br \/>\n<span class=\"wpcf7-form-control-wrap\" data-name=\"your-email\"><input size=\"40\" maxlength=\"400\" class=\"wpcf7-form-control wpcf7-email wpcf7-validates-as-required wpcf7-text wpcf7-validates-as-email\" autocomplete=\"email\" aria-required=\"true\" aria-invalid=\"false\" value=\"\" type=\"email\" name=\"your-email\" \/><\/span> <\/label>\n<\/p>\n<p><label> \u30c6\u30fc\u30de<br \/>\n<span class=\"wpcf7-form-control-wrap\" data-name=\"your-subject\"><input size=\"40\" maxlength=\"400\" class=\"wpcf7-form-control wpcf7-text wpcf7-validates-as-required\" aria-required=\"true\" aria-invalid=\"false\" value=\"\" type=\"text\" name=\"your-subject\" \/><\/span> <\/label>\n<\/p>\n<p><label> \u8aac\u660e<br \/>\n<span class=\"wpcf7-form-control-wrap\" data-name=\"your-message\"><textarea cols=\"40\" rows=\"10\" maxlength=\"2000\" class=\"wpcf7-form-control wpcf7-textarea\" aria-invalid=\"false\" name=\"your-message\"><\/textarea><\/span> <\/label>\n<\/p>\n<p><input class=\"wpcf7-form-control wpcf7-submit has-spinner\" type=\"submit\" value=\"\u9001\u4fe1\" \/>\n<\/p><div class=\"wpcf7-response-output\" aria-hidden=\"true\"><\/div>\n<input type=\"hidden\" name=\"trp-form-language\" value=\"jp\"\/><\/form>\n<\/div>\n<\/div>\n\t\t\t\t\t\t<\/div>\n\t\t\t\t<\/div>\n\t\t\t\t\t<\/div>\n\t\t\t\t<\/div>\n\t\t\t\t<\/div>","protected":false},"excerpt":{"rendered":"<p>PROBLEMLERDEN KAZANILMI\u015e TECR\u00dcBELERE Anasayfa M\u00fckemmelle giden yolda problemler ya bir engeldir ya da problemleri f\u0131rsata d\u00f6n\u00fc\u015ft\u00fcrebilen i\u015fletmeler i\u00e7in ciddi bir \u00bbDe\u011ferdir \u00bb. A3 PROBLEM \u00c7\u00d6ZME KO\u00c7LUK \u00c7ALI\u015eMALARI Her i\u015fletmede y\u00fcr\u00fct\u00fclen faaliyetler sonucu \u00e7e\u015fitli problemler meydana gelebilir. Y\u00f6neticiler bu problemlerin k\u0131smen fark\u0131nda olsalar bile zaman i\u00e7erisinde kronik problemlerle ya\u015famaya al\u0131\u015f\u0131rlar veya yang\u0131n s\u00f6nd\u00fcrme yakla\u015f\u0131m\u0131 ile g\u00fcn\u00fc kurtaracak \u00e7\u00f6z\u00fcmler \u00fcretirler. Her g\u00fcn benzer problemlerle u\u011fra\u015fmak hem gereksiz i\u015f y\u00fck\u00fcne hem de fazla maliyete yol a\u00e7ar . \u0130\u015fletmelerin kronik problemlerini ortadan kald\u0131rabilmesi do\u011fru problem \u00e7\u00f6zme metotlar\u0131n\u0131n kullan\u0131lmas\u0131 ve ekiplerin bu konuda e\u011fitilmesi ile birlikte ger\u00e7ekle\u015fir. Kronik problemleri sistematik bir \u015fekilde ortadan kald\u0131rmak i\u00e7in \u201cA3 Problem\u00a0\u00c7\u00f6zme Metodu\u201d en etkili metodlardan birisidir. Ayn\u0131 zamanda sadece&#8230;<\/p>","protected":false},"author":1,"featured_media":988296,"parent":988362,"menu_order":0,"comment_status":"closed","ping_status":"closed","template":"elementor_header_footer","meta":{"_seopress_robots_primary_cat":"","_seopress_titles_title":"Problem \u00c7\u00f6zme Ko\u00e7luklar\u0131","_seopress_titles_desc":"Gemba Partner\u2019in Problem \u00c7\u00f6zme Ko\u00e7luklar\u0131, ekiplerinizi etkili sorun \u00e7\u00f6zme teknikleriyle donat\u0131r, yenilik\u00e7i \u00e7\u00f6z\u00fcmler geli\u015ftirir ve s\u00fcrekli iyile\u015ftirmeyi destekler.","_seopress_robots_index":"","footnotes":""},"class_list":["post-988288","page","type-page","status-publish","has-post-thumbnail"],"_links":{"self":[{"href":"https:\/\/gembapartner.com\/jp\/wp-json\/wp\/v2\/pages\/988288","targetHints":{"allow":["GET"]}}],"collection":[{"href":"https:\/\/gembapartner.com\/jp\/wp-json\/wp\/v2\/pages"}],"about":[{"href":"https:\/\/gembapartner.com\/jp\/wp-json\/wp\/v2\/types\/page"}],"author":[{"embeddable":true,"href":"https:\/\/gembapartner.com\/jp\/wp-json\/wp\/v2\/users\/1"}],"replies":[{"embeddable":true,"href":"https:\/\/gembapartner.com\/jp\/wp-json\/wp\/v2\/comments?post=988288"}],"version-history":[{"count":0,"href":"https:\/\/gembapartner.com\/jp\/wp-json\/wp\/v2\/pages\/988288\/revisions"}],"up":[{"embeddable":true,"href":"https:\/\/gembapartner.com\/jp\/wp-json\/wp\/v2\/pages\/988362"}],"wp:featuredmedia":[{"embeddable":true,"href":"https:\/\/gembapartner.com\/jp\/wp-json\/wp\/v2\/media\/988296"}],"wp:attachment":[{"href":"https:\/\/gembapartner.com\/jp\/wp-json\/wp\/v2\/media?parent=988288"}],"curies":[{"name":"wp","href":"https:\/\/api.w.org\/{rel}","templated":true}]}}